{"id":20696,"date":"2025-01-21T14:51:58","date_gmt":"2025-01-21T13:51:58","guid":{"rendered":"https:\/\/vitalstoffversand.com\/produkt\/alphavitalis-extrato-de-casca-de-pinheiro-opc-240-capsulas\/"},"modified":"2026-03-11T13:30:47","modified_gmt":"2026-03-11T12:30:47","slug":"alphavitalis-extrato-de-casca-de-pinheiro-opc-240-capsulas","status":"publish","type":"product","link":"https:\/\/vitalstoffversand.com\/pt-pt\/produto\/alphavitalis-extrato-de-casca-de-pinheiro-opc-240-capsulas\/","title":{"rendered":"alphavitalis <br>Extrato de casca de pinheiro (OPC) &#8211; 240 c\u00e1psulas"},"content":{"rendered":"<p>Um produto TOP entre os extractos de casca de pinheiro.<\/p>\n<p>Cada c\u00e1psula cont\u00e9m 250 mg de extrato de casca de pinheiro com uma dose elevada de 95% de proantocianidinas e mais de 80 mg de OPC genu\u00edna, bem como vitamina C do extrato de rosa mosqueta.<\/p>\n<ul>\n<li>Vegano<\/li>\n<li>Sem gl\u00faten<\/li>\n<li>Sem lactose<\/li>\n<li>Sem OGM<\/li>\n<li>Testado em laborat\u00f3rio quanto \u00e0 presen\u00e7a de subst\u00e2ncias nocivas e ao teor de OPC<\/li>\n<li>Produzido de acordo com rigorosos padr\u00f5es de qualidade da UE<\/li>\n<\/ul>\n","protected":false},"excerpt":{"rendered":"<p>Um produto TOP entre os extractos de casca de pinheiro. Cada c\u00e1psula cont\u00e9m 250 mg de extrato de casca de pinheiro com uma dose elevada de 95% de proantocianidinas e mais de 80 mg de OPC genu\u00edna, bem como vitamina C do extrato de rosa mosqueta. Vegano Sem gl\u00faten Sem lactose Sem OGM Testado em [&hellip;]<\/p>\n","protected":false},"featured_media":40545,"template":"","meta":{"_acf_changed":false},"product_brand":[10193],"product_cat":[559,537],"product_tag":[],"class_list":{"0":"post-20696","1":"product","2":"type-product","3":"status-publish","4":"has-post-thumbnail","6":"product_brand-alphavitalis-pt-pt","7":"product_cat-nutrientes","8":"product_cat-produtos-de-a-z","10":"first","11":"instock","12":"taxable","13":"shipping-taxable","14":"purchasable","15":"product-type-simple"},"acf":[],"_links":{"self":[{"href":"https:\/\/vitalstoffversand.com\/pt-pt\/wp-json\/wp\/v2\/product\/20696","targetHints":{"allow":["GET"]}}],"collection":[{"href":"https:\/\/vitalstoffversand.com\/pt-pt\/wp-json\/wp\/v2\/product"}],"about":[{"href":"https:\/\/vitalstoffversand.com\/pt-pt\/wp-json\/wp\/v2\/types\/product"}],"wp:featuredmedia":[{"embeddable":true,"href":"https:\/\/vitalstoffversand.com\/pt-pt\/wp-json\/wp\/v2\/media\/40545"}],"wp:attachment":[{"href":"https:\/\/vitalstoffversand.com\/pt-pt\/wp-json\/wp\/v2\/media?parent=20696"}],"wp:term":[{"taxonomy":"product_brand","embeddable":true,"href":"https:\/\/vitalstoffversand.com\/pt-pt\/wp-json\/wp\/v2\/product_brand?post=20696"},{"taxonomy":"product_cat","embeddable":true,"href":"https:\/\/vitalstoffversand.com\/pt-pt\/wp-json\/wp\/v2\/product_cat?post=20696"},{"taxonomy":"product_tag","embeddable":true,"href":"https:\/\/vitalstoffversand.com\/pt-pt\/wp-json\/wp\/v2\/product_tag?post=20696"}],"curies":[{"name":"wp","href":"https:\/\/api.w.org\/{rel}","templated":true}]}}