{"id":20498,"date":"2024-10-30T16:23:34","date_gmt":"2024-10-30T15:23:34","guid":{"rendered":"https:\/\/vitalstoffversand.com\/produkt\/vit4ever-saw-palmetto-extrato-de-saw-palmetto-180-capsulas\/"},"modified":"2026-03-12T15:27:13","modified_gmt":"2026-03-12T14:27:13","slug":"vit4ever-saw-palmetto-extrato-de-saw-palmetto-180-capsulas","status":"publish","type":"product","link":"https:\/\/vitalstoffversand.com\/pt-pt\/produto\/vit4ever-saw-palmetto-extrato-de-saw-palmetto-180-capsulas\/","title":{"rendered":"Vit4ever <br>Extrato de Saw Palmetto &#8211; 180 c\u00e1psulas"},"content":{"rendered":"<p>Os frutos da palmeira serrote (Serenoa repens) s\u00e3o ricos em fitoester\u00f3is e \u00e1cidos gordos e s\u00e3o utilizados na medicina para tratar a hiperplasia benigna da pr\u00f3stata nos homens.<\/p>\n<p>Os efeitos frequentemente propagados, por exemplo, contra o cancro da pr\u00f3stata, a queda de cabelo, etc., s\u00e3o bem poss\u00edveis, mas n\u00e3o suficientemente comprovados.<\/p>\n<ul>\n<li>Vegano<\/li>\n<li>Sem gl\u00faten<\/li>\n<li>Sem lactose<\/li>\n<li>Sem OGM<\/li>\n<li>Produzido de acordo com rigorosos padr\u00f5es de qualidade da UE<\/li>\n<\/ul>\n","protected":false},"excerpt":{"rendered":"<p>Os frutos da palmeira serrote (Serenoa repens) s\u00e3o ricos em fitoester\u00f3is e \u00e1cidos gordos e s\u00e3o utilizados na medicina para tratar a hiperplasia benigna da pr\u00f3stata nos homens. Os efeitos frequentemente propagados, por exemplo, contra o cancro da pr\u00f3stata, a queda de cabelo, etc., s\u00e3o bem poss\u00edveis, mas n\u00e3o suficientemente comprovados. Vegano Sem gl\u00faten Sem [&hellip;]<\/p>\n","protected":false},"featured_media":49543,"template":"","meta":{"_acf_changed":false},"product_brand":[10221],"product_cat":[559,537],"product_tag":[],"class_list":{"0":"post-20498","1":"product","2":"type-product","3":"status-publish","4":"has-post-thumbnail","6":"product_brand-vit4ever-pt-pt","7":"product_cat-nutrientes","8":"product_cat-produtos-de-a-z","10":"first","11":"instock","12":"taxable","13":"shipping-taxable","14":"purchasable","15":"product-type-simple"},"acf":[],"_links":{"self":[{"href":"https:\/\/vitalstoffversand.com\/pt-pt\/wp-json\/wp\/v2\/product\/20498","targetHints":{"allow":["GET"]}}],"collection":[{"href":"https:\/\/vitalstoffversand.com\/pt-pt\/wp-json\/wp\/v2\/product"}],"about":[{"href":"https:\/\/vitalstoffversand.com\/pt-pt\/wp-json\/wp\/v2\/types\/product"}],"wp:featuredmedia":[{"embeddable":true,"href":"https:\/\/vitalstoffversand.com\/pt-pt\/wp-json\/wp\/v2\/media\/49543"}],"wp:attachment":[{"href":"https:\/\/vitalstoffversand.com\/pt-pt\/wp-json\/wp\/v2\/media?parent=20498"}],"wp:term":[{"taxonomy":"product_brand","embeddable":true,"href":"https:\/\/vitalstoffversand.com\/pt-pt\/wp-json\/wp\/v2\/product_brand?post=20498"},{"taxonomy":"product_cat","embeddable":true,"href":"https:\/\/vitalstoffversand.com\/pt-pt\/wp-json\/wp\/v2\/product_cat?post=20498"},{"taxonomy":"product_tag","embeddable":true,"href":"https:\/\/vitalstoffversand.com\/pt-pt\/wp-json\/wp\/v2\/product_tag?post=20498"}],"curies":[{"name":"wp","href":"https:\/\/api.w.org\/{rel}","templated":true}]}}