{"id":20495,"date":"2024-10-30T15:19:50","date_gmt":"2024-10-30T14:19:50","guid":{"rendered":"https:\/\/vitalstoffversand.com\/produkt\/vit4ever-vitamina-c-1000-mg-365-comprimidos\/"},"modified":"2026-03-12T15:22:58","modified_gmt":"2026-03-12T14:22:58","slug":"vit4ever-vitamina-c-1000-mg-365-comprimidos","status":"publish","type":"product","link":"https:\/\/vitalstoffversand.com\/pt-pt\/produto\/vit4ever-vitamina-c-1000-mg-365-comprimidos\/","title":{"rendered":"Vit4ever <br>Vitamina C 1000 mg &#8211; 365 comprimidos"},"content":{"rendered":"<p>A vitamina C \u00e9 uma vitamina muito vers\u00e1til e extremamente importante, tamb\u00e9m conhecida como \u00e1cido asc\u00f3rbico.<\/p>\n<p>Uma vez que a <a href=\"https:\/\/vitalstoffversand.com\/knowledge-base\/vitamin-c\/\" target=\"_blank\" rel=\"noopener\"><strong><span style=\"color: #0000ff;\">\u2192 vitamina C<\/span><\/strong><\/a> \u00e9 hidrossol\u00favel e n\u00e3o pode ser produzida pelo pr\u00f3prio corpo, deve ser permanentemente fornecida ao organismo.<\/p>\n<p>Devido \u00e0 composi\u00e7\u00e3o especial dos ingredientes, a vitamina C neste produto \u00e9 libertada com um atraso de tempo para que o corpo seja fornecido durante v\u00e1rias horas.<\/p>\n<ul>\n<li>Vegano<\/li>\n<li>Sem gl\u00faten<\/li>\n<li>Sem lactose<\/li>\n<li>Sem OGM<\/li>\n<li>Produzido de acordo com rigorosos padr\u00f5es de qualidade da UE<\/li>\n<\/ul>\n","protected":false},"excerpt":{"rendered":"<p>A vitamina C \u00e9 uma vitamina muito vers\u00e1til e extremamente importante, tamb\u00e9m conhecida como \u00e1cido asc\u00f3rbico. Uma vez que a \u2192 vitamina C \u00e9 hidrossol\u00favel e n\u00e3o pode ser produzida pelo pr\u00f3prio corpo, deve ser permanentemente fornecida ao organismo. Devido \u00e0 composi\u00e7\u00e3o especial dos ingredientes, a vitamina C neste produto \u00e9 libertada com um atraso [&hellip;]<\/p>\n","protected":false},"featured_media":49503,"template":"","meta":{"_acf_changed":false},"product_brand":[10221],"product_cat":[563,537],"product_tag":[],"class_list":{"0":"post-20495","1":"product","2":"type-product","3":"status-publish","4":"has-post-thumbnail","6":"product_brand-vit4ever-pt-pt","7":"product_cat-vitaminas-pt","8":"product_cat-produtos-de-a-z","10":"first","11":"instock","12":"taxable","13":"shipping-taxable","14":"purchasable","15":"product-type-simple"},"acf":[],"_links":{"self":[{"href":"https:\/\/vitalstoffversand.com\/pt-pt\/wp-json\/wp\/v2\/product\/20495","targetHints":{"allow":["GET"]}}],"collection":[{"href":"https:\/\/vitalstoffversand.com\/pt-pt\/wp-json\/wp\/v2\/product"}],"about":[{"href":"https:\/\/vitalstoffversand.com\/pt-pt\/wp-json\/wp\/v2\/types\/product"}],"wp:featuredmedia":[{"embeddable":true,"href":"https:\/\/vitalstoffversand.com\/pt-pt\/wp-json\/wp\/v2\/media\/49503"}],"wp:attachment":[{"href":"https:\/\/vitalstoffversand.com\/pt-pt\/wp-json\/wp\/v2\/media?parent=20495"}],"wp:term":[{"taxonomy":"product_brand","embeddable":true,"href":"https:\/\/vitalstoffversand.com\/pt-pt\/wp-json\/wp\/v2\/product_brand?post=20495"},{"taxonomy":"product_cat","embeddable":true,"href":"https:\/\/vitalstoffversand.com\/pt-pt\/wp-json\/wp\/v2\/product_cat?post=20495"},{"taxonomy":"product_tag","embeddable":true,"href":"https:\/\/vitalstoffversand.com\/pt-pt\/wp-json\/wp\/v2\/product_tag?post=20495"}],"curies":[{"name":"wp","href":"https:\/\/api.w.org\/{rel}","templated":true}]}}