{"id":20488,"date":"2024-10-30T15:02:43","date_gmt":"2024-10-30T14:02:43","guid":{"rendered":"https:\/\/vitalstoffversand.com\/produkt\/vit4ever-vitamina-e-400-u-i-365-capsulas\/"},"modified":"2026-03-12T15:19:30","modified_gmt":"2026-03-12T14:19:30","slug":"vit4ever-vitamina-e-400-u-i-365-capsulas","status":"publish","type":"product","link":"https:\/\/vitalstoffversand.com\/pt-pt\/produto\/vit4ever-vitamina-e-400-u-i-365-capsulas\/","title":{"rendered":"Vit4ever <br>Vitamina E 400 U.I. &#8211; 365 c\u00e1psulas"},"content":{"rendered":"<p>Vitamina E natural na forma de D-alfa-tocoferol proveniente do girassol.<\/p>\n<p><a href=\"https:\/\/vitalstoffversand.com\/knowledge-base\/vitamin-e\/\" target=\"_blank\" rel=\"noopener\"><strong><span style=\"color: #0000ff;\">\u2192 A vitamina E<\/span><\/strong><\/a> \u00e9 uma vitamina lipossol\u00favel e \u00e9 armazenada pelo organismo, pelo que pode ser tomada com v\u00e1rios dias de intervalo devido \u00e0 dose \u00fanica elevada.<\/p>\n<ul>\n<li>Sem gl\u00faten<\/li>\n<li>Sem lactose<\/li>\n<li>Sem OGM<\/li>\n<li>Produzido de acordo com rigorosos padr\u00f5es de qualidade da UE<\/li>\n<\/ul>\n","protected":false},"excerpt":{"rendered":"<p>Vitamina E natural na forma de D-alfa-tocoferol proveniente do girassol. \u2192 A vitamina E \u00e9 uma vitamina lipossol\u00favel e \u00e9 armazenada pelo organismo, pelo que pode ser tomada com v\u00e1rios dias de intervalo devido \u00e0 dose \u00fanica elevada. Sem gl\u00faten Sem lactose Sem OGM Produzido de acordo com rigorosos padr\u00f5es de qualidade da UE<\/p>\n","protected":false},"featured_media":49463,"template":"","meta":{"_acf_changed":false},"product_brand":[10221],"product_cat":[563,537],"product_tag":[],"class_list":{"0":"post-20488","1":"product","2":"type-product","3":"status-publish","4":"has-post-thumbnail","6":"product_brand-vit4ever-pt-pt","7":"product_cat-vitaminas-pt","8":"product_cat-produtos-de-a-z","10":"first","11":"instock","12":"taxable","13":"shipping-taxable","14":"purchasable","15":"product-type-simple"},"acf":[],"_links":{"self":[{"href":"https:\/\/vitalstoffversand.com\/pt-pt\/wp-json\/wp\/v2\/product\/20488","targetHints":{"allow":["GET"]}}],"collection":[{"href":"https:\/\/vitalstoffversand.com\/pt-pt\/wp-json\/wp\/v2\/product"}],"about":[{"href":"https:\/\/vitalstoffversand.com\/pt-pt\/wp-json\/wp\/v2\/types\/product"}],"wp:featuredmedia":[{"embeddable":true,"href":"https:\/\/vitalstoffversand.com\/pt-pt\/wp-json\/wp\/v2\/media\/49463"}],"wp:attachment":[{"href":"https:\/\/vitalstoffversand.com\/pt-pt\/wp-json\/wp\/v2\/media?parent=20488"}],"wp:term":[{"taxonomy":"product_brand","embeddable":true,"href":"https:\/\/vitalstoffversand.com\/pt-pt\/wp-json\/wp\/v2\/product_brand?post=20488"},{"taxonomy":"product_cat","embeddable":true,"href":"https:\/\/vitalstoffversand.com\/pt-pt\/wp-json\/wp\/v2\/product_cat?post=20488"},{"taxonomy":"product_tag","embeddable":true,"href":"https:\/\/vitalstoffversand.com\/pt-pt\/wp-json\/wp\/v2\/product_tag?post=20488"}],"curies":[{"name":"wp","href":"https:\/\/api.w.org\/{rel}","templated":true}]}}