{"id":67071,"date":"2026-03-26T12:59:08","date_gmt":"2026-03-26T11:59:08","guid":{"rendered":"https:\/\/vitalstoffversand.com\/?post_type=product&#038;p=67071"},"modified":"2026-04-03T11:39:07","modified_gmt":"2026-04-03T09:39:07","slug":"gen-monohydrat-kreatyny-w-proszku-torebka-1000-g-kopie","status":"publish","type":"product","link":"https:\/\/vitalstoffversand.com\/pl\/produkt-pl\/gen-monohydrat-kreatyny-w-proszku-torebka-1000-g-kopie\/","title":{"rendered":"GEN <br>Monohydrat kreatyny w proszku \u2013 torebka \u2013 1000 g (Kopie)"},"content":{"rendered":"<p>Prawie ka\u017cdy sportowiec lub entuzjasta fitnessu wie, czym jest <strong><span style=\"color: #0000ff;\"><a href=\"https:\/\/vitalstoffversand.com\/knowledge-base\/creatin-kreatin\/\" target=\"_blank\" rel=\"noopener\">\u2192 monohydrat kreatyny<\/a><\/span><\/strong>. Wielu z nich regularnie z niego korzysta lub s\u0142ysza\u0142o o nim.<\/p>\n<p>Kreatyna jest przydatna, poniewa\u017c s\u0142u\u017cy organizmowi jako magazyn energii.<\/p>\n<p>Chocia\u017c kreatyna jest produkowana przez nasz organizm, warto wspomaga\u0107 go podczas aktywno\u015bci fizycznej poprzez suplementacj\u0119 kreatyn\u0105.<\/p>\n<ul>\n<li>Wegan<\/li>\n<li>Bez glutenu<\/li>\n<li>Bez laktozy<\/li>\n<li>Bez GMO<\/li>\n<li>Wyprodukowane zgodnie z surowymi normami jako\u015bci UE<\/li>\n<\/ul>\n","protected":false},"excerpt":{"rendered":"<p>Prawie ka\u017cdy sportowiec lub entuzjasta fitnessu wie, czym jest \u2192 monohydrat kreatyny. Wielu z nich regularnie z niego korzysta lub s\u0142ysza\u0142o o nim. Kreatyna jest przydatna, poniewa\u017c s\u0142u\u017cy organizmowi jako magazyn energii. Chocia\u017c kreatyna jest produkowana przez nasz organizm, warto wspomaga\u0107 go podczas aktywno\u015bci fizycznej poprzez suplementacj\u0119 kreatyn\u0105. Wegan Bez glutenu Bez laktozy Bez GMO [&hellip;]<\/p>\n","protected":false},"featured_media":64722,"template":"","meta":{"_acf_changed":false},"product_brand":[10199],"product_cat":[561,569],"product_tag":[],"class_list":{"0":"post-67071","1":"product","2":"type-product","3":"status-publish","4":"has-post-thumbnail","6":"product_brand-gen-german-elite-nutrition-pl","7":"product_cat-suplementy-sportowe","8":"product_cat-produkty-od-a-z","10":"first","11":"instock","12":"taxable","13":"shipping-taxable","14":"purchasable","15":"product-type-simple"},"acf":[],"_links":{"self":[{"href":"https:\/\/vitalstoffversand.com\/pl\/wp-json\/wp\/v2\/product\/67071","targetHints":{"allow":["GET"]}}],"collection":[{"href":"https:\/\/vitalstoffversand.com\/pl\/wp-json\/wp\/v2\/product"}],"about":[{"href":"https:\/\/vitalstoffversand.com\/pl\/wp-json\/wp\/v2\/types\/product"}],"wp:featuredmedia":[{"embeddable":true,"href":"https:\/\/vitalstoffversand.com\/pl\/wp-json\/wp\/v2\/media\/64722"}],"wp:attachment":[{"href":"https:\/\/vitalstoffversand.com\/pl\/wp-json\/wp\/v2\/media?parent=67071"}],"wp:term":[{"taxonomy":"product_brand","embeddable":true,"href":"https:\/\/vitalstoffversand.com\/pl\/wp-json\/wp\/v2\/product_brand?post=67071"},{"taxonomy":"product_cat","embeddable":true,"href":"https:\/\/vitalstoffversand.com\/pl\/wp-json\/wp\/v2\/product_cat?post=67071"},{"taxonomy":"product_tag","embeddable":true,"href":"https:\/\/vitalstoffversand.com\/pl\/wp-json\/wp\/v2\/product_tag?post=67071"}],"curies":[{"name":"wp","href":"https:\/\/api.w.org\/{rel}","templated":true}]}}