{"id":66836,"date":"2026-01-09T14:31:58","date_gmt":"2026-01-09T13:31:58","guid":{"rendered":"https:\/\/vitalstoffversand.com\/produkt\/vit4ever-kompleks-pms-balance-180-kapsulek\/"},"modified":"2026-03-21T15:52:32","modified_gmt":"2026-03-21T14:52:32","slug":"vit4ever-kompleks-pms-balance-180-kapsulek","status":"publish","type":"product","link":"https:\/\/vitalstoffversand.com\/pl\/produkt-pl\/vit4ever-kompleks-pms-balance-180-kapsulek\/","title":{"rendered":"Vit4ever <br>Kompleks PMS Balance \u2013 180 kapsu\u0142ek"},"content":{"rendered":"<p>Kompleks PMS Balance to starannie dobrana mieszanka witamin, minera\u0142\u00f3w i ekstrakt\u00f3w ro\u015blinnych, kt\u00f3ra mo\u017ce stanowi\u0107 wsparcie dla kobiet, zw\u0142aszcza w okresach zmian hormonalnych.<\/p>\n<p>Sk\u0142adniki aktywne, takie jak ekstrakt z szafranu Affron\u00ae, kwas foliowy Biofolate\u00ae, r\u00f3\u017ce\u0144iec g\u00f3rski, ashwagandha, pieprz mnich\u00f3w, a tak\u017ce magnez, witamina B6, B12, \u017celazo i cynk, doskonale si\u0119 tutaj uzupe\u0142niaj\u0105.<\/p>\n<ul>\n<li>Wegan<\/li>\n<li>Bez glutenu<\/li>\n<li>Bez laktozy<\/li>\n<li>Bez GMO<\/li>\n<li>Wyprodukowane zgodnie z surowymi normami jako\u015bci UE<\/li>\n<\/ul>\n","protected":false},"excerpt":{"rendered":"<p>Kompleks PMS Balance to starannie dobrana mieszanka witamin, minera\u0142\u00f3w i ekstrakt\u00f3w ro\u015blinnych, kt\u00f3ra mo\u017ce stanowi\u0107 wsparcie dla kobiet, zw\u0142aszcza w okresach zmian hormonalnych. Sk\u0142adniki aktywne, takie jak ekstrakt z szafranu Affron\u00ae, kwas foliowy Biofolate\u00ae, r\u00f3\u017ce\u0144iec g\u00f3rski, ashwagandha, pieprz mnich\u00f3w, a tak\u017ce magnez, witamina B6, B12, \u017celazo i cynk, doskonale si\u0119 tutaj uzupe\u0142niaj\u0105. Wegan Bez glutenu [&hellip;]<\/p>\n","protected":false},"featured_media":66830,"template":"","meta":{"_acf_changed":false},"product_brand":[10220],"product_cat":[560,569],"product_tag":[],"class_list":{"0":"post-66836","1":"product","2":"type-product","3":"status-publish","4":"has-post-thumbnail","6":"product_brand-vit4ever-pl","7":"product_cat-skladniki-odzywcze","8":"product_cat-produkty-od-a-z","10":"first","11":"instock","12":"taxable","13":"shipping-taxable","14":"purchasable","15":"product-type-simple"},"acf":[],"_links":{"self":[{"href":"https:\/\/vitalstoffversand.com\/pl\/wp-json\/wp\/v2\/product\/66836","targetHints":{"allow":["GET"]}}],"collection":[{"href":"https:\/\/vitalstoffversand.com\/pl\/wp-json\/wp\/v2\/product"}],"about":[{"href":"https:\/\/vitalstoffversand.com\/pl\/wp-json\/wp\/v2\/types\/product"}],"wp:featuredmedia":[{"embeddable":true,"href":"https:\/\/vitalstoffversand.com\/pl\/wp-json\/wp\/v2\/media\/66830"}],"wp:attachment":[{"href":"https:\/\/vitalstoffversand.com\/pl\/wp-json\/wp\/v2\/media?parent=66836"}],"wp:term":[{"taxonomy":"product_brand","embeddable":true,"href":"https:\/\/vitalstoffversand.com\/pl\/wp-json\/wp\/v2\/product_brand?post=66836"},{"taxonomy":"product_cat","embeddable":true,"href":"https:\/\/vitalstoffversand.com\/pl\/wp-json\/wp\/v2\/product_cat?post=66836"},{"taxonomy":"product_tag","embeddable":true,"href":"https:\/\/vitalstoffversand.com\/pl\/wp-json\/wp\/v2\/product_tag?post=66836"}],"curies":[{"name":"wp","href":"https:\/\/api.w.org\/{rel}","templated":true}]}}