{"id":66724,"date":"2026-01-09T14:20:14","date_gmt":"2026-01-09T13:20:14","guid":{"rendered":"https:\/\/vitalstoffversand.com\/produkt\/vit4ever-myo-inozytol-240-kapsulek\/"},"modified":"2026-03-21T15:52:39","modified_gmt":"2026-03-21T14:52:39","slug":"vit4ever-myo-inozytol-240-kapsulek","status":"publish","type":"product","link":"https:\/\/vitalstoffversand.com\/pl\/produkt-pl\/vit4ever-myo-inozytol-240-kapsulek\/","title":{"rendered":"Vit4ever <br>Myo-inozytol \u2013 240 kapsu\u0142ek"},"content":{"rendered":"<p>Mio-inozytol jest naturalnym zwi\u0105zkiem, kt\u00f3ry bierze udzia\u0142 w wielu procesach metabolicznych w organizmie cz\u0142owieka i jest dostarczany wraz z po\u017cywieniem.<\/p>\n<p>Poniewa\u017c inozytol wyst\u0119puje g\u0142\u00f3wnie w owocach cytrusowych, ro\u015blinach str\u0105czkowych i zbo\u017cach, nie zawsze mo\u017cna zapewni\u0107 jego wystarczaj\u0105ce spo\u017cycie.<\/p>\n<ul>\n<li>Wegan<\/li>\n<li>Bez glutenu<\/li>\n<li>Bez laktozy<\/li>\n<li>Bez GMO<\/li>\n<li>Wyprodukowane zgodnie z surowymi normami jako\u015bci UE<\/li>\n<\/ul>\n","protected":false},"excerpt":{"rendered":"<p>Mio-inozytol jest naturalnym zwi\u0105zkiem, kt\u00f3ry bierze udzia\u0142 w wielu procesach metabolicznych w organizmie cz\u0142owieka i jest dostarczany wraz z po\u017cywieniem. Poniewa\u017c inozytol wyst\u0119puje g\u0142\u00f3wnie w owocach cytrusowych, ro\u015blinach str\u0105czkowych i zbo\u017cach, nie zawsze mo\u017cna zapewni\u0107 jego wystarczaj\u0105ce spo\u017cycie. Wegan Bez glutenu Bez laktozy Bez GMO Wyprodukowane zgodnie z surowymi normami jako\u015bci UE<\/p>\n","protected":false},"featured_media":66719,"template":"","meta":{"_acf_changed":false},"product_brand":[10220],"product_cat":[560,569],"product_tag":[],"class_list":{"0":"post-66724","1":"product","2":"type-product","3":"status-publish","4":"has-post-thumbnail","6":"product_brand-vit4ever-pl","7":"product_cat-skladniki-odzywcze","8":"product_cat-produkty-od-a-z","10":"first","11":"instock","12":"taxable","13":"shipping-taxable","14":"purchasable","15":"product-type-simple"},"acf":[],"_links":{"self":[{"href":"https:\/\/vitalstoffversand.com\/pl\/wp-json\/wp\/v2\/product\/66724","targetHints":{"allow":["GET"]}}],"collection":[{"href":"https:\/\/vitalstoffversand.com\/pl\/wp-json\/wp\/v2\/product"}],"about":[{"href":"https:\/\/vitalstoffversand.com\/pl\/wp-json\/wp\/v2\/types\/product"}],"wp:featuredmedia":[{"embeddable":true,"href":"https:\/\/vitalstoffversand.com\/pl\/wp-json\/wp\/v2\/media\/66719"}],"wp:attachment":[{"href":"https:\/\/vitalstoffversand.com\/pl\/wp-json\/wp\/v2\/media?parent=66724"}],"wp:term":[{"taxonomy":"product_brand","embeddable":true,"href":"https:\/\/vitalstoffversand.com\/pl\/wp-json\/wp\/v2\/product_brand?post=66724"},{"taxonomy":"product_cat","embeddable":true,"href":"https:\/\/vitalstoffversand.com\/pl\/wp-json\/wp\/v2\/product_cat?post=66724"},{"taxonomy":"product_tag","embeddable":true,"href":"https:\/\/vitalstoffversand.com\/pl\/wp-json\/wp\/v2\/product_tag?post=66724"}],"curies":[{"name":"wp","href":"https:\/\/api.w.org\/{rel}","templated":true}]}}