{"id":66695,"date":"2026-02-24T14:14:24","date_gmt":"2026-02-24T13:14:24","guid":{"rendered":"https:\/\/vitalstoffversand.com\/produkt\/vit4ever-ekstrakt-z-kadzidla-240-kapsulek\/"},"modified":"2026-03-21T15:52:05","modified_gmt":"2026-03-21T14:52:05","slug":"vit4ever-ekstrakt-z-kadzidla-240-kapsulek","status":"publish","type":"product","link":"https:\/\/vitalstoffversand.com\/pl\/produkt-pl\/vit4ever-ekstrakt-z-kadzidla-240-kapsulek\/","title":{"rendered":"Vit4ever <br>Ekstrakt z kadzid\u0142a \u2013 240 kapsu\u0142ek"},"content":{"rendered":"<p>Kadzid\u0142o to naturalna \u017cywica (olibanum), ceniona od tysi\u0119cy lat zar\u00f3wno w ajurwedyjskiej medycynie ludowej, jak i przez staro\u017cytnych Egipcjan.<\/p>\n<p>Opr\u00f3cz olejk\u00f3w eterycznych \u017cywica zawiera r\u00f3wnie\u017c kwasy bosweliowe, kt\u00f3re stymuluj\u0105 dzia\u0142anie enzymu odpowiedzialnego za wytwarzanie leukotrien\u00f3w o dzia\u0142aniu przeciwzapalnym, dzi\u0119ki czemu kadzid\u0142o jest tradycyjnie stosowane jako naturalny \u015brodek \u0142agodz\u0105cy dolegliwo\u015bci staw\u00f3w i zapalenia jelit.<\/p>\n<ul>\n<li>Wegan<\/li>\n<li>Bez glutenu<\/li>\n<li>Bez laktozy<\/li>\n<li>Bez GMO<\/li>\n<li>Wyprodukowane zgodnie z surowymi normami jako\u015bci UE<\/li>\n<\/ul>\n","protected":false},"excerpt":{"rendered":"<p>Kadzid\u0142o to naturalna \u017cywica (olibanum), ceniona od tysi\u0119cy lat zar\u00f3wno w ajurwedyjskiej medycynie ludowej, jak i przez staro\u017cytnych Egipcjan. Opr\u00f3cz olejk\u00f3w eterycznych \u017cywica zawiera r\u00f3wnie\u017c kwasy bosweliowe, kt\u00f3re stymuluj\u0105 dzia\u0142anie enzymu odpowiedzialnego za wytwarzanie leukotrien\u00f3w o dzia\u0142aniu przeciwzapalnym, dzi\u0119ki czemu kadzid\u0142o jest tradycyjnie stosowane jako naturalny \u015brodek \u0142agodz\u0105cy dolegliwo\u015bci staw\u00f3w i zapalenia jelit. Wegan Bez [&hellip;]<\/p>\n","protected":false},"featured_media":66690,"template":"","meta":{"_acf_changed":false},"product_brand":[10220],"product_cat":[560,569],"product_tag":[],"class_list":{"0":"post-66695","1":"product","2":"type-product","3":"status-publish","4":"has-post-thumbnail","6":"product_brand-vit4ever-pl","7":"product_cat-skladniki-odzywcze","8":"product_cat-produkty-od-a-z","10":"first","11":"instock","12":"taxable","13":"shipping-taxable","14":"purchasable","15":"product-type-simple"},"acf":[],"_links":{"self":[{"href":"https:\/\/vitalstoffversand.com\/pl\/wp-json\/wp\/v2\/product\/66695","targetHints":{"allow":["GET"]}}],"collection":[{"href":"https:\/\/vitalstoffversand.com\/pl\/wp-json\/wp\/v2\/product"}],"about":[{"href":"https:\/\/vitalstoffversand.com\/pl\/wp-json\/wp\/v2\/types\/product"}],"wp:featuredmedia":[{"embeddable":true,"href":"https:\/\/vitalstoffversand.com\/pl\/wp-json\/wp\/v2\/media\/66690"}],"wp:attachment":[{"href":"https:\/\/vitalstoffversand.com\/pl\/wp-json\/wp\/v2\/media?parent=66695"}],"wp:term":[{"taxonomy":"product_brand","embeddable":true,"href":"https:\/\/vitalstoffversand.com\/pl\/wp-json\/wp\/v2\/product_brand?post=66695"},{"taxonomy":"product_cat","embeddable":true,"href":"https:\/\/vitalstoffversand.com\/pl\/wp-json\/wp\/v2\/product_cat?post=66695"},{"taxonomy":"product_tag","embeddable":true,"href":"https:\/\/vitalstoffversand.com\/pl\/wp-json\/wp\/v2\/product_tag?post=66695"}],"curies":[{"name":"wp","href":"https:\/\/api.w.org\/{rel}","templated":true}]}}