{"id":66544,"date":"2025-10-31T18:28:39","date_gmt":"2025-10-31T17:28:39","guid":{"rendered":"https:\/\/vitalstoffversand.com\/produkt\/vit4ever-yummy-vegan-protein-rozne-smaki\/"},"modified":"2025-10-31T18:28:39","modified_gmt":"2025-10-31T17:28:39","slug":"vit4ever-yummy-vegan-protein-rozne-smaki","status":"publish","type":"product","link":"https:\/\/vitalstoffversand.com\/pl\/produkt-pl\/vit4ever-yummy-vegan-protein-rozne-smaki\/","title":{"rendered":"Vit4ever <br>Yummy Vegan Protein \u2013 r\u00f3\u017cne smaki"},"content":{"rendered":"<p>Najnowsze osi\u0105gni\u0119cia naukowe w dziedzinie \u017cywienia w po\u0142\u0105czeniu z pe\u0142nym smakiem i profilem aminokwasowym dostosowanym do potrzeb sportowc\u00f3w.<\/p>\n<p>Bia\u0142ko ro\u015blinne w 8 pysznych smakach.<\/p>\n<p>W opakowaniu o wadze 908 gram\u00f3w lub, w zale\u017cno\u015bci od wyboru, w opakowaniu pr\u00f3bnym lub porcjowanym.<\/p>\n<ul>\n<li>Wegan<\/li>\n<li>Bez glutenu<\/li>\n<li>Bez laktozy<\/li>\n<li>Bez GMO<\/li>\n<li>Wyprodukowane zgodnie z surowymi normami jako\u015bci UE<\/li>\n<\/ul>\n","protected":false},"excerpt":{"rendered":"<p>Najnowsze osi\u0105gni\u0119cia naukowe w dziedzinie \u017cywienia w po\u0142\u0105czeniu z pe\u0142nym smakiem i profilem aminokwasowym dostosowanym do potrzeb sportowc\u00f3w. Bia\u0142ko ro\u015blinne w 8 pysznych smakach. W opakowaniu o wadze 908 gram\u00f3w lub, w zale\u017cno\u015bci od wyboru, w opakowaniu pr\u00f3bnym lub porcjowanym. Wegan Bez glutenu Bez laktozy Bez GMO Wyprodukowane zgodnie z surowymi normami jako\u015bci UE<\/p>\n","protected":false},"featured_media":66512,"template":"","meta":{"_acf_changed":false},"product_brand":[10220],"product_cat":[557,569],"product_tag":[],"class_list":{"0":"post-66544","1":"product","2":"type-product","3":"status-publish","4":"has-post-thumbnail","6":"product_brand-vit4ever-pl","7":"product_cat-bialka","8":"product_cat-produkty-od-a-z","10":"first","11":"instock","12":"taxable","13":"shipping-taxable","14":"purchasable","15":"product-type-variable"},"acf":[],"_links":{"self":[{"href":"https:\/\/vitalstoffversand.com\/pl\/wp-json\/wp\/v2\/product\/66544","targetHints":{"allow":["GET"]}}],"collection":[{"href":"https:\/\/vitalstoffversand.com\/pl\/wp-json\/wp\/v2\/product"}],"about":[{"href":"https:\/\/vitalstoffversand.com\/pl\/wp-json\/wp\/v2\/types\/product"}],"wp:featuredmedia":[{"embeddable":true,"href":"https:\/\/vitalstoffversand.com\/pl\/wp-json\/wp\/v2\/media\/66512"}],"wp:attachment":[{"href":"https:\/\/vitalstoffversand.com\/pl\/wp-json\/wp\/v2\/media?parent=66544"}],"wp:term":[{"taxonomy":"product_brand","embeddable":true,"href":"https:\/\/vitalstoffversand.com\/pl\/wp-json\/wp\/v2\/product_brand?post=66544"},{"taxonomy":"product_cat","embeddable":true,"href":"https:\/\/vitalstoffversand.com\/pl\/wp-json\/wp\/v2\/product_cat?post=66544"},{"taxonomy":"product_tag","embeddable":true,"href":"https:\/\/vitalstoffversand.com\/pl\/wp-json\/wp\/v2\/product_tag?post=66544"}],"curies":[{"name":"wp","href":"https:\/\/api.w.org\/{rel}","templated":true}]}}