{"id":66420,"date":"2025-10-08T13:35:08","date_gmt":"2025-10-08T11:35:08","guid":{"rendered":"https:\/\/vitalstoffversand.com\/produkt\/vit4ever-daily-greens-fibers-600-g-rozne-rodzaje\/"},"modified":"2025-10-08T13:35:08","modified_gmt":"2025-10-08T11:35:08","slug":"vit4ever-daily-greens-fibers-600-g-rozne-rodzaje","status":"publish","type":"product","link":"https:\/\/vitalstoffversand.com\/pl\/produkt-pl\/vit4ever-daily-greens-fibers-600-g-rozne-rodzaje\/","title":{"rendered":"Vit4ever <br>Daily Greens &amp; Fibers \u2013 600 g \u2013 r\u00f3\u017cne smaki"},"content":{"rendered":"<p>Skoncentrowana moc ro\u015blin w postaci proszku.<\/p>\n<p>Daily Greens &amp; Fibers, dost\u0119pny w dw\u00f3ch smakach, dostarcza bogactwo b\u0142onnika, \u201esuperfoods\u201d oraz funkcjonalnych ekstrakt\u00f3w ro\u015blinnych.<\/p>\n<ul>\n<li>Wegan<\/li>\n<li>Bez glutenu<\/li>\n<li>Bez laktozy<\/li>\n<li>Bez GMO<\/li>\n<li>Wyprodukowane zgodnie z surowymi normami jako\u015bci UE<\/li>\n<\/ul>\n","protected":false},"excerpt":{"rendered":"<p>Skoncentrowana moc ro\u015blin w postaci proszku. Daily Greens &amp; Fibers, dost\u0119pny w dw\u00f3ch smakach, dostarcza bogactwo b\u0142onnika, \u201esuperfoods\u201d oraz funkcjonalnych ekstrakt\u00f3w ro\u015blinnych. Wegan Bez glutenu Bez laktozy Bez GMO Wyprodukowane zgodnie z surowymi normami jako\u015bci UE<\/p>\n","protected":false},"featured_media":58865,"template":"","meta":{"_acf_changed":false},"product_brand":[10220],"product_cat":[560,569],"product_tag":[],"class_list":{"0":"post-66420","1":"product","2":"type-product","3":"status-publish","4":"has-post-thumbnail","6":"product_brand-vit4ever-pl","7":"product_cat-skladniki-odzywcze","8":"product_cat-produkty-od-a-z","10":"first","11":"instock","12":"taxable","13":"shipping-taxable","14":"purchasable","15":"product-type-variable"},"acf":[],"_links":{"self":[{"href":"https:\/\/vitalstoffversand.com\/pl\/wp-json\/wp\/v2\/product\/66420","targetHints":{"allow":["GET"]}}],"collection":[{"href":"https:\/\/vitalstoffversand.com\/pl\/wp-json\/wp\/v2\/product"}],"about":[{"href":"https:\/\/vitalstoffversand.com\/pl\/wp-json\/wp\/v2\/types\/product"}],"wp:featuredmedia":[{"embeddable":true,"href":"https:\/\/vitalstoffversand.com\/pl\/wp-json\/wp\/v2\/media\/58865"}],"wp:attachment":[{"href":"https:\/\/vitalstoffversand.com\/pl\/wp-json\/wp\/v2\/media?parent=66420"}],"wp:term":[{"taxonomy":"product_brand","embeddable":true,"href":"https:\/\/vitalstoffversand.com\/pl\/wp-json\/wp\/v2\/product_brand?post=66420"},{"taxonomy":"product_cat","embeddable":true,"href":"https:\/\/vitalstoffversand.com\/pl\/wp-json\/wp\/v2\/product_cat?post=66420"},{"taxonomy":"product_tag","embeddable":true,"href":"https:\/\/vitalstoffversand.com\/pl\/wp-json\/wp\/v2\/product_tag?post=66420"}],"curies":[{"name":"wp","href":"https:\/\/api.w.org\/{rel}","templated":true}]}}