{"id":66391,"date":"2025-10-08T13:29:09","date_gmt":"2025-10-08T11:29:09","guid":{"rendered":"https:\/\/vitalstoffversand.com\/produkt\/vit4ever-maslan-sodu-180-kapsulek\/"},"modified":"2026-03-21T15:53:06","modified_gmt":"2026-03-21T14:53:06","slug":"vit4ever-maslan-sodu-180-kapsulek","status":"publish","type":"product","link":"https:\/\/vitalstoffversand.com\/pl\/produkt-pl\/vit4ever-maslan-sodu-180-kapsulek\/","title":{"rendered":"Vit4ever <br>Ma\u015blan sodu \u2013 180 kapsu\u0142ek"},"content":{"rendered":"<p>Butyrat to nazwa kwasu mas\u0142owego.<\/p>\n<p>Kwas mas\u0142owy nale\u017cy do kr\u00f3tko\u0142a\u0144cuchowych kwas\u00f3w t\u0142uszczowych i powstaje w jelicie cz\u0142owieka w wyniku fermentacji b\u0142onnika pokarmowego.<\/p>\n<p>Ma\u015blan sodu zawiera 90% czystego kwasu mas\u0142owego, kt\u00f3ry wspomaga funkcjonowanie mikrobiomu.<\/p>\n<ul>\n<li>Wegan<\/li>\n<li>Bez glutenu<\/li>\n<li>Bez laktozy<\/li>\n<li>Bez GMO<\/li>\n<li>Wyprodukowane zgodnie z surowymi normami jako\u015bci UE<\/li>\n<\/ul>\n","protected":false},"excerpt":{"rendered":"<p>Butyrat to nazwa kwasu mas\u0142owego. Kwas mas\u0142owy nale\u017cy do kr\u00f3tko\u0142a\u0144cuchowych kwas\u00f3w t\u0142uszczowych i powstaje w jelicie cz\u0142owieka w wyniku fermentacji b\u0142onnika pokarmowego. Ma\u015blan sodu zawiera 90% czystego kwasu mas\u0142owego, kt\u00f3ry wspomaga funkcjonowanie mikrobiomu. Wegan Bez glutenu Bez laktozy Bez GMO Wyprodukowane zgodnie z surowymi normami jako\u015bci UE<\/p>\n","protected":false},"featured_media":58713,"template":"","meta":{"_acf_changed":false},"product_brand":[10220],"product_cat":[560,569],"product_tag":[],"class_list":{"0":"post-66391","1":"product","2":"type-product","3":"status-publish","4":"has-post-thumbnail","6":"product_brand-vit4ever-pl","7":"product_cat-skladniki-odzywcze","8":"product_cat-produkty-od-a-z","10":"first","11":"instock","12":"taxable","13":"shipping-taxable","14":"purchasable","15":"product-type-simple"},"acf":[],"_links":{"self":[{"href":"https:\/\/vitalstoffversand.com\/pl\/wp-json\/wp\/v2\/product\/66391","targetHints":{"allow":["GET"]}}],"collection":[{"href":"https:\/\/vitalstoffversand.com\/pl\/wp-json\/wp\/v2\/product"}],"about":[{"href":"https:\/\/vitalstoffversand.com\/pl\/wp-json\/wp\/v2\/types\/product"}],"wp:featuredmedia":[{"embeddable":true,"href":"https:\/\/vitalstoffversand.com\/pl\/wp-json\/wp\/v2\/media\/58713"}],"wp:attachment":[{"href":"https:\/\/vitalstoffversand.com\/pl\/wp-json\/wp\/v2\/media?parent=66391"}],"wp:term":[{"taxonomy":"product_brand","embeddable":true,"href":"https:\/\/vitalstoffversand.com\/pl\/wp-json\/wp\/v2\/product_brand?post=66391"},{"taxonomy":"product_cat","embeddable":true,"href":"https:\/\/vitalstoffversand.com\/pl\/wp-json\/wp\/v2\/product_cat?post=66391"},{"taxonomy":"product_tag","embeddable":true,"href":"https:\/\/vitalstoffversand.com\/pl\/wp-json\/wp\/v2\/product_tag?post=66391"}],"curies":[{"name":"wp","href":"https:\/\/api.w.org\/{rel}","templated":true}]}}