{"id":66368,"date":"2025-10-08T13:28:04","date_gmt":"2025-10-08T11:28:04","guid":{"rendered":"https:\/\/vitalstoffversand.com\/produkt\/vit4ever-kawa-barista-vegan-protein-rozne-rodzaje\/"},"modified":"2025-10-08T13:28:04","modified_gmt":"2025-10-08T11:28:04","slug":"vit4ever-kawa-barista-vegan-protein-rozne-rodzaje","status":"publish","type":"product","link":"https:\/\/vitalstoffversand.com\/pl\/produkt-pl\/vit4ever-kawa-barista-vegan-protein-rozne-rodzaje\/","title":{"rendered":"Vit4ever <br>Kawa Barista Vegan Protein \u2013 r\u00f3\u017cne smaki"},"content":{"rendered":"<p>Wysokiej jako\u015bci izolat bia\u0142ka z fasoli fava w po\u0142\u0105czeniu z kaw\u0105 rozpuszczaln\u0105 tworzy wega\u0144ski nap\u00f3j Barista Vegan Protein Coffee.<\/p>\n<p>Ciesz si\u0119 bia\u0142kiem ro\u015blinnym o smaku kremowej kawy w wersji Classic Coffee lub jako matcha z nut\u0105 kawy.<\/p>\n<ul>\n<li>Wegan<\/li>\n<li>Bez glutenu<\/li>\n<li>Bez GMO<\/li>\n<li>Wyprodukowane zgodnie z surowymi normami jako\u015bci UE<\/li>\n<\/ul>\n","protected":false},"excerpt":{"rendered":"<p>Wysokiej jako\u015bci izolat bia\u0142ka z fasoli fava w po\u0142\u0105czeniu z kaw\u0105 rozpuszczaln\u0105 tworzy wega\u0144ski nap\u00f3j Barista Vegan Protein Coffee. Ciesz si\u0119 bia\u0142kiem ro\u015blinnym o smaku kremowej kawy w wersji Classic Coffee lub jako matcha z nut\u0105 kawy. Wegan Bez glutenu Bez GMO Wyprodukowane zgodnie z surowymi normami jako\u015bci UE<\/p>\n","protected":false},"featured_media":58649,"template":"","meta":{"_acf_changed":false},"product_brand":[10220],"product_cat":[557,569],"product_tag":[],"class_list":{"0":"post-66368","1":"product","2":"type-product","3":"status-publish","4":"has-post-thumbnail","6":"product_brand-vit4ever-pl","7":"product_cat-bialka","8":"product_cat-produkty-od-a-z","10":"first","11":"instock","12":"taxable","13":"shipping-taxable","14":"purchasable","15":"product-type-variable"},"acf":[],"_links":{"self":[{"href":"https:\/\/vitalstoffversand.com\/pl\/wp-json\/wp\/v2\/product\/66368","targetHints":{"allow":["GET"]}}],"collection":[{"href":"https:\/\/vitalstoffversand.com\/pl\/wp-json\/wp\/v2\/product"}],"about":[{"href":"https:\/\/vitalstoffversand.com\/pl\/wp-json\/wp\/v2\/types\/product"}],"wp:featuredmedia":[{"embeddable":true,"href":"https:\/\/vitalstoffversand.com\/pl\/wp-json\/wp\/v2\/media\/58649"}],"wp:attachment":[{"href":"https:\/\/vitalstoffversand.com\/pl\/wp-json\/wp\/v2\/media?parent=66368"}],"wp:term":[{"taxonomy":"product_brand","embeddable":true,"href":"https:\/\/vitalstoffversand.com\/pl\/wp-json\/wp\/v2\/product_brand?post=66368"},{"taxonomy":"product_cat","embeddable":true,"href":"https:\/\/vitalstoffversand.com\/pl\/wp-json\/wp\/v2\/product_cat?post=66368"},{"taxonomy":"product_tag","embeddable":true,"href":"https:\/\/vitalstoffversand.com\/pl\/wp-json\/wp\/v2\/product_tag?post=66368"}],"curies":[{"name":"wp","href":"https:\/\/api.w.org\/{rel}","templated":true}]}}