{"id":66253,"date":"2025-07-07T17:24:45","date_gmt":"2025-07-07T15:24:45","guid":{"rendered":"https:\/\/vitalstoffversand.com\/produkt\/vit4ever-organiczny-olejek-z-oregano-i-oliwa-z-oliwek-90-kapsulek\/"},"modified":"2025-07-07T17:24:45","modified_gmt":"2025-07-07T15:24:45","slug":"vit4ever-organiczny-olejek-z-oregano-i-oliwa-z-oliwek-90-kapsulek","status":"publish","type":"product","link":"https:\/\/vitalstoffversand.com\/pl\/produkt-pl\/vit4ever-organiczny-olejek-z-oregano-i-oliwa-z-oliwek-90-kapsulek\/","title":{"rendered":"Vit4ever <br>Organiczny olejek z oregano i oliwa z oliwek \u2013 90 kapsu\u0142ek"},"content":{"rendered":"<p>Po\u0142\u0105czenie ekologicznej oliwy z oliwek z pierwszego t\u0142oczenia i ekologicznego olejku z oregano pozwala czerpa\u0107 korzy\u015bci z obu tych olejk\u00f3w w jednej kapsu\u0142ce.<\/p>\n<p>Olejek z oregano zawiera 80% karwakrolu, a pochodzenie z upraw ekologicznych gwarantuje najwy\u017csz\u0105 jako\u015b\u0107 olejk\u00f3w.<\/p>\n<ul>\n<li>Wegan<\/li>\n<li>Bez glutenu<\/li>\n<li>Bez laktozy<\/li>\n<li>Bez GMO<\/li>\n<li>Wyprodukowane zgodnie z surowymi normami jako\u015bci UE<\/li>\n<\/ul>\n","protected":false},"excerpt":{"rendered":"<p>Po\u0142\u0105czenie ekologicznej oliwy z oliwek z pierwszego t\u0142oczenia i ekologicznego olejku z oregano pozwala czerpa\u0107 korzy\u015bci z obu tych olejk\u00f3w w jednej kapsu\u0142ce. Olejek z oregano zawiera 80% karwakrolu, a pochodzenie z upraw ekologicznych gwarantuje najwy\u017csz\u0105 jako\u015b\u0107 olejk\u00f3w. Wegan Bez glutenu Bez laktozy Bez GMO Wyprodukowane zgodnie z surowymi normami jako\u015bci UE<\/p>\n","protected":false},"featured_media":58441,"template":"","meta":{"_acf_changed":false},"product_brand":[10220],"product_cat":[560,540,569],"product_tag":[],"class_list":{"0":"post-66253","1":"product","2":"type-product","3":"status-publish","4":"has-post-thumbnail","6":"product_brand-vit4ever-pl","7":"product_cat-skladniki-odzywcze","8":"product_cat-organiczny","9":"product_cat-produkty-od-a-z","11":"first","12":"instock","13":"taxable","14":"shipping-taxable","15":"purchasable","16":"product-type-simple"},"acf":[],"_links":{"self":[{"href":"https:\/\/vitalstoffversand.com\/pl\/wp-json\/wp\/v2\/product\/66253","targetHints":{"allow":["GET"]}}],"collection":[{"href":"https:\/\/vitalstoffversand.com\/pl\/wp-json\/wp\/v2\/product"}],"about":[{"href":"https:\/\/vitalstoffversand.com\/pl\/wp-json\/wp\/v2\/types\/product"}],"wp:featuredmedia":[{"embeddable":true,"href":"https:\/\/vitalstoffversand.com\/pl\/wp-json\/wp\/v2\/media\/58441"}],"wp:attachment":[{"href":"https:\/\/vitalstoffversand.com\/pl\/wp-json\/wp\/v2\/media?parent=66253"}],"wp:term":[{"taxonomy":"product_brand","embeddable":true,"href":"https:\/\/vitalstoffversand.com\/pl\/wp-json\/wp\/v2\/product_brand?post=66253"},{"taxonomy":"product_cat","embeddable":true,"href":"https:\/\/vitalstoffversand.com\/pl\/wp-json\/wp\/v2\/product_cat?post=66253"},{"taxonomy":"product_tag","embeddable":true,"href":"https:\/\/vitalstoffversand.com\/pl\/wp-json\/wp\/v2\/product_tag?post=66253"}],"curies":[{"name":"wp","href":"https:\/\/api.w.org\/{rel}","templated":true}]}}