{"id":66224,"date":"2025-09-01T18:53:48","date_gmt":"2025-09-01T16:53:48","guid":{"rendered":"https:\/\/vitalstoffversand.com\/produkt\/vit4ever-omega-3-intenso-olej-rybny-365-kapsulek\/"},"modified":"2026-03-21T15:54:22","modified_gmt":"2026-03-21T14:54:22","slug":"vit4ever-omega-3-intenso-olej-rybny-365-kapsulek","status":"publish","type":"product","link":"https:\/\/vitalstoffversand.com\/pl\/produkt-pl\/vit4ever-omega-3-intenso-olej-rybny-365-kapsulek\/","title":{"rendered":"Vit4ever <br>Omega 3 Intenso \u2013 olej rybny \u2013 365 kapsu\u0142ek"},"content":{"rendered":"<p>Kwasy t\u0142uszczowe omega 3 s\u0105 niezb\u0119dne dla naszego organizmu i musz\u0105 by\u0107 przyjmowane z po\u017cywieniem.<\/p>\n<p>Produkt premium Omega 3 Intenso dostarcza Ci 1000 mg oleju rybnego w ka\u017cdej kapsu\u0142ce softgel, z czego 80% to czyste kwasy t\u0142uszczowe omega 3 z 400 mg <a href=\"https:\/\/vitalstoffversand.com\/knowledge-base\/eicosapentaensaeure-und-docosahexaensaeure-epa-dha\/\" target=\"_blank\" rel=\"noopener\"><strong><span style=\"color: #0000ff;\">\u2192 EPA (kwas eikozapentaenowy)<\/span><\/strong><\/a> i 300 mg <a href=\"https:\/\/vitalstoffversand.com\/knowledge-base\/docosahexaensaeure-dha\/\" target=\"_blank\" rel=\"noopener\"><strong><span style=\"color: #0000ff;\">\u2192 DHA (kwas dokozaheksenowy)<\/span><\/strong><\/a> w najwy\u017cszej biodost\u0119pnej formie tr\u00f3jgliceryd\u00f3w.<\/p>\n<ul>\n<li>Bez glutenu<\/li>\n<li>Bez laktozy<\/li>\n<li>Bez GMO<\/li>\n<li>Wyprodukowane zgodnie z surowymi normami jako\u015bci UE<\/li>\n<\/ul>\n","protected":false},"excerpt":{"rendered":"<p>Kwasy t\u0142uszczowe omega 3 s\u0105 niezb\u0119dne dla naszego organizmu i musz\u0105 by\u0107 przyjmowane z po\u017cywieniem. Produkt premium Omega 3 Intenso dostarcza Ci 1000 mg oleju rybnego w ka\u017cdej kapsu\u0142ce softgel, z czego 80% to czyste kwasy t\u0142uszczowe omega 3 z 400 mg \u2192 EPA (kwas eikozapentaenowy) i 300 mg \u2192 DHA (kwas dokozaheksenowy) w najwy\u017cszej [&hellip;]<\/p>\n","protected":false},"featured_media":54193,"template":"","meta":{"_acf_changed":false},"product_brand":[10220],"product_cat":[553,569],"product_tag":[],"class_list":{"0":"post-66224","1":"product","2":"type-product","3":"status-publish","4":"has-post-thumbnail","6":"product_brand-vit4ever-pl","7":"product_cat-kwasy-tluszczowe","8":"product_cat-produkty-od-a-z","10":"first","11":"instock","12":"taxable","13":"shipping-taxable","14":"purchasable","15":"product-type-simple"},"acf":[],"_links":{"self":[{"href":"https:\/\/vitalstoffversand.com\/pl\/wp-json\/wp\/v2\/product\/66224","targetHints":{"allow":["GET"]}}],"collection":[{"href":"https:\/\/vitalstoffversand.com\/pl\/wp-json\/wp\/v2\/product"}],"about":[{"href":"https:\/\/vitalstoffversand.com\/pl\/wp-json\/wp\/v2\/types\/product"}],"wp:featuredmedia":[{"embeddable":true,"href":"https:\/\/vitalstoffversand.com\/pl\/wp-json\/wp\/v2\/media\/54193"}],"wp:attachment":[{"href":"https:\/\/vitalstoffversand.com\/pl\/wp-json\/wp\/v2\/media?parent=66224"}],"wp:term":[{"taxonomy":"product_brand","embeddable":true,"href":"https:\/\/vitalstoffversand.com\/pl\/wp-json\/wp\/v2\/product_brand?post=66224"},{"taxonomy":"product_cat","embeddable":true,"href":"https:\/\/vitalstoffversand.com\/pl\/wp-json\/wp\/v2\/product_cat?post=66224"},{"taxonomy":"product_tag","embeddable":true,"href":"https:\/\/vitalstoffversand.com\/pl\/wp-json\/wp\/v2\/product_tag?post=66224"}],"curies":[{"name":"wp","href":"https:\/\/api.w.org\/{rel}","templated":true}]}}