{"id":66171,"date":"2025-04-15T16:11:10","date_gmt":"2025-04-15T14:11:10","guid":{"rendered":"https:\/\/vitalstoffversand.com\/produkt\/vit4ever-l-glutation-120-kapsulek\/"},"modified":"2025-04-15T16:11:10","modified_gmt":"2025-04-15T14:11:10","slug":"vit4ever-l-glutation-120-kapsulek","status":"publish","type":"product","link":"https:\/\/vitalstoffversand.com\/pl\/produkt-pl\/vit4ever-l-glutation-120-kapsulek\/","title":{"rendered":"Vit4ever <br>L-glutation &#8211; 120 kapsu\u0142ek"},"content":{"rendered":"<p>L-glutation to naturalny zwi\u0105zek, kt\u00f3ry jest obecny w ka\u017cdej kom\u00f3rce cia\u0142a i pomaga utrzyma\u0107 r\u00f3wnowag\u0119 z\u0142o\u017conych proces\u00f3w.<\/p>\n<p>Czysta, zredukowana forma glutationu zapewnia optymaln\u0105 biodost\u0119pno\u015b\u0107.<\/p>\n<ul>\n<li>Wegan<\/li>\n<li>Bez glutenu<\/li>\n<li>Bez laktozy<\/li>\n<li>Bez GMO<\/li>\n<li>Wyprodukowane zgodnie z surowymi normami jako\u015bci UE<\/li>\n<\/ul>\n","protected":false},"excerpt":{"rendered":"<p>L-glutation to naturalny zwi\u0105zek, kt\u00f3ry jest obecny w ka\u017cdej kom\u00f3rce cia\u0142a i pomaga utrzyma\u0107 r\u00f3wnowag\u0119 z\u0142o\u017conych proces\u00f3w. Czysta, zredukowana forma glutationu zapewnia optymaln\u0105 biodost\u0119pno\u015b\u0107. Wegan Bez glutenu Bez laktozy Bez GMO Wyprodukowane zgodnie z surowymi normami jako\u015bci UE<\/p>\n","protected":false},"featured_media":58193,"template":"","meta":{"_acf_changed":false},"product_brand":[10220],"product_cat":[560,569],"product_tag":[],"class_list":{"0":"post-66171","1":"product","2":"type-product","3":"status-publish","4":"has-post-thumbnail","6":"product_brand-vit4ever-pl","7":"product_cat-skladniki-odzywcze","8":"product_cat-produkty-od-a-z","10":"first","11":"instock","12":"taxable","13":"shipping-taxable","14":"purchasable","15":"product-type-simple"},"acf":[],"_links":{"self":[{"href":"https:\/\/vitalstoffversand.com\/pl\/wp-json\/wp\/v2\/product\/66171","targetHints":{"allow":["GET"]}}],"collection":[{"href":"https:\/\/vitalstoffversand.com\/pl\/wp-json\/wp\/v2\/product"}],"about":[{"href":"https:\/\/vitalstoffversand.com\/pl\/wp-json\/wp\/v2\/types\/product"}],"wp:featuredmedia":[{"embeddable":true,"href":"https:\/\/vitalstoffversand.com\/pl\/wp-json\/wp\/v2\/media\/58193"}],"wp:attachment":[{"href":"https:\/\/vitalstoffversand.com\/pl\/wp-json\/wp\/v2\/media?parent=66171"}],"wp:term":[{"taxonomy":"product_brand","embeddable":true,"href":"https:\/\/vitalstoffversand.com\/pl\/wp-json\/wp\/v2\/product_brand?post=66171"},{"taxonomy":"product_cat","embeddable":true,"href":"https:\/\/vitalstoffversand.com\/pl\/wp-json\/wp\/v2\/product_cat?post=66171"},{"taxonomy":"product_tag","embeddable":true,"href":"https:\/\/vitalstoffversand.com\/pl\/wp-json\/wp\/v2\/product_tag?post=66171"}],"curies":[{"name":"wp","href":"https:\/\/api.w.org\/{rel}","templated":true}]}}