{"id":66167,"date":"2025-06-11T16:58:05","date_gmt":"2025-06-11T14:58:05","guid":{"rendered":"https:\/\/vitalstoffversand.com\/produkt\/vit4ever-l-teanina-180-kapsulek\/"},"modified":"2025-06-11T16:58:05","modified_gmt":"2025-06-11T14:58:05","slug":"vit4ever-l-teanina-180-kapsulek","status":"publish","type":"product","link":"https:\/\/vitalstoffversand.com\/pl\/produkt-pl\/vit4ever-l-teanina-180-kapsulek\/","title":{"rendered":"Vit4ever <br>L-teanina \u2013 180 kapsu\u0142ek"},"content":{"rendered":"<p>L-teanina to naturalny aminokwas wyst\u0119puj\u0105cy w li\u015bciach zielonej herbaty.<\/p>\n<p>Badania dotycz\u0105 potencjalnego wp\u0142ywu L-teaniny na funkcje poznawcze i reakcje na stres.<\/p>\n<p>Forma kapsu\u0142ek pozwala na przyjmowanie tego sk\u0142adnika ro\u015blinnego bez konieczno\u015bci picia zielonej herbaty i spo\u017cywania zawartej w niej kofeiny.<\/p>\n<ul>\n<li>Wegan<\/li>\n<li>Bez glutenu<\/li>\n<li>Bez laktozy<\/li>\n<li>Bez GMO<\/li>\n<li>Wyprodukowane zgodnie z surowymi normami jako\u015bci UE<\/li>\n<\/ul>\n","protected":false},"excerpt":{"rendered":"<p>L-teanina to naturalny aminokwas wyst\u0119puj\u0105cy w li\u015bciach zielonej herbaty. Badania dotycz\u0105 potencjalnego wp\u0142ywu L-teaniny na funkcje poznawcze i reakcje na stres. Forma kapsu\u0142ek pozwala na przyjmowanie tego sk\u0142adnika ro\u015blinnego bez konieczno\u015bci picia zielonej herbaty i spo\u017cywania zawartej w niej kofeiny. Wegan Bez glutenu Bez laktozy Bez GMO Wyprodukowane zgodnie z surowymi normami jako\u015bci UE<\/p>\n","protected":false},"featured_media":58185,"template":"","meta":{"_acf_changed":false},"product_brand":[10220],"product_cat":[560,569],"product_tag":[],"class_list":{"0":"post-66167","1":"product","2":"type-product","3":"status-publish","4":"has-post-thumbnail","6":"product_brand-vit4ever-pl","7":"product_cat-skladniki-odzywcze","8":"product_cat-produkty-od-a-z","10":"first","11":"instock","12":"taxable","13":"shipping-taxable","14":"purchasable","15":"product-type-simple"},"acf":[],"_links":{"self":[{"href":"https:\/\/vitalstoffversand.com\/pl\/wp-json\/wp\/v2\/product\/66167","targetHints":{"allow":["GET"]}}],"collection":[{"href":"https:\/\/vitalstoffversand.com\/pl\/wp-json\/wp\/v2\/product"}],"about":[{"href":"https:\/\/vitalstoffversand.com\/pl\/wp-json\/wp\/v2\/types\/product"}],"wp:featuredmedia":[{"embeddable":true,"href":"https:\/\/vitalstoffversand.com\/pl\/wp-json\/wp\/v2\/media\/58185"}],"wp:attachment":[{"href":"https:\/\/vitalstoffversand.com\/pl\/wp-json\/wp\/v2\/media?parent=66167"}],"wp:term":[{"taxonomy":"product_brand","embeddable":true,"href":"https:\/\/vitalstoffversand.com\/pl\/wp-json\/wp\/v2\/product_brand?post=66167"},{"taxonomy":"product_cat","embeddable":true,"href":"https:\/\/vitalstoffversand.com\/pl\/wp-json\/wp\/v2\/product_cat?post=66167"},{"taxonomy":"product_tag","embeddable":true,"href":"https:\/\/vitalstoffversand.com\/pl\/wp-json\/wp\/v2\/product_tag?post=66167"}],"curies":[{"name":"wp","href":"https:\/\/api.w.org\/{rel}","templated":true}]}}