{"id":66162,"date":"2025-06-11T16:56:43","date_gmt":"2025-06-11T14:56:43","guid":{"rendered":"https:\/\/vitalstoffversand.com\/produkt\/vit4ever-witamina-b3-365-tabletek\/"},"modified":"2025-06-11T16:56:43","modified_gmt":"2025-06-11T14:56:43","slug":"vit4ever-witamina-b3-365-tabletek","status":"publish","type":"product","link":"https:\/\/vitalstoffversand.com\/pl\/produkt-pl\/vit4ever-witamina-b3-365-tabletek\/","title":{"rendered":"Vit4ever <br>Witamina B3 \u2013 365 tabletek"},"content":{"rendered":"<p><span style=\"color: #0000ff;\"><a href=\"https:\/\/vitalstoffversand.com\/knowledge-base\/vitamin-b3-niacin\/\" target=\"_blank\" rel=\"noopener\">\u2192 Witamina B3<\/a><\/span> znana jest r\u00f3wnie\u017c pod nazw\u0105 niacyna i nale\u017cy do witamin rozpuszczalnych w wodzie.<\/p>\n<p>Jest sk\u0142adnikiem wielu funkcji organizmu i odgrywa kluczow\u0105 rol\u0119 w metabolizmie energetycznym.<\/p>\n<ul>\n<li>Wegan<\/li>\n<li>Bez glutenu<\/li>\n<li>Bez laktozy<\/li>\n<li>Bez GMO<\/li>\n<li>Wyprodukowane zgodnie z surowymi normami jako\u015bci UE<\/li>\n<\/ul>\n","protected":false},"excerpt":{"rendered":"<p>\u2192 Witamina B3 znana jest r\u00f3wnie\u017c pod nazw\u0105 niacyna i nale\u017cy do witamin rozpuszczalnych w wodzie. Jest sk\u0142adnikiem wielu funkcji organizmu i odgrywa kluczow\u0105 rol\u0119 w metabolizmie energetycznym. Wegan Bez glutenu Bez laktozy Bez GMO Wyprodukowane zgodnie z surowymi normami jako\u015bci UE<\/p>\n","protected":false},"featured_media":58145,"template":"","meta":{"_acf_changed":false},"product_brand":[10220],"product_cat":[564,569],"product_tag":[],"class_list":{"0":"post-66162","1":"product","2":"type-product","3":"status-publish","4":"has-post-thumbnail","6":"product_brand-vit4ever-pl","7":"product_cat-witaminy","8":"product_cat-produkty-od-a-z","10":"first","11":"instock","12":"taxable","13":"shipping-taxable","14":"purchasable","15":"product-type-simple"},"acf":[],"_links":{"self":[{"href":"https:\/\/vitalstoffversand.com\/pl\/wp-json\/wp\/v2\/product\/66162","targetHints":{"allow":["GET"]}}],"collection":[{"href":"https:\/\/vitalstoffversand.com\/pl\/wp-json\/wp\/v2\/product"}],"about":[{"href":"https:\/\/vitalstoffversand.com\/pl\/wp-json\/wp\/v2\/types\/product"}],"wp:featuredmedia":[{"embeddable":true,"href":"https:\/\/vitalstoffversand.com\/pl\/wp-json\/wp\/v2\/media\/58145"}],"wp:attachment":[{"href":"https:\/\/vitalstoffversand.com\/pl\/wp-json\/wp\/v2\/media?parent=66162"}],"wp:term":[{"taxonomy":"product_brand","embeddable":true,"href":"https:\/\/vitalstoffversand.com\/pl\/wp-json\/wp\/v2\/product_brand?post=66162"},{"taxonomy":"product_cat","embeddable":true,"href":"https:\/\/vitalstoffversand.com\/pl\/wp-json\/wp\/v2\/product_cat?post=66162"},{"taxonomy":"product_tag","embeddable":true,"href":"https:\/\/vitalstoffversand.com\/pl\/wp-json\/wp\/v2\/product_tag?post=66162"}],"curies":[{"name":"wp","href":"https:\/\/api.w.org\/{rel}","templated":true}]}}