{"id":66156,"date":"2025-10-02T17:00:00","date_gmt":"2025-10-02T15:00:00","guid":{"rendered":"https:\/\/vitalstoffversand.com\/produkt\/vit4ever-wapn-magnez-21-180-tabletek\/"},"modified":"2026-03-21T15:53:13","modified_gmt":"2026-03-21T14:53:13","slug":"vit4ever-wapn-magnez-21-180-tabletek","status":"publish","type":"product","link":"https:\/\/vitalstoffversand.com\/pl\/produkt-pl\/vit4ever-wapn-magnez-21-180-tabletek\/","title":{"rendered":"Vit4ever <br>Wap\u0144 + magnez 2:1 \u2013 180 tabletek"},"content":{"rendered":"<p>Optymalny stosunek 2:1 <a href=\"https:\/\/vitalstoffversand.com\/knowledge-base\/calcium\/\" target=\"_blank\" rel=\"noopener\"><strong><span style=\"color: #0000ff;\">\u2192 wapnia<\/span><\/strong><\/a> i <a href=\"https:\/\/vitalstoffversand.com\/knowledge-base\/magnesium\/\" target=\"_blank\" rel=\"noopener\"><strong><span style=\"color: #0000ff;\">\u2192 magnezu<\/span><\/strong><\/a> w jednej tabletce.<\/p>\n<p>Linia podzia\u0142u pozwala na dostosowanie dziennej dawki suplementu do w\u0142asnych potrzeb, przy czym 2 tabletki odpowiadaj\u0105 pe\u0142nej zalecanej dziennej dawce (NRV).<\/p>\n<ul>\n<li>Wegan<\/li>\n<li>Bez glutenu<\/li>\n<li>Bez laktozy<\/li>\n<li>Bez GMO<\/li>\n<li>Wyprodukowane zgodnie z surowymi normami jako\u015bci UE<\/li>\n<\/ul>\n","protected":false},"excerpt":{"rendered":"<p>Optymalny stosunek 2:1 \u2192 wapnia i \u2192 magnezu w jednej tabletce. Linia podzia\u0142u pozwala na dostosowanie dziennej dawki suplementu do w\u0142asnych potrzeb, przy czym 2 tabletki odpowiadaj\u0105 pe\u0142nej zalecanej dziennej dawce (NRV). Wegan Bez glutenu Bez laktozy Bez GMO Wyprodukowane zgodnie z surowymi normami jako\u015bci UE<\/p>\n","protected":false},"featured_media":58105,"template":"","meta":{"_acf_changed":false},"product_brand":[10220],"product_cat":[556,569],"product_tag":[],"class_list":{"0":"post-66156","1":"product","2":"type-product","3":"status-publish","4":"has-post-thumbnail","6":"product_brand-vit4ever-pl","7":"product_cat-mineraly-i-pierwiastki-sladowe","8":"product_cat-produkty-od-a-z","10":"first","11":"instock","12":"taxable","13":"shipping-taxable","14":"purchasable","15":"product-type-simple"},"acf":[],"_links":{"self":[{"href":"https:\/\/vitalstoffversand.com\/pl\/wp-json\/wp\/v2\/product\/66156","targetHints":{"allow":["GET"]}}],"collection":[{"href":"https:\/\/vitalstoffversand.com\/pl\/wp-json\/wp\/v2\/product"}],"about":[{"href":"https:\/\/vitalstoffversand.com\/pl\/wp-json\/wp\/v2\/types\/product"}],"wp:featuredmedia":[{"embeddable":true,"href":"https:\/\/vitalstoffversand.com\/pl\/wp-json\/wp\/v2\/media\/58105"}],"wp:attachment":[{"href":"https:\/\/vitalstoffversand.com\/pl\/wp-json\/wp\/v2\/media?parent=66156"}],"wp:term":[{"taxonomy":"product_brand","embeddable":true,"href":"https:\/\/vitalstoffversand.com\/pl\/wp-json\/wp\/v2\/product_brand?post=66156"},{"taxonomy":"product_cat","embeddable":true,"href":"https:\/\/vitalstoffversand.com\/pl\/wp-json\/wp\/v2\/product_cat?post=66156"},{"taxonomy":"product_tag","embeddable":true,"href":"https:\/\/vitalstoffversand.com\/pl\/wp-json\/wp\/v2\/product_tag?post=66156"}],"curies":[{"name":"wp","href":"https:\/\/api.w.org\/{rel}","templated":true}]}}