{"id":66104,"date":"2025-12-17T14:18:17","date_gmt":"2025-12-17T13:18:17","guid":{"rendered":"https:\/\/vitalstoffversand.com\/produkt\/vit4ever-jablczan-magnezu-365-kapsulek\/"},"modified":"2026-03-21T15:52:44","modified_gmt":"2026-03-21T14:52:44","slug":"vit4ever-jablczan-magnezu-365-kapsulek","status":"publish","type":"product","link":"https:\/\/vitalstoffversand.com\/pl\/produkt-pl\/vit4ever-jablczan-magnezu-365-kapsulek\/","title":{"rendered":"Vit4ever <br>Jab\u0142czan magnezu \u2013 365 kapsu\u0142ek"},"content":{"rendered":"<p><span style=\"color: #0000ff;\"><a href=\"https:\/\/vitalstoffversand.com\/knowledge-base\/magnesium\/\" target=\"_blank\" rel=\"noopener\">\u2192 Magnez<\/a><\/span> jest niezwykle wa\u017cnym pierwiastkiem mineralnym dla naszego organizmu, poniewa\u017c bierze udzia\u0142 w wielu procesach zachodz\u0105cych w organizmie.<\/p>\n<p>Malinian magnezu stanowi po\u0142\u0105czenie magnezu z malinianem, czyli sol\u0105 kwasu jab\u0142kowego, kt\u00f3ry naturalnie wyst\u0119puje w procesach metabolizmu energetycznego.<\/p>\n<ul>\n<li>Wegan<\/li>\n<li>Bez glutenu<\/li>\n<li>Bez laktozy<\/li>\n<li>Bez GMO<\/li>\n<li>Wyprodukowane zgodnie z surowymi normami jako\u015bci UE<\/li>\n<\/ul>\n","protected":false},"excerpt":{"rendered":"<p>\u2192 Magnez jest niezwykle wa\u017cnym pierwiastkiem mineralnym dla naszego organizmu, poniewa\u017c bierze udzia\u0142 w wielu procesach zachodz\u0105cych w organizmie. Malinian magnezu stanowi po\u0142\u0105czenie magnezu z malinianem, czyli sol\u0105 kwasu jab\u0142kowego, kt\u00f3ry naturalnie wyst\u0119puje w procesach metabolizmu energetycznego. Wegan Bez glutenu Bez laktozy Bez GMO Wyprodukowane zgodnie z surowymi normami jako\u015bci UE<\/p>\n","protected":false},"featured_media":66099,"template":"","meta":{"_acf_changed":false},"product_brand":[10220],"product_cat":[556,569],"product_tag":[],"class_list":{"0":"post-66104","1":"product","2":"type-product","3":"status-publish","4":"has-post-thumbnail","6":"product_brand-vit4ever-pl","7":"product_cat-mineraly-i-pierwiastki-sladowe","8":"product_cat-produkty-od-a-z","10":"first","11":"instock","12":"taxable","13":"shipping-taxable","14":"purchasable","15":"product-type-simple"},"acf":[],"_links":{"self":[{"href":"https:\/\/vitalstoffversand.com\/pl\/wp-json\/wp\/v2\/product\/66104","targetHints":{"allow":["GET"]}}],"collection":[{"href":"https:\/\/vitalstoffversand.com\/pl\/wp-json\/wp\/v2\/product"}],"about":[{"href":"https:\/\/vitalstoffversand.com\/pl\/wp-json\/wp\/v2\/types\/product"}],"wp:featuredmedia":[{"embeddable":true,"href":"https:\/\/vitalstoffversand.com\/pl\/wp-json\/wp\/v2\/media\/66099"}],"wp:attachment":[{"href":"https:\/\/vitalstoffversand.com\/pl\/wp-json\/wp\/v2\/media?parent=66104"}],"wp:term":[{"taxonomy":"product_brand","embeddable":true,"href":"https:\/\/vitalstoffversand.com\/pl\/wp-json\/wp\/v2\/product_brand?post=66104"},{"taxonomy":"product_cat","embeddable":true,"href":"https:\/\/vitalstoffversand.com\/pl\/wp-json\/wp\/v2\/product_cat?post=66104"},{"taxonomy":"product_tag","embeddable":true,"href":"https:\/\/vitalstoffversand.com\/pl\/wp-json\/wp\/v2\/product_tag?post=66104"}],"curies":[{"name":"wp","href":"https:\/\/api.w.org\/{rel}","templated":true}]}}