{"id":66075,"date":"2025-06-11T16:53:18","date_gmt":"2025-06-11T14:53:18","guid":{"rendered":"https:\/\/vitalstoffversand.com\/produkt\/vit4ever-kompleks-witaminy-c-300-kapsulek\/"},"modified":"2025-06-11T16:53:18","modified_gmt":"2025-06-11T14:53:18","slug":"vit4ever-kompleks-witaminy-c-300-kapsulek","status":"publish","type":"product","link":"https:\/\/vitalstoffversand.com\/pl\/produkt-pl\/vit4ever-kompleks-witaminy-c-300-kapsulek\/","title":{"rendered":"Vit4ever <br>Kompleks witaminy C \u2013 300 kapsu\u0142ek"},"content":{"rendered":"<p>Naturalny kompleks <strong><a href=\"https:\/\/vitalstoffversand.com\/knowledge-base\/vitamin-c\/\" target=\"_blank\" rel=\"noopener\">witaminy C<\/a><\/strong> z ekstraktu z aceroli i ekstraktu z dzikiej r\u00f3\u017cy.<\/p>\n<p>Opr\u00f3cz wielu innych w\u0142a\u015bciwo\u015bci witamina C wzmacnia uk\u0142ad odporno\u015bciowy, zmniejsza uczucie zm\u0119czenia i chroni kom\u00f3rki przed stresem oksydacyjnym.<\/p>\n<ul>\n<li>Wegan<\/li>\n<li>Bez glutenu<\/li>\n<li>Bez laktozy<\/li>\n<li>Bez GMO<\/li>\n<li>Wyprodukowane zgodnie z surowymi normami jako\u015bci UE<\/li>\n<\/ul>\n","protected":false},"excerpt":{"rendered":"<p>Naturalny kompleks witaminy C z ekstraktu z aceroli i ekstraktu z dzikiej r\u00f3\u017cy. Opr\u00f3cz wielu innych w\u0142a\u015bciwo\u015bci witamina C wzmacnia uk\u0142ad odporno\u015bciowy, zmniejsza uczucie zm\u0119czenia i chroni kom\u00f3rki przed stresem oksydacyjnym. Wegan Bez glutenu Bez laktozy Bez GMO Wyprodukowane zgodnie z surowymi normami jako\u015bci UE<\/p>\n","protected":false},"featured_media":58025,"template":"","meta":{"_acf_changed":false},"product_brand":[10220],"product_cat":[564,569],"product_tag":[],"class_list":{"0":"post-66075","1":"product","2":"type-product","3":"status-publish","4":"has-post-thumbnail","6":"product_brand-vit4ever-pl","7":"product_cat-witaminy","8":"product_cat-produkty-od-a-z","10":"first","11":"instock","12":"taxable","13":"shipping-taxable","14":"purchasable","15":"product-type-simple"},"acf":[],"_links":{"self":[{"href":"https:\/\/vitalstoffversand.com\/pl\/wp-json\/wp\/v2\/product\/66075","targetHints":{"allow":["GET"]}}],"collection":[{"href":"https:\/\/vitalstoffversand.com\/pl\/wp-json\/wp\/v2\/product"}],"about":[{"href":"https:\/\/vitalstoffversand.com\/pl\/wp-json\/wp\/v2\/types\/product"}],"wp:featuredmedia":[{"embeddable":true,"href":"https:\/\/vitalstoffversand.com\/pl\/wp-json\/wp\/v2\/media\/58025"}],"wp:attachment":[{"href":"https:\/\/vitalstoffversand.com\/pl\/wp-json\/wp\/v2\/media?parent=66075"}],"wp:term":[{"taxonomy":"product_brand","embeddable":true,"href":"https:\/\/vitalstoffversand.com\/pl\/wp-json\/wp\/v2\/product_brand?post=66075"},{"taxonomy":"product_cat","embeddable":true,"href":"https:\/\/vitalstoffversand.com\/pl\/wp-json\/wp\/v2\/product_cat?post=66075"},{"taxonomy":"product_tag","embeddable":true,"href":"https:\/\/vitalstoffversand.com\/pl\/wp-json\/wp\/v2\/product_tag?post=66075"}],"curies":[{"name":"wp","href":"https:\/\/api.w.org\/{rel}","templated":true}]}}