{"id":66071,"date":"2025-04-15T14:53:07","date_gmt":"2025-04-15T12:53:07","guid":{"rendered":"https:\/\/vitalstoffversand.com\/produkt\/vit4ever-kompleks-choliny-120-kapsulek\/"},"modified":"2025-04-15T14:53:07","modified_gmt":"2025-04-15T12:53:07","slug":"vit4ever-kompleks-choliny-120-kapsulek","status":"publish","type":"product","link":"https:\/\/vitalstoffversand.com\/pl\/produkt-pl\/vit4ever-kompleks-choliny-120-kapsulek\/","title":{"rendered":"Vit4ever <br>Kompleks choliny &#8211; 120 kapsu\u0142ek"},"content":{"rendered":"<p>Cholina jest witaminopodobnym mikroelementem, kt\u00f3ry odgrywa kluczow\u0105 rol\u0119 w metabolizmie t\u0142uszcz\u00f3w i mo\u017ce r\u00f3wnie\u017c przyczynia\u0107 si\u0119 do utrzymania prawid\u0142owej funkcji w\u0105troby.<\/p>\n<p>Choline Complex sk\u0142ada si\u0119 z trzech wysokiej jako\u015bci \u017ar\u00f3de\u0142 choliny, dzi\u0119ki czemu zapewnia jej optymaln\u0105 poda\u017c.<\/p>\n<ul>\n<li>Wegan<\/li>\n<li>Bez glutenu<\/li>\n<li>Bez laktozy<\/li>\n<li>Bez GMO<\/li>\n<li>Wyprodukowane zgodnie z surowymi normami jako\u015bci UE<\/li>\n<\/ul>\n","protected":false},"excerpt":{"rendered":"<p>Cholina jest witaminopodobnym mikroelementem, kt\u00f3ry odgrywa kluczow\u0105 rol\u0119 w metabolizmie t\u0142uszcz\u00f3w i mo\u017ce r\u00f3wnie\u017c przyczynia\u0107 si\u0119 do utrzymania prawid\u0142owej funkcji w\u0105troby. Choline Complex sk\u0142ada si\u0119 z trzech wysokiej jako\u015bci \u017ar\u00f3de\u0142 choliny, dzi\u0119ki czemu zapewnia jej optymaln\u0105 poda\u017c. Wegan Bez glutenu Bez laktozy Bez GMO Wyprodukowane zgodnie z surowymi normami jako\u015bci UE<\/p>\n","protected":false},"featured_media":57985,"template":"","meta":{"_acf_changed":false},"product_brand":[10220],"product_cat":[560,569],"product_tag":[],"class_list":{"0":"post-66071","1":"product","2":"type-product","3":"status-publish","4":"has-post-thumbnail","6":"product_brand-vit4ever-pl","7":"product_cat-skladniki-odzywcze","8":"product_cat-produkty-od-a-z","10":"first","11":"instock","12":"taxable","13":"shipping-taxable","14":"purchasable","15":"product-type-simple"},"acf":[],"_links":{"self":[{"href":"https:\/\/vitalstoffversand.com\/pl\/wp-json\/wp\/v2\/product\/66071","targetHints":{"allow":["GET"]}}],"collection":[{"href":"https:\/\/vitalstoffversand.com\/pl\/wp-json\/wp\/v2\/product"}],"about":[{"href":"https:\/\/vitalstoffversand.com\/pl\/wp-json\/wp\/v2\/types\/product"}],"wp:featuredmedia":[{"embeddable":true,"href":"https:\/\/vitalstoffversand.com\/pl\/wp-json\/wp\/v2\/media\/57985"}],"wp:attachment":[{"href":"https:\/\/vitalstoffversand.com\/pl\/wp-json\/wp\/v2\/media?parent=66071"}],"wp:term":[{"taxonomy":"product_brand","embeddable":true,"href":"https:\/\/vitalstoffversand.com\/pl\/wp-json\/wp\/v2\/product_brand?post=66071"},{"taxonomy":"product_cat","embeddable":true,"href":"https:\/\/vitalstoffversand.com\/pl\/wp-json\/wp\/v2\/product_cat?post=66071"},{"taxonomy":"product_tag","embeddable":true,"href":"https:\/\/vitalstoffversand.com\/pl\/wp-json\/wp\/v2\/product_tag?post=66071"}],"curies":[{"name":"wp","href":"https:\/\/api.w.org\/{rel}","templated":true}]}}