{"id":66066,"date":"2025-10-02T16:49:26","date_gmt":"2025-10-02T14:49:26","guid":{"rendered":"https:\/\/vitalstoffversand.com\/produkt\/vit4ever-wyciag-z-cordycepsu-300-kapsulek\/"},"modified":"2026-03-21T15:53:17","modified_gmt":"2026-03-21T14:53:17","slug":"vit4ever-wyciag-z-cordycepsu-300-kapsulek","status":"publish","type":"product","link":"https:\/\/vitalstoffversand.com\/pl\/produkt-pl\/vit4ever-wyciag-z-cordycepsu-300-kapsulek\/","title":{"rendered":"Vit4ever <br>Wyci\u0105g z cordycepsu \u2013 300 kapsu\u0142ek"},"content":{"rendered":"<p>Cordyceps sinensis w postaci wysokiej jako\u015bci ekstraktu w proporcji 10:1.<\/p>\n<p>W ka\u017cdej dziennej porcji (1300 mg) kapsu\u0142ki dostarczaj\u0105 520 mg polisacharyd\u00f3w.<\/p>\n<ul>\n<li>Wegan<\/li>\n<li>Bez glutenu<\/li>\n<li>Bez laktozy<\/li>\n<li>Bez GMO<\/li>\n<li>Wyprodukowane zgodnie z surowymi normami jako\u015bci UE<\/li>\n<\/ul>\n","protected":false},"excerpt":{"rendered":"<p>Cordyceps sinensis w postaci wysokiej jako\u015bci ekstraktu w proporcji 10:1. W ka\u017cdej dziennej porcji (1300 mg) kapsu\u0142ki dostarczaj\u0105 520 mg polisacharyd\u00f3w. Wegan Bez glutenu Bez laktozy Bez GMO Wyprodukowane zgodnie z surowymi normami jako\u015bci UE<\/p>\n","protected":false},"featured_media":57945,"template":"","meta":{"_acf_changed":false},"product_brand":[10220],"product_cat":[570,569],"product_tag":[],"class_list":{"0":"post-66066","1":"product","2":"type-product","3":"status-publish","4":"has-post-thumbnail","6":"product_brand-vit4ever-pl","7":"product_cat-grzyby-witalne","8":"product_cat-produkty-od-a-z","10":"first","11":"instock","12":"taxable","13":"shipping-taxable","14":"purchasable","15":"product-type-simple"},"acf":[],"_links":{"self":[{"href":"https:\/\/vitalstoffversand.com\/pl\/wp-json\/wp\/v2\/product\/66066","targetHints":{"allow":["GET"]}}],"collection":[{"href":"https:\/\/vitalstoffversand.com\/pl\/wp-json\/wp\/v2\/product"}],"about":[{"href":"https:\/\/vitalstoffversand.com\/pl\/wp-json\/wp\/v2\/types\/product"}],"wp:featuredmedia":[{"embeddable":true,"href":"https:\/\/vitalstoffversand.com\/pl\/wp-json\/wp\/v2\/media\/57945"}],"wp:attachment":[{"href":"https:\/\/vitalstoffversand.com\/pl\/wp-json\/wp\/v2\/media?parent=66066"}],"wp:term":[{"taxonomy":"product_brand","embeddable":true,"href":"https:\/\/vitalstoffversand.com\/pl\/wp-json\/wp\/v2\/product_brand?post=66066"},{"taxonomy":"product_cat","embeddable":true,"href":"https:\/\/vitalstoffversand.com\/pl\/wp-json\/wp\/v2\/product_cat?post=66066"},{"taxonomy":"product_tag","embeddable":true,"href":"https:\/\/vitalstoffversand.com\/pl\/wp-json\/wp\/v2\/product_tag?post=66066"}],"curies":[{"name":"wp","href":"https:\/\/api.w.org\/{rel}","templated":true}]}}