{"id":66044,"date":"2025-10-02T16:17:57","date_gmt":"2025-10-02T14:17:57","guid":{"rendered":"https:\/\/vitalstoffversand.com\/produkt\/vit4ever-krople-z-witamina-a-ok-2380-kropli-70-ml\/"},"modified":"2026-03-21T15:53:19","modified_gmt":"2026-03-21T14:53:19","slug":"vit4ever-krople-z-witamina-a-ok-2380-kropli-70-ml","status":"publish","type":"product","link":"https:\/\/vitalstoffversand.com\/pl\/produkt-pl\/vit4ever-krople-z-witamina-a-ok-2380-kropli-70-ml\/","title":{"rendered":"Vit4ever <br>Krople z witamin\u0105 A \u2013 ok. 2380 kropli \u2013 70 ml"},"content":{"rendered":"<p><strong><span style=\"color: #0000ff;\"><a href=\"https:\/\/vitalstoffversand.com\/knowledge-base\/vitamin-a\/\" target=\"_blank\" rel=\"noopener\">\u2192 Witamina A<\/a><\/span><\/strong> nale\u017cy do niezb\u0119dnych witamin rozpuszczalnych w t\u0142uszczach i odgrywa kluczow\u0105 rol\u0119 w wielu procesach zachodz\u0105cych w organizmie.<\/p>\n<ul>\n<li>Wegan<\/li>\n<li>Bez glutenu<\/li>\n<li>Bez laktozy<\/li>\n<li>Bez GMO<\/li>\n<li>Wyprodukowane zgodnie z surowymi normami jako\u015bci UE<\/li>\n<\/ul>\n","protected":false},"excerpt":{"rendered":"<p>\u2192 Witamina A nale\u017cy do niezb\u0119dnych witamin rozpuszczalnych w t\u0142uszczach i odgrywa kluczow\u0105 rol\u0119 w wielu procesach zachodz\u0105cych w organizmie. Wegan Bez glutenu Bez laktozy Bez GMO Wyprodukowane zgodnie z surowymi normami jako\u015bci UE<\/p>\n","protected":false},"featured_media":66039,"template":"","meta":{"_acf_changed":false},"product_brand":[10220],"product_cat":[564,569],"product_tag":[],"class_list":{"0":"post-66044","1":"product","2":"type-product","3":"status-publish","4":"has-post-thumbnail","6":"product_brand-vit4ever-pl","7":"product_cat-witaminy","8":"product_cat-produkty-od-a-z","10":"first","11":"outofstock","12":"taxable","13":"shipping-taxable","14":"purchasable","15":"product-type-simple"},"acf":[],"_links":{"self":[{"href":"https:\/\/vitalstoffversand.com\/pl\/wp-json\/wp\/v2\/product\/66044","targetHints":{"allow":["GET"]}}],"collection":[{"href":"https:\/\/vitalstoffversand.com\/pl\/wp-json\/wp\/v2\/product"}],"about":[{"href":"https:\/\/vitalstoffversand.com\/pl\/wp-json\/wp\/v2\/types\/product"}],"wp:featuredmedia":[{"embeddable":true,"href":"https:\/\/vitalstoffversand.com\/pl\/wp-json\/wp\/v2\/media\/66039"}],"wp:attachment":[{"href":"https:\/\/vitalstoffversand.com\/pl\/wp-json\/wp\/v2\/media?parent=66044"}],"wp:term":[{"taxonomy":"product_brand","embeddable":true,"href":"https:\/\/vitalstoffversand.com\/pl\/wp-json\/wp\/v2\/product_brand?post=66044"},{"taxonomy":"product_cat","embeddable":true,"href":"https:\/\/vitalstoffversand.com\/pl\/wp-json\/wp\/v2\/product_cat?post=66044"},{"taxonomy":"product_tag","embeddable":true,"href":"https:\/\/vitalstoffversand.com\/pl\/wp-json\/wp\/v2\/product_tag?post=66044"}],"curies":[{"name":"wp","href":"https:\/\/api.w.org\/{rel}","templated":true}]}}