{"id":66014,"date":"2025-06-11T16:49:55","date_gmt":"2025-06-11T14:49:55","guid":{"rendered":"https:\/\/vitalstoffversand.com\/produkt\/vit4ever-l-lizyna-hcl-w-proszku-500-g\/"},"modified":"2025-06-11T16:49:55","modified_gmt":"2025-06-11T14:49:55","slug":"vit4ever-l-lizyna-hcl-w-proszku-500-g","status":"publish","type":"product","link":"https:\/\/vitalstoffversand.com\/pl\/produkt-pl\/vit4ever-l-lizyna-hcl-w-proszku-500-g\/","title":{"rendered":"Vit4ever <br>L-lizyna HCL w proszku \u2013 500 g"},"content":{"rendered":"<p>L-lizyna jest aminokwasem egzogennym, kt\u00f3ry musimy dostarcza\u0107 wraz z po\u017cywieniem.<\/p>\n<p>Zw\u0142aszcza w przypadku diety ro\u015blinnej nie zawsze mo\u017cna zapewni\u0107 organizmowi wystarczaj\u0105c\u0105 ilo\u015b\u0107 lizyny.<\/p>\n<p>Zawiera dodatkowo niewielk\u0105 ilo\u015b\u0107 <span style=\"color: #0000ff;\"><strong><a href=\"https:\/\/vitalstoffversand.com\/knowledge-base\/vitamin-b6\/\" target=\"_blank\" rel=\"noopener\">\u2192 witaminy B6<\/a><\/strong><\/span>, kt\u00f3ra przyczynia si\u0119 do prawid\u0142owego funkcjonowania uk\u0142adu odporno\u015bciowego oraz zmniejsza uczucie zm\u0119czenia i znu\u017cenia.<\/p>\n<ul>\n<li>Wegan<\/li>\n<li>Bez glutenu<\/li>\n<li>Bez laktozy<\/li>\n<li>Bez GMO<\/li>\n<li>Wyprodukowane zgodnie z surowymi normami jako\u015bci UE<\/li>\n<\/ul>\n","protected":false},"excerpt":{"rendered":"<p>L-lizyna jest aminokwasem egzogennym, kt\u00f3ry musimy dostarcza\u0107 wraz z po\u017cywieniem. Zw\u0142aszcza w przypadku diety ro\u015blinnej nie zawsze mo\u017cna zapewni\u0107 organizmowi wystarczaj\u0105c\u0105 ilo\u015b\u0107 lizyny. Zawiera dodatkowo niewielk\u0105 ilo\u015b\u0107 \u2192 witaminy B6, kt\u00f3ra przyczynia si\u0119 do prawid\u0142owego funkcjonowania uk\u0142adu odporno\u015bciowego oraz zmniejsza uczucie zm\u0119czenia i znu\u017cenia. Wegan Bez glutenu Bez laktozy Bez GMO Wyprodukowane zgodnie z surowymi [&hellip;]<\/p>\n","protected":false},"featured_media":57865,"template":"","meta":{"_acf_changed":false},"product_brand":[10220],"product_cat":[552,569],"product_tag":[],"class_list":{"0":"post-66014","1":"product","2":"type-product","3":"status-publish","4":"has-post-thumbnail","6":"product_brand-vit4ever-pl","7":"product_cat-aminokwasy","8":"product_cat-produkty-od-a-z","10":"first","11":"instock","12":"taxable","13":"shipping-taxable","14":"purchasable","15":"product-type-simple"},"acf":[],"_links":{"self":[{"href":"https:\/\/vitalstoffversand.com\/pl\/wp-json\/wp\/v2\/product\/66014","targetHints":{"allow":["GET"]}}],"collection":[{"href":"https:\/\/vitalstoffversand.com\/pl\/wp-json\/wp\/v2\/product"}],"about":[{"href":"https:\/\/vitalstoffversand.com\/pl\/wp-json\/wp\/v2\/types\/product"}],"wp:featuredmedia":[{"embeddable":true,"href":"https:\/\/vitalstoffversand.com\/pl\/wp-json\/wp\/v2\/media\/57865"}],"wp:attachment":[{"href":"https:\/\/vitalstoffversand.com\/pl\/wp-json\/wp\/v2\/media?parent=66014"}],"wp:term":[{"taxonomy":"product_brand","embeddable":true,"href":"https:\/\/vitalstoffversand.com\/pl\/wp-json\/wp\/v2\/product_brand?post=66014"},{"taxonomy":"product_cat","embeddable":true,"href":"https:\/\/vitalstoffversand.com\/pl\/wp-json\/wp\/v2\/product_cat?post=66014"},{"taxonomy":"product_tag","embeddable":true,"href":"https:\/\/vitalstoffversand.com\/pl\/wp-json\/wp\/v2\/product_tag?post=66014"}],"curies":[{"name":"wp","href":"https:\/\/api.w.org\/{rel}","templated":true}]}}