{"id":66006,"date":"2025-06-11T16:47:45","date_gmt":"2025-06-11T14:47:45","guid":{"rendered":"https:\/\/vitalstoffversand.com\/produkt\/vit4ever-glukozamina-300-kapsulek\/"},"modified":"2025-06-11T16:47:45","modified_gmt":"2025-06-11T14:47:45","slug":"vit4ever-glukozamina-300-kapsulek","status":"publish","type":"product","link":"https:\/\/vitalstoffversand.com\/pl\/produkt-pl\/vit4ever-glukozamina-300-kapsulek\/","title":{"rendered":"Vit4ever <br>Glukozamina \u2013 300 kapsu\u0142ek"},"content":{"rendered":"<p>Glukozamina jest zwi\u0105zkiem wyst\u0119puj\u0105cym naturalnie i stanowi sk\u0142adnik r\u00f3\u017cnych zwi\u0105zk\u00f3w strukturalnych.<\/p>\n<p>Kapsu\u0142ki zawieraj\u0105 wyj\u0105tkowo czysty, bioaktywny siarczan D-glukozaminy, dzi\u0119ki czemu s\u0105 odpowiednie r\u00f3wnie\u017c dla wegan.<\/p>\n<ul>\n<li>Wegan<\/li>\n<li>Bez glutenu<\/li>\n<li>Bez laktozy<\/li>\n<li>Bez GMO<\/li>\n<li>Wyprodukowane zgodnie z surowymi normami jako\u015bci UE<\/li>\n<\/ul>\n","protected":false},"excerpt":{"rendered":"<p>Glukozamina jest zwi\u0105zkiem wyst\u0119puj\u0105cym naturalnie i stanowi sk\u0142adnik r\u00f3\u017cnych zwi\u0105zk\u00f3w strukturalnych. Kapsu\u0142ki zawieraj\u0105 wyj\u0105tkowo czysty, bioaktywny siarczan D-glukozaminy, dzi\u0119ki czemu s\u0105 odpowiednie r\u00f3wnie\u017c dla wegan. Wegan Bez glutenu Bez laktozy Bez GMO Wyprodukowane zgodnie z surowymi normami jako\u015bci UE<\/p>\n","protected":false},"featured_media":57825,"template":"","meta":{"_acf_changed":false},"product_brand":[10220],"product_cat":[560,569],"product_tag":[],"class_list":{"0":"post-66006","1":"product","2":"type-product","3":"status-publish","4":"has-post-thumbnail","6":"product_brand-vit4ever-pl","7":"product_cat-skladniki-odzywcze","8":"product_cat-produkty-od-a-z","10":"first","11":"instock","12":"taxable","13":"shipping-taxable","14":"purchasable","15":"product-type-simple"},"acf":[],"_links":{"self":[{"href":"https:\/\/vitalstoffversand.com\/pl\/wp-json\/wp\/v2\/product\/66006","targetHints":{"allow":["GET"]}}],"collection":[{"href":"https:\/\/vitalstoffversand.com\/pl\/wp-json\/wp\/v2\/product"}],"about":[{"href":"https:\/\/vitalstoffversand.com\/pl\/wp-json\/wp\/v2\/types\/product"}],"wp:featuredmedia":[{"embeddable":true,"href":"https:\/\/vitalstoffversand.com\/pl\/wp-json\/wp\/v2\/media\/57825"}],"wp:attachment":[{"href":"https:\/\/vitalstoffversand.com\/pl\/wp-json\/wp\/v2\/media?parent=66006"}],"wp:term":[{"taxonomy":"product_brand","embeddable":true,"href":"https:\/\/vitalstoffversand.com\/pl\/wp-json\/wp\/v2\/product_brand?post=66006"},{"taxonomy":"product_cat","embeddable":true,"href":"https:\/\/vitalstoffversand.com\/pl\/wp-json\/wp\/v2\/product_cat?post=66006"},{"taxonomy":"product_tag","embeddable":true,"href":"https:\/\/vitalstoffversand.com\/pl\/wp-json\/wp\/v2\/product_tag?post=66006"}],"curies":[{"name":"wp","href":"https:\/\/api.w.org\/{rel}","templated":true}]}}