{"id":66001,"date":"2025-04-08T11:32:55","date_gmt":"2025-04-08T09:32:55","guid":{"rendered":"https:\/\/vitalstoffversand.com\/produkt\/vit4ever-kwas-foliowy-365-tabletek\/"},"modified":"2025-04-08T11:32:55","modified_gmt":"2025-04-08T09:32:55","slug":"vit4ever-kwas-foliowy-365-tabletek","status":"publish","type":"product","link":"https:\/\/vitalstoffversand.com\/pl\/produkt-pl\/vit4ever-kwas-foliowy-365-tabletek\/","title":{"rendered":"Vit4ever <br>Kwas foliowy &#8211; 365 tabletek"},"content":{"rendered":"<p><a href=\"https:\/\/vitalstoffversand.com\/knowledge-base\/vitamin-b9-folat\/\" target=\"_blank\" rel=\"noopener\"><strong><span style=\"color: #0000ff;\">\u2192 Kwas foliowy (witamina B9)<\/span><\/strong><\/a> jest syntetyczn\u0105 form\u0105 kwasu foliowego, kt\u00f3ry naturalnie wyst\u0119puje g\u0142\u00f3wnie w \u017cywno\u015bci pochodzenia ro\u015blinnego (warzywa li\u015bciaste, orzechy).<\/p>\n<p>Kwas foliowy jest szczeg\u00f3lnie stabiln\u0105 i \u0142atwo przyswajaln\u0105 form\u0105 witaminy B9.<\/p>\n<ul>\n<li>Wegan<\/li>\n<li>Bez glutenu<\/li>\n<li>Bez laktozy<\/li>\n<li>Bez GMO<\/li>\n<li>Wyprodukowane zgodnie z surowymi normami jako\u015bci UE<\/li>\n<\/ul>\n","protected":false},"excerpt":{"rendered":"<p>\u2192 Kwas foliowy (witamina B9) jest syntetyczn\u0105 form\u0105 kwasu foliowego, kt\u00f3ry naturalnie wyst\u0119puje g\u0142\u00f3wnie w \u017cywno\u015bci pochodzenia ro\u015blinnego (warzywa li\u015bciaste, orzechy). Kwas foliowy jest szczeg\u00f3lnie stabiln\u0105 i \u0142atwo przyswajaln\u0105 form\u0105 witaminy B9. Wegan Bez glutenu Bez laktozy Bez GMO Wyprodukowane zgodnie z surowymi normami jako\u015bci UE<\/p>\n","protected":false},"featured_media":57697,"template":"","meta":{"_acf_changed":false},"product_brand":[10220],"product_cat":[564,569],"product_tag":[],"class_list":{"0":"post-66001","1":"product","2":"type-product","3":"status-publish","4":"has-post-thumbnail","6":"product_brand-vit4ever-pl","7":"product_cat-witaminy","8":"product_cat-produkty-od-a-z","10":"first","11":"instock","12":"taxable","13":"shipping-taxable","14":"purchasable","15":"product-type-simple"},"acf":[],"_links":{"self":[{"href":"https:\/\/vitalstoffversand.com\/pl\/wp-json\/wp\/v2\/product\/66001","targetHints":{"allow":["GET"]}}],"collection":[{"href":"https:\/\/vitalstoffversand.com\/pl\/wp-json\/wp\/v2\/product"}],"about":[{"href":"https:\/\/vitalstoffversand.com\/pl\/wp-json\/wp\/v2\/types\/product"}],"wp:featuredmedia":[{"embeddable":true,"href":"https:\/\/vitalstoffversand.com\/pl\/wp-json\/wp\/v2\/media\/57697"}],"wp:attachment":[{"href":"https:\/\/vitalstoffversand.com\/pl\/wp-json\/wp\/v2\/media?parent=66001"}],"wp:term":[{"taxonomy":"product_brand","embeddable":true,"href":"https:\/\/vitalstoffversand.com\/pl\/wp-json\/wp\/v2\/product_brand?post=66001"},{"taxonomy":"product_cat","embeddable":true,"href":"https:\/\/vitalstoffversand.com\/pl\/wp-json\/wp\/v2\/product_cat?post=66001"},{"taxonomy":"product_tag","embeddable":true,"href":"https:\/\/vitalstoffversand.com\/pl\/wp-json\/wp\/v2\/product_tag?post=66001"}],"curies":[{"name":"wp","href":"https:\/\/api.w.org\/{rel}","templated":true}]}}