{"id":65881,"date":"2025-04-07T17:56:17","date_gmt":"2025-04-07T15:56:17","guid":{"rendered":"https:\/\/vitalstoffversand.com\/produkt\/vit4ever-krem-pistacjowy-300-g-rozne-smaki\/"},"modified":"2025-04-07T17:56:17","modified_gmt":"2025-04-07T15:56:17","slug":"vit4ever-krem-pistacjowy-300-g-rozne-smaki","status":"publish","type":"product","link":"https:\/\/vitalstoffversand.com\/pl\/produkt-pl\/vit4ever-krem-pistacjowy-300-g-rozne-smaki\/","title":{"rendered":"Vit4ever <br>Krem pistacjowy &#8211; 300 g &#8211; r\u00f3\u017cne smaki"},"content":{"rendered":"<p>Pistacje maj\u0105 niepowtarzalny smak.<\/p>\n<p>To wystarczaj\u0105cy pow\u00f3d, by rozkoszowa\u0107 si\u0119 tym wspania\u0142ym smakiem w postaci czystego kremu pistacjowego, w po\u0142\u0105czeniu z bia\u0142\u0105 czekolad\u0105 lub w stylu dubajskim.<\/p>\n<p>Czyste mas\u0142o pistacjowe daje 100% pra\u017conych pistacji, a tym samym czysty smak, podczas gdy mas\u0142o pistacjowe z bia\u0142\u0105 czekolad\u0105 uzyskuje sw\u00f3j dobrze zaokr\u0105glony smak z 69% pistacji, 30% bia\u0142ej czekolady i odrobiny aromatu waniliowego, przy czym bia\u0142a czekolada jest s\u0142odzona maltitolem zamiast tradycyjnego cukru.<\/p>\n<p>Krem pistacjowy w stylu dubajskim wzbogacony jest mleczn\u0105 czekolad\u0105 i tradycyjnymi kawa\u0142kami kadayif, zapewniaj\u0105c wyj\u0105tkowe po\u0142\u0105czenie kremowej konsystencji i chrupko\u015bci.<\/p>\n<p>Cudownie kremowy i idealny jako smarowid\u0142o lub do uszlachetniania potraw, deser\u00f3w i nie tylko.<\/p>\n<p>Uwaga: W przypadku tego produktu normalnym zjawiskiem jest wyp\u0142ywanie oleju na powierzchni\u0119. Wystarczy kr\u00f3tko wymiesza\u0107, aby przywr\u00f3ci\u0107 kremow\u0105 konsystencj\u0119. <\/p>\n<ul>\n<li>Bez oleju palmowego<\/li>\n<li>Bez cukru<\/li>\n<li>Bez GMO<\/li>\n<li>Wyprodukowane zgodnie z surowymi normami jako\u015bci UE<\/li>\n<\/ul>\n","protected":false},"excerpt":{"rendered":"<p>Pistacje maj\u0105 niepowtarzalny smak. To wystarczaj\u0105cy pow\u00f3d, by rozkoszowa\u0107 si\u0119 tym wspania\u0142ym smakiem w postaci czystego kremu pistacjowego, w po\u0142\u0105czeniu z bia\u0142\u0105 czekolad\u0105 lub w stylu dubajskim. Czyste mas\u0142o pistacjowe daje 100% pra\u017conych pistacji, a tym samym czysty smak, podczas gdy mas\u0142o pistacjowe z bia\u0142\u0105 czekolad\u0105 uzyskuje sw\u00f3j dobrze zaokr\u0105glony smak z 69% pistacji, 30% [&hellip;]<\/p>\n","protected":false},"featured_media":57289,"template":"","meta":{"_acf_changed":false},"product_brand":[10220],"product_cat":[549,569],"product_tag":[],"class_list":{"0":"post-65881","1":"product","2":"type-product","3":"status-publish","4":"has-post-thumbnail","6":"product_brand-vit4ever-pl","7":"product_cat-gotowanie-i-przekaski","8":"product_cat-produkty-od-a-z","10":"first","11":"instock","12":"sale","13":"taxable","14":"shipping-taxable","15":"purchasable","16":"product-type-variable"},"acf":[],"_links":{"self":[{"href":"https:\/\/vitalstoffversand.com\/pl\/wp-json\/wp\/v2\/product\/65881","targetHints":{"allow":["GET"]}}],"collection":[{"href":"https:\/\/vitalstoffversand.com\/pl\/wp-json\/wp\/v2\/product"}],"about":[{"href":"https:\/\/vitalstoffversand.com\/pl\/wp-json\/wp\/v2\/types\/product"}],"wp:featuredmedia":[{"embeddable":true,"href":"https:\/\/vitalstoffversand.com\/pl\/wp-json\/wp\/v2\/media\/57289"}],"wp:attachment":[{"href":"https:\/\/vitalstoffversand.com\/pl\/wp-json\/wp\/v2\/media?parent=65881"}],"wp:term":[{"taxonomy":"product_brand","embeddable":true,"href":"https:\/\/vitalstoffversand.com\/pl\/wp-json\/wp\/v2\/product_brand?post=65881"},{"taxonomy":"product_cat","embeddable":true,"href":"https:\/\/vitalstoffversand.com\/pl\/wp-json\/wp\/v2\/product_cat?post=65881"},{"taxonomy":"product_tag","embeddable":true,"href":"https:\/\/vitalstoffversand.com\/pl\/wp-json\/wp\/v2\/product_tag?post=65881"}],"curies":[{"name":"wp","href":"https:\/\/api.w.org\/{rel}","templated":true}]}}