{"id":65870,"date":"2025-04-07T17:18:06","date_gmt":"2025-04-07T15:18:06","guid":{"rendered":"https:\/\/vitalstoffversand.com\/produkt\/vit4ever-ekstrakt-z-szalwii-240-kapsulek\/"},"modified":"2025-04-07T17:18:06","modified_gmt":"2025-04-07T15:18:06","slug":"vit4ever-ekstrakt-z-szalwii-240-kapsulek","status":"publish","type":"product","link":"https:\/\/vitalstoffversand.com\/pl\/produkt-pl\/vit4ever-ekstrakt-z-szalwii-240-kapsulek\/","title":{"rendered":"Vit4ever <br>Ekstrakt z sza\u0142wii &#8211; 240 kapsu\u0142ek"},"content":{"rendered":"<p>Sza\u0142wia od wiek\u00f3w jest ceniona i wykorzystywana jako cenna ro\u015blina lecznicza i aromatyczna w medycynie ludowej i naturopatii, a tak\u017ce w kuchni.<\/p>\n<p>Sza\u0142wia zawiera cenne olejki eteryczne, kt\u00f3re s\u0105 r\u00f3wnie\u017c obecne w tym ekstrakcie w st\u0119\u017ceniu 2%, zachowuj\u0105c w ten spos\u00f3b naturalny charakter ro\u015bliny.<\/p>\n<ul>\n<li>Wegan<\/li>\n<li>Bez glutenu<\/li>\n<li>Bez laktozy<\/li>\n<li>Bez GMO<\/li>\n<li>Wyprodukowane zgodnie z surowymi normami jako\u015bci UE<\/li>\n<\/ul>\n","protected":false},"excerpt":{"rendered":"<p>Sza\u0142wia od wiek\u00f3w jest ceniona i wykorzystywana jako cenna ro\u015blina lecznicza i aromatyczna w medycynie ludowej i naturopatii, a tak\u017ce w kuchni. Sza\u0142wia zawiera cenne olejki eteryczne, kt\u00f3re s\u0105 r\u00f3wnie\u017c obecne w tym ekstrakcie w st\u0119\u017ceniu 2%, zachowuj\u0105c w ten spos\u00f3b naturalny charakter ro\u015bliny. Wegan Bez glutenu Bez laktozy Bez GMO Wyprodukowane zgodnie z surowymi [&hellip;]<\/p>\n","protected":false},"featured_media":57225,"template":"","meta":{"_acf_changed":false},"product_brand":[10220],"product_cat":[560,569],"product_tag":[],"class_list":{"0":"post-65870","1":"product","2":"type-product","3":"status-publish","4":"has-post-thumbnail","6":"product_brand-vit4ever-pl","7":"product_cat-skladniki-odzywcze","8":"product_cat-produkty-od-a-z","10":"first","11":"instock","12":"taxable","13":"shipping-taxable","14":"purchasable","15":"product-type-simple"},"acf":[],"_links":{"self":[{"href":"https:\/\/vitalstoffversand.com\/pl\/wp-json\/wp\/v2\/product\/65870","targetHints":{"allow":["GET"]}}],"collection":[{"href":"https:\/\/vitalstoffversand.com\/pl\/wp-json\/wp\/v2\/product"}],"about":[{"href":"https:\/\/vitalstoffversand.com\/pl\/wp-json\/wp\/v2\/types\/product"}],"wp:featuredmedia":[{"embeddable":true,"href":"https:\/\/vitalstoffversand.com\/pl\/wp-json\/wp\/v2\/media\/57225"}],"wp:attachment":[{"href":"https:\/\/vitalstoffversand.com\/pl\/wp-json\/wp\/v2\/media?parent=65870"}],"wp:term":[{"taxonomy":"product_brand","embeddable":true,"href":"https:\/\/vitalstoffversand.com\/pl\/wp-json\/wp\/v2\/product_brand?post=65870"},{"taxonomy":"product_cat","embeddable":true,"href":"https:\/\/vitalstoffversand.com\/pl\/wp-json\/wp\/v2\/product_cat?post=65870"},{"taxonomy":"product_tag","embeddable":true,"href":"https:\/\/vitalstoffversand.com\/pl\/wp-json\/wp\/v2\/product_tag?post=65870"}],"curies":[{"name":"wp","href":"https:\/\/api.w.org\/{rel}","templated":true}]}}