{"id":65856,"date":"2025-04-07T14:03:09","date_gmt":"2025-04-07T12:03:09","guid":{"rendered":"https:\/\/vitalstoffversand.com\/produkt\/vit4ever-peptydy-kolagenowe-300-tabletek\/"},"modified":"2025-04-07T14:03:09","modified_gmt":"2025-04-07T12:03:09","slug":"vit4ever-peptydy-kolagenowe-300-tabletek","status":"publish","type":"product","link":"https:\/\/vitalstoffversand.com\/pl\/produkt-pl\/vit4ever-peptydy-kolagenowe-300-tabletek\/","title":{"rendered":"Vit4ever <br>Peptydy kolagenowe &#8211; 300 tabletek"},"content":{"rendered":"<p>Peptydy kolagenowe otrzymywane s\u0105 z wysokiej jako\u015bci kolagenu bydl\u0119cego.<\/p>\n<p>Kolagen bydl\u0119cy zawiera glicyn\u0119, prolin\u0119 i hydroksyprolin\u0119 i ma wysok\u0105 biodost\u0119pno\u015b\u0107.<\/p>\n<p>Forma dawkowania bezsmakowej tabletki ma t\u0119 zalet\u0119, \u017ce jest stosunkowo \u0142atwa w transporcie, co czyni ten produkt idealnym w podr\u00f3\u017cy.<\/p>\n<p>Ponadto tabletki mo\u017cna \u0142atwo dozowa\u0107 bez konieczno\u015bci odmierzania.<\/p>\n<ul>\n<li>Bez glutenu<\/li>\n<li>Bez laktozy<\/li>\n<li>Bez GMO<\/li>\n<li>Wyprodukowane zgodnie z surowymi normami jako\u015bci UE<\/li>\n<\/ul>\n","protected":false},"excerpt":{"rendered":"<p>Peptydy kolagenowe otrzymywane s\u0105 z wysokiej jako\u015bci kolagenu bydl\u0119cego. Kolagen bydl\u0119cy zawiera glicyn\u0119, prolin\u0119 i hydroksyprolin\u0119 i ma wysok\u0105 biodost\u0119pno\u015b\u0107. Forma dawkowania bezsmakowej tabletki ma t\u0119 zalet\u0119, \u017ce jest stosunkowo \u0142atwa w transporcie, co czyni ten produkt idealnym w podr\u00f3\u017cy. Ponadto tabletki mo\u017cna \u0142atwo dozowa\u0107 bez konieczno\u015bci odmierzania. Bez glutenu Bez laktozy Bez GMO Wyprodukowane [&hellip;]<\/p>\n","protected":false},"featured_media":56985,"template":"","meta":{"_acf_changed":false},"product_brand":[10220],"product_cat":[557,569],"product_tag":[],"class_list":{"0":"post-65856","1":"product","2":"type-product","3":"status-publish","4":"has-post-thumbnail","6":"product_brand-vit4ever-pl","7":"product_cat-bialka","8":"product_cat-produkty-od-a-z","10":"first","11":"instock","12":"taxable","13":"shipping-taxable","14":"purchasable","15":"product-type-simple"},"acf":[],"_links":{"self":[{"href":"https:\/\/vitalstoffversand.com\/pl\/wp-json\/wp\/v2\/product\/65856","targetHints":{"allow":["GET"]}}],"collection":[{"href":"https:\/\/vitalstoffversand.com\/pl\/wp-json\/wp\/v2\/product"}],"about":[{"href":"https:\/\/vitalstoffversand.com\/pl\/wp-json\/wp\/v2\/types\/product"}],"wp:featuredmedia":[{"embeddable":true,"href":"https:\/\/vitalstoffversand.com\/pl\/wp-json\/wp\/v2\/media\/56985"}],"wp:attachment":[{"href":"https:\/\/vitalstoffversand.com\/pl\/wp-json\/wp\/v2\/media?parent=65856"}],"wp:term":[{"taxonomy":"product_brand","embeddable":true,"href":"https:\/\/vitalstoffversand.com\/pl\/wp-json\/wp\/v2\/product_brand?post=65856"},{"taxonomy":"product_cat","embeddable":true,"href":"https:\/\/vitalstoffversand.com\/pl\/wp-json\/wp\/v2\/product_cat?post=65856"},{"taxonomy":"product_tag","embeddable":true,"href":"https:\/\/vitalstoffversand.com\/pl\/wp-json\/wp\/v2\/product_tag?post=65856"}],"curies":[{"name":"wp","href":"https:\/\/api.w.org\/{rel}","templated":true}]}}