{"id":65848,"date":"2025-09-01T18:56:57","date_gmt":"2025-09-01T16:56:57","guid":{"rendered":"https:\/\/vitalstoffversand.com\/produkt\/vit4ever-dziki-ignam-365-kapsulek\/"},"modified":"2026-03-21T15:54:08","modified_gmt":"2026-03-21T14:54:08","slug":"vit4ever-dziki-ignam-365-kapsulek","status":"publish","type":"product","link":"https:\/\/vitalstoffversand.com\/pl\/produkt-pl\/vit4ever-dziki-ignam-365-kapsulek\/","title":{"rendered":"Vit4ever <br>Dziki ignam \u2013 365 kapsu\u0142ek"},"content":{"rendered":"<p>Substancja czynna diosgenina, wyst\u0119puj\u0105ca w dzikim ignamie, jest bardzo podobna do \u017ce\u0144skiego hormonu progesteronu i dlatego ch\u0119tnie stosuje si\u0119 j\u0105 w celach terapeutycznych.<\/p>\n<p>Ponadto diosgenina jest w stanie stymulowa\u0107 wydzielanie endogennego DHEA (dehydroepiandrosteronu).<\/p>\n<ul>\n<li>Wegan<\/li>\n<li>Bez glutenu<\/li>\n<li>Bez laktozy<\/li>\n<li>Bez GMO<\/li>\n<li>Wyprodukowane zgodnie z surowymi normami jako\u015bci UE<\/li>\n<\/ul>\n","protected":false},"excerpt":{"rendered":"<p>Substancja czynna diosgenina, wyst\u0119puj\u0105ca w dzikim ignamie, jest bardzo podobna do \u017ce\u0144skiego hormonu progesteronu i dlatego ch\u0119tnie stosuje si\u0119 j\u0105 w celach terapeutycznych. Ponadto diosgenina jest w stanie stymulowa\u0107 wydzielanie endogennego DHEA (dehydroepiandrosteronu). Wegan Bez glutenu Bez laktozy Bez GMO Wyprodukowane zgodnie z surowymi normami jako\u015bci UE<\/p>\n","protected":false},"featured_media":56641,"template":"","meta":{"_acf_changed":false},"product_brand":[10220],"product_cat":[560,569],"product_tag":[],"class_list":{"0":"post-65848","1":"product","2":"type-product","3":"status-publish","4":"has-post-thumbnail","6":"product_brand-vit4ever-pl","7":"product_cat-skladniki-odzywcze","8":"product_cat-produkty-od-a-z","10":"first","11":"instock","12":"taxable","13":"shipping-taxable","14":"purchasable","15":"product-type-simple"},"acf":[],"_links":{"self":[{"href":"https:\/\/vitalstoffversand.com\/pl\/wp-json\/wp\/v2\/product\/65848","targetHints":{"allow":["GET"]}}],"collection":[{"href":"https:\/\/vitalstoffversand.com\/pl\/wp-json\/wp\/v2\/product"}],"about":[{"href":"https:\/\/vitalstoffversand.com\/pl\/wp-json\/wp\/v2\/types\/product"}],"wp:featuredmedia":[{"embeddable":true,"href":"https:\/\/vitalstoffversand.com\/pl\/wp-json\/wp\/v2\/media\/56641"}],"wp:attachment":[{"href":"https:\/\/vitalstoffversand.com\/pl\/wp-json\/wp\/v2\/media?parent=65848"}],"wp:term":[{"taxonomy":"product_brand","embeddable":true,"href":"https:\/\/vitalstoffversand.com\/pl\/wp-json\/wp\/v2\/product_brand?post=65848"},{"taxonomy":"product_cat","embeddable":true,"href":"https:\/\/vitalstoffversand.com\/pl\/wp-json\/wp\/v2\/product_cat?post=65848"},{"taxonomy":"product_tag","embeddable":true,"href":"https:\/\/vitalstoffversand.com\/pl\/wp-json\/wp\/v2\/product_tag?post=65848"}],"curies":[{"name":"wp","href":"https:\/\/api.w.org\/{rel}","templated":true}]}}