{"id":65841,"date":"2025-09-01T18:49:14","date_gmt":"2025-09-01T16:49:14","guid":{"rendered":"https:\/\/vitalstoffversand.com\/produkt\/vit4ever-kompleks-elektrolitow-600-tabletek\/"},"modified":"2026-03-21T15:55:02","modified_gmt":"2026-03-21T14:55:02","slug":"vit4ever-kompleks-elektrolitow-600-tabletek","status":"publish","type":"product","link":"https:\/\/vitalstoffversand.com\/pl\/produkt-pl\/vit4ever-kompleks-elektrolitow-600-tabletek\/","title":{"rendered":"Vit4ever <br>Kompleks elektrolit\u00f3w \u2013 600 tabletek"},"content":{"rendered":"<p>Electrolyte Complex to \u0142atwy spos\u00f3b na utrzymanie r\u00f3wnowagi elektrolitowej i zapewnienie odpowiedniego nawodnienia organizmu.<\/p>\n<p>Niezale\u017cnie od tego, czy uprawiasz sport, jeste\u015b entuzjast\u0105 fitnessu, pracujesz fizycznie, czy po prostu martwisz si\u0119 o swoje zdrowie.<br \/>\nDzi\u0119ki \u0142atwym do przenoszenia i przyjmowania tabletkom elektrolitowym jeste\u015b przygotowany na ka\u017cd\u0105 sytuacj\u0119.<\/p>\n<ul>\n<li>Wegan<\/li>\n<li>Bez glutenu<\/li>\n<li>Bez laktozy<\/li>\n<li>Bez GMO<\/li>\n<li>Wyprodukowane zgodnie z surowymi normami jako\u015bci UE<\/li>\n<\/ul>\n","protected":false},"excerpt":{"rendered":"<p>Electrolyte Complex to \u0142atwy spos\u00f3b na utrzymanie r\u00f3wnowagi elektrolitowej i zapewnienie odpowiedniego nawodnienia organizmu. Niezale\u017cnie od tego, czy uprawiasz sport, jeste\u015b entuzjast\u0105 fitnessu, pracujesz fizycznie, czy po prostu martwisz si\u0119 o swoje zdrowie. Dzi\u0119ki \u0142atwym do przenoszenia i przyjmowania tabletkom elektrolitowym jeste\u015b przygotowany na ka\u017cd\u0105 sytuacj\u0119. Wegan Bez glutenu Bez laktozy Bez GMO Wyprodukowane zgodnie [&hellip;]<\/p>\n","protected":false},"featured_media":56281,"template":"","meta":{"_acf_changed":false},"product_brand":[10220],"product_cat":[556,569],"product_tag":[],"class_list":{"0":"post-65841","1":"product","2":"type-product","3":"status-publish","4":"has-post-thumbnail","6":"product_brand-vit4ever-pl","7":"product_cat-mineraly-i-pierwiastki-sladowe","8":"product_cat-produkty-od-a-z","10":"first","11":"instock","12":"taxable","13":"shipping-taxable","14":"purchasable","15":"product-type-simple"},"acf":[],"_links":{"self":[{"href":"https:\/\/vitalstoffversand.com\/pl\/wp-json\/wp\/v2\/product\/65841","targetHints":{"allow":["GET"]}}],"collection":[{"href":"https:\/\/vitalstoffversand.com\/pl\/wp-json\/wp\/v2\/product"}],"about":[{"href":"https:\/\/vitalstoffversand.com\/pl\/wp-json\/wp\/v2\/types\/product"}],"wp:featuredmedia":[{"embeddable":true,"href":"https:\/\/vitalstoffversand.com\/pl\/wp-json\/wp\/v2\/media\/56281"}],"wp:attachment":[{"href":"https:\/\/vitalstoffversand.com\/pl\/wp-json\/wp\/v2\/media?parent=65841"}],"wp:term":[{"taxonomy":"product_brand","embeddable":true,"href":"https:\/\/vitalstoffversand.com\/pl\/wp-json\/wp\/v2\/product_brand?post=65841"},{"taxonomy":"product_cat","embeddable":true,"href":"https:\/\/vitalstoffversand.com\/pl\/wp-json\/wp\/v2\/product_cat?post=65841"},{"taxonomy":"product_tag","embeddable":true,"href":"https:\/\/vitalstoffversand.com\/pl\/wp-json\/wp\/v2\/product_tag?post=65841"}],"curies":[{"name":"wp","href":"https:\/\/api.w.org\/{rel}","templated":true}]}}