{"id":65825,"date":"2025-10-02T12:28:47","date_gmt":"2025-10-02T10:28:47","guid":{"rendered":"https:\/\/vitalstoffversand.com\/produkt\/vit4ever-elektrolity-w-proszku-400-g-rozne-rodzaje\/"},"modified":"2025-10-02T12:28:47","modified_gmt":"2025-10-02T10:28:47","slug":"vit4ever-elektrolity-w-proszku-400-g-rozne-rodzaje","status":"publish","type":"product","link":"https:\/\/vitalstoffversand.com\/pl\/produkt-pl\/vit4ever-elektrolity-w-proszku-400-g-rozne-rodzaje\/","title":{"rendered":"Vit4ever <br>Elektrolity w proszku \u2013 400 g \u2013 r\u00f3\u017cne smaki"},"content":{"rendered":"<p>Spory zapas proszku Electrolyte Hydration Formula.<\/p>\n<p>Smaczny i skuteczny spos\u00f3b dla sportowc\u00f3w, mi\u0142o\u015bnik\u00f3w fitnessu, a tak\u017ce wszystkich innych os\u00f3b na optymalizacj\u0119 gospodarki wodnej organizmu i zapobieganie odwodnieniu.<\/p>\n<p>Alternatywnie dost\u0119pny jest r\u00f3wnie\u017c mniejszy rozmiar <a href=\"https:\/\/vitalstoffversand.com\/produkt\/vit4ever-elektrolyte-pulver-200g\/\">\u2192 elektrolity w proszku, o zawarto\u015bci 200 g<\/a>.<\/p>\n<ul>\n<li>Wegan<\/li>\n<li>Bez glutenu<\/li>\n<li>Bez laktozy<\/li>\n<li>Bez cukru<\/li>\n<li>Bez GMO<\/li>\n<li>Wyprodukowane zgodnie z surowymi normami jako\u015bci UE<\/li>\n<\/ul>\n","protected":false},"excerpt":{"rendered":"<p>Spory zapas proszku Electrolyte Hydration Formula. Smaczny i skuteczny spos\u00f3b dla sportowc\u00f3w, mi\u0142o\u015bnik\u00f3w fitnessu, a tak\u017ce wszystkich innych os\u00f3b na optymalizacj\u0119 gospodarki wodnej organizmu i zapobieganie odwodnieniu. Alternatywnie dost\u0119pny jest r\u00f3wnie\u017c mniejszy rozmiar \u2192 elektrolity w proszku, o zawarto\u015bci 200 g. Wegan Bez glutenu Bez laktozy Bez cukru Bez GMO Wyprodukowane zgodnie z surowymi normami [&hellip;]<\/p>\n","protected":false},"featured_media":56233,"template":"","meta":{"_acf_changed":false},"product_brand":[10220],"product_cat":[556,569],"product_tag":[],"class_list":{"0":"post-65825","1":"product","2":"type-product","3":"status-publish","4":"has-post-thumbnail","6":"product_brand-vit4ever-pl","7":"product_cat-mineraly-i-pierwiastki-sladowe","8":"product_cat-produkty-od-a-z","10":"first","11":"instock","12":"taxable","13":"shipping-taxable","14":"purchasable","15":"product-type-variable"},"acf":[],"_links":{"self":[{"href":"https:\/\/vitalstoffversand.com\/pl\/wp-json\/wp\/v2\/product\/65825","targetHints":{"allow":["GET"]}}],"collection":[{"href":"https:\/\/vitalstoffversand.com\/pl\/wp-json\/wp\/v2\/product"}],"about":[{"href":"https:\/\/vitalstoffversand.com\/pl\/wp-json\/wp\/v2\/types\/product"}],"wp:featuredmedia":[{"embeddable":true,"href":"https:\/\/vitalstoffversand.com\/pl\/wp-json\/wp\/v2\/media\/56233"}],"wp:attachment":[{"href":"https:\/\/vitalstoffversand.com\/pl\/wp-json\/wp\/v2\/media?parent=65825"}],"wp:term":[{"taxonomy":"product_brand","embeddable":true,"href":"https:\/\/vitalstoffversand.com\/pl\/wp-json\/wp\/v2\/product_brand?post=65825"},{"taxonomy":"product_cat","embeddable":true,"href":"https:\/\/vitalstoffversand.com\/pl\/wp-json\/wp\/v2\/product_cat?post=65825"},{"taxonomy":"product_tag","embeddable":true,"href":"https:\/\/vitalstoffversand.com\/pl\/wp-json\/wp\/v2\/product_tag?post=65825"}],"curies":[{"name":"wp","href":"https:\/\/api.w.org\/{rel}","templated":true}]}}