{"id":65809,"date":"2025-06-11T16:17:45","date_gmt":"2025-06-11T14:17:45","guid":{"rendered":"https:\/\/vitalstoffversand.com\/produkt\/vit4ever-glucomannan-korzen-konjaku-240-kapsulek\/"},"modified":"2025-06-11T16:17:45","modified_gmt":"2025-06-11T14:17:45","slug":"vit4ever-glucomannan-korzen-konjaku-240-kapsulek","status":"publish","type":"product","link":"https:\/\/vitalstoffversand.com\/pl\/produkt-pl\/vit4ever-glucomannan-korzen-konjaku-240-kapsulek\/","title":{"rendered":"Vit4ever <br>Glucomannan (korze\u0144 konjaku) \u2013 240 kapsu\u0142ek"},"content":{"rendered":"<p><span style=\"color: #0000ff;\"><strong><a href=\"https:\/\/vitalstoffversand.com\/knowledge-base\/glucomannan-konjak-mannan\/\" target=\"_blank\" rel=\"noopener\">\u2192 Glukomannan<\/a><\/strong><\/span> (zwany r\u00f3wnie\u017c mannanem konjac) to b\u0142onnik pochodz\u0105cy z korzenia konjac, kt\u00f3ry, jak potwierdzaj\u0105 badania naukowe, stanowi naturalny \u015brodek wspomagaj\u0105cy odchudzanie.<\/p>\n<p>Dzi\u0119ki swojej du\u017cej zdolno\u015bci do p\u0119cznienia zwi\u0119ksza obj\u0119to\u015b\u0107 w \u017co\u0142\u0105dku, co sprzyja uczuciu syto\u015bci.<\/p>\n<p>Produkt uzupe\u0142nia <span style=\"color: #0000ff;\"><strong><a href=\"https:\/\/vitalstoffversand.com\/knowledge-base\/chrom\/\" target=\"_blank\" rel=\"noopener\">\u2192 chrom<\/a><\/strong><\/span>, kt\u00f3ry wspomaga prawid\u0142owy metabolizm.<\/p>\n<ul>\n<li>Wegan<\/li>\n<li>Bez glutenu<\/li>\n<li>Bez laktozy<\/li>\n<li>Bez GMO<\/li>\n<li>Wyprodukowane zgodnie z surowymi normami jako\u015bci UE<\/li>\n<\/ul>\n","protected":false},"excerpt":{"rendered":"<p>\u2192 Glukomannan (zwany r\u00f3wnie\u017c mannanem konjac) to b\u0142onnik pochodz\u0105cy z korzenia konjac, kt\u00f3ry, jak potwierdzaj\u0105 badania naukowe, stanowi naturalny \u015brodek wspomagaj\u0105cy odchudzanie. Dzi\u0119ki swojej du\u017cej zdolno\u015bci do p\u0119cznienia zwi\u0119ksza obj\u0119to\u015b\u0107 w \u017co\u0142\u0105dku, co sprzyja uczuciu syto\u015bci. Produkt uzupe\u0142nia \u2192 chrom, kt\u00f3ry wspomaga prawid\u0142owy metabolizm. Wegan Bez glutenu Bez laktozy Bez GMO Wyprodukowane zgodnie z surowymi [&hellip;]<\/p>\n","protected":false},"featured_media":55833,"template":"","meta":{"_acf_changed":false},"product_brand":[10220],"product_cat":[560,569],"product_tag":[],"class_list":{"0":"post-65809","1":"product","2":"type-product","3":"status-publish","4":"has-post-thumbnail","6":"product_brand-vit4ever-pl","7":"product_cat-skladniki-odzywcze","8":"product_cat-produkty-od-a-z","10":"first","11":"instock","12":"taxable","13":"shipping-taxable","14":"purchasable","15":"product-type-simple"},"acf":[],"_links":{"self":[{"href":"https:\/\/vitalstoffversand.com\/pl\/wp-json\/wp\/v2\/product\/65809","targetHints":{"allow":["GET"]}}],"collection":[{"href":"https:\/\/vitalstoffversand.com\/pl\/wp-json\/wp\/v2\/product"}],"about":[{"href":"https:\/\/vitalstoffversand.com\/pl\/wp-json\/wp\/v2\/types\/product"}],"wp:featuredmedia":[{"embeddable":true,"href":"https:\/\/vitalstoffversand.com\/pl\/wp-json\/wp\/v2\/media\/55833"}],"wp:attachment":[{"href":"https:\/\/vitalstoffversand.com\/pl\/wp-json\/wp\/v2\/media?parent=65809"}],"wp:term":[{"taxonomy":"product_brand","embeddable":true,"href":"https:\/\/vitalstoffversand.com\/pl\/wp-json\/wp\/v2\/product_brand?post=65809"},{"taxonomy":"product_cat","embeddable":true,"href":"https:\/\/vitalstoffversand.com\/pl\/wp-json\/wp\/v2\/product_cat?post=65809"},{"taxonomy":"product_tag","embeddable":true,"href":"https:\/\/vitalstoffversand.com\/pl\/wp-json\/wp\/v2\/product_tag?post=65809"}],"curies":[{"name":"wp","href":"https:\/\/api.w.org\/{rel}","templated":true}]}}