{"id":65804,"date":"2025-09-01T18:52:27","date_gmt":"2025-09-01T16:52:27","guid":{"rendered":"https:\/\/vitalstoffversand.com\/produkt\/vit4ever-wyciag-z-ostropestu-plamistego-365-kapsulek-termin-przydatnosci-do-spozycia-08-2026\/"},"modified":"2026-03-21T15:54:30","modified_gmt":"2026-03-21T14:54:30","slug":"vit4ever-wyciag-z-ostropestu-plamistego-365-kapsulek-termin-przydatnosci-do-spozycia-08-2026","status":"publish","type":"product","link":"https:\/\/vitalstoffversand.com\/pl\/produkt-pl\/vit4ever-wyciag-z-ostropestu-plamistego-365-kapsulek-termin-przydatnosci-do-spozycia-08-2026\/","title":{"rendered":"Vit4ever <br>Wyci\u0105g z ostropestu plamistego \u2013 365 kapsu\u0142ek (termin przydatno\u015bci do spo\u017cycia 08\/2026)"},"content":{"rendered":"<p>Ekstrakt z ostropestu plamistego o zawarto\u015bci sylimaryny wynosz\u0105cej 80%.<\/p>\n<p>Ostropest plamisty jest tradycyjnie stosowany w celu wspierania zdrowia w\u0105troby.<\/p>\n<ul>\n<li>wega\u0144ski<\/li>\n<li>Nie zawiera glutenu, laktozy, aromat\u00f3w, konserwant\u00f3w, stearynianu magnezu i oczywi\u015bcie GMO.<\/li>\n<\/ul>\n","protected":false},"excerpt":{"rendered":"<p>Ekstrakt z ostropestu plamistego o zawarto\u015bci sylimaryny wynosz\u0105cej 80%. Ostropest plamisty jest tradycyjnie stosowany w celu wspierania zdrowia w\u0105troby. wega\u0144ski Nie zawiera glutenu, laktozy, aromat\u00f3w, konserwant\u00f3w, stearynianu magnezu i oczywi\u015bcie GMO.<\/p>\n","protected":false},"featured_media":55793,"template":"","meta":{"_acf_changed":false},"product_brand":[10220],"product_cat":[560,541,569],"product_tag":[],"class_list":{"0":"post-65804","1":"product","2":"type-product","3":"status-publish","4":"has-post-thumbnail","6":"product_brand-vit4ever-pl","7":"product_cat-skladniki-odzywcze","8":"product_cat-zmniejszona","9":"product_cat-produkty-od-a-z","11":"first","12":"instock","13":"sale","14":"taxable","15":"shipping-taxable","16":"purchasable","17":"product-type-simple"},"acf":[],"_links":{"self":[{"href":"https:\/\/vitalstoffversand.com\/pl\/wp-json\/wp\/v2\/product\/65804","targetHints":{"allow":["GET"]}}],"collection":[{"href":"https:\/\/vitalstoffversand.com\/pl\/wp-json\/wp\/v2\/product"}],"about":[{"href":"https:\/\/vitalstoffversand.com\/pl\/wp-json\/wp\/v2\/types\/product"}],"wp:featuredmedia":[{"embeddable":true,"href":"https:\/\/vitalstoffversand.com\/pl\/wp-json\/wp\/v2\/media\/55793"}],"wp:attachment":[{"href":"https:\/\/vitalstoffversand.com\/pl\/wp-json\/wp\/v2\/media?parent=65804"}],"wp:term":[{"taxonomy":"product_brand","embeddable":true,"href":"https:\/\/vitalstoffversand.com\/pl\/wp-json\/wp\/v2\/product_brand?post=65804"},{"taxonomy":"product_cat","embeddable":true,"href":"https:\/\/vitalstoffversand.com\/pl\/wp-json\/wp\/v2\/product_cat?post=65804"},{"taxonomy":"product_tag","embeddable":true,"href":"https:\/\/vitalstoffversand.com\/pl\/wp-json\/wp\/v2\/product_tag?post=65804"}],"curies":[{"name":"wp","href":"https:\/\/api.w.org\/{rel}","templated":true}]}}