{"id":65791,"date":"2025-10-02T11:57:43","date_gmt":"2025-10-02T09:57:43","guid":{"rendered":"https:\/\/vitalstoffversand.com\/produkt\/vit4ever-krzem-365-kapsulek\/"},"modified":"2026-03-21T15:53:21","modified_gmt":"2026-03-21T14:53:21","slug":"vit4ever-krzem-365-kapsulek","status":"publish","type":"product","link":"https:\/\/vitalstoffversand.com\/pl\/produkt-pl\/vit4ever-krzem-365-kapsulek\/","title":{"rendered":"Vit4ever <br>Krzem \u2013 365 kapsu\u0142ek"},"content":{"rendered":"<p>Krzem firmy Vit4ever dostarcza Ci wysokiej jako\u015bci krzem organiczny pozyskany z p\u0119d\u00f3w bambusa, kt\u00f3re s\u0105 ro\u015blinnym, a jednocze\u015bnie najbogatszym \u017ar\u00f3d\u0142em tego pierwiastka.<\/p>\n<p>Idealny dla wszystkich, kt\u00f3rzy chc\u0105 kompleksowo zadba\u0107 o sk\u00f3r\u0119, w\u0142osy, paznokcie i tkank\u0119 \u0142\u0105czn\u0105.<\/p>\n<ul>\n<li>Wegan<\/li>\n<li>Bez glutenu<\/li>\n<li>Bez laktozy<\/li>\n<li>Bez GMO<\/li>\n<li>Wyprodukowane zgodnie z surowymi normami jako\u015bci UE<\/li>\n<\/ul>\n","protected":false},"excerpt":{"rendered":"<p>Krzem firmy Vit4ever dostarcza Ci wysokiej jako\u015bci krzem organiczny pozyskany z p\u0119d\u00f3w bambusa, kt\u00f3re s\u0105 ro\u015blinnym, a jednocze\u015bnie najbogatszym \u017ar\u00f3d\u0142em tego pierwiastka. Idealny dla wszystkich, kt\u00f3rzy chc\u0105 kompleksowo zadba\u0107 o sk\u00f3r\u0119, w\u0142osy, paznokcie i tkank\u0119 \u0142\u0105czn\u0105. Wegan Bez glutenu Bez laktozy Bez GMO Wyprodukowane zgodnie z surowymi normami jako\u015bci UE<\/p>\n","protected":false},"featured_media":55497,"template":"","meta":{"_acf_changed":false},"product_brand":[10220],"product_cat":[556,569],"product_tag":[],"class_list":{"0":"post-65791","1":"product","2":"type-product","3":"status-publish","4":"has-post-thumbnail","6":"product_brand-vit4ever-pl","7":"product_cat-mineraly-i-pierwiastki-sladowe","8":"product_cat-produkty-od-a-z","10":"first","11":"instock","12":"taxable","13":"shipping-taxable","14":"purchasable","15":"product-type-simple"},"acf":[],"_links":{"self":[{"href":"https:\/\/vitalstoffversand.com\/pl\/wp-json\/wp\/v2\/product\/65791","targetHints":{"allow":["GET"]}}],"collection":[{"href":"https:\/\/vitalstoffversand.com\/pl\/wp-json\/wp\/v2\/product"}],"about":[{"href":"https:\/\/vitalstoffversand.com\/pl\/wp-json\/wp\/v2\/types\/product"}],"wp:featuredmedia":[{"embeddable":true,"href":"https:\/\/vitalstoffversand.com\/pl\/wp-json\/wp\/v2\/media\/55497"}],"wp:attachment":[{"href":"https:\/\/vitalstoffversand.com\/pl\/wp-json\/wp\/v2\/media?parent=65791"}],"wp:term":[{"taxonomy":"product_brand","embeddable":true,"href":"https:\/\/vitalstoffversand.com\/pl\/wp-json\/wp\/v2\/product_brand?post=65791"},{"taxonomy":"product_cat","embeddable":true,"href":"https:\/\/vitalstoffversand.com\/pl\/wp-json\/wp\/v2\/product_cat?post=65791"},{"taxonomy":"product_tag","embeddable":true,"href":"https:\/\/vitalstoffversand.com\/pl\/wp-json\/wp\/v2\/product_tag?post=65791"}],"curies":[{"name":"wp","href":"https:\/\/api.w.org\/{rel}","templated":true}]}}