{"id":65782,"date":"2025-09-01T18:48:14","date_gmt":"2025-09-01T16:48:14","guid":{"rendered":"https:\/\/vitalstoffversand.com\/produkt\/vit4ever-wapn-365-tabletek\/"},"modified":"2026-03-21T15:55:06","modified_gmt":"2026-03-21T14:55:06","slug":"vit4ever-wapn-365-tabletek","status":"publish","type":"product","link":"https:\/\/vitalstoffversand.com\/pl\/produkt-pl\/vit4ever-wapn-365-tabletek\/","title":{"rendered":"Vit4ever <br>Wap\u0144 \u2013 365 tabletek"},"content":{"rendered":"<p><span style=\"color: #0000ff;\"><strong><a style=\"color: #0000ff;\" href=\"https:\/\/vitalstoffversand.com\/knowledge-base\/calcium\/\" target=\"_blank\" rel=\"noopener\">\u2192 Wap\u0144<\/a><\/strong><\/span> jest wa\u017cnym minera\u0142em, mi\u0119dzy innymi dla naszych ko\u015bci, o kt\u00f3rego odpowiednie spo\u017cycie nale\u017cy dba\u0107 nie tylko wraz z wiekiem.<\/p>\n<p>R\u00f3wnie\u017c dzieci i m\u0142odzie\u017c maj\u0105 w okresie wzrostu zwi\u0119kszone zapotrzebowanie na wap\u0144.<\/p>\n<ul>\n<li>Wegan<\/li>\n<li>Bez glutenu<\/li>\n<li>Bez laktozy<\/li>\n<li>Bez GMO<\/li>\n<li>Wyprodukowane zgodnie z surowymi normami jako\u015bci UE<\/li>\n<\/ul>\n","protected":false},"excerpt":{"rendered":"<p>\u2192 Wap\u0144 jest wa\u017cnym minera\u0142em, mi\u0119dzy innymi dla naszych ko\u015bci, o kt\u00f3rego odpowiednie spo\u017cycie nale\u017cy dba\u0107 nie tylko wraz z wiekiem. R\u00f3wnie\u017c dzieci i m\u0142odzie\u017c maj\u0105 w okresie wzrostu zwi\u0119kszone zapotrzebowanie na wap\u0144. Wegan Bez glutenu Bez laktozy Bez GMO Wyprodukowane zgodnie z surowymi normami jako\u015bci UE<\/p>\n","protected":false},"featured_media":55457,"template":"","meta":{"_acf_changed":false},"product_brand":[10220],"product_cat":[556,569],"product_tag":[],"class_list":{"0":"post-65782","1":"product","2":"type-product","3":"status-publish","4":"has-post-thumbnail","6":"product_brand-vit4ever-pl","7":"product_cat-mineraly-i-pierwiastki-sladowe","8":"product_cat-produkty-od-a-z","10":"first","11":"outofstock","12":"taxable","13":"shipping-taxable","14":"purchasable","15":"product-type-simple"},"acf":[],"_links":{"self":[{"href":"https:\/\/vitalstoffversand.com\/pl\/wp-json\/wp\/v2\/product\/65782","targetHints":{"allow":["GET"]}}],"collection":[{"href":"https:\/\/vitalstoffversand.com\/pl\/wp-json\/wp\/v2\/product"}],"about":[{"href":"https:\/\/vitalstoffversand.com\/pl\/wp-json\/wp\/v2\/types\/product"}],"wp:featuredmedia":[{"embeddable":true,"href":"https:\/\/vitalstoffversand.com\/pl\/wp-json\/wp\/v2\/media\/55457"}],"wp:attachment":[{"href":"https:\/\/vitalstoffversand.com\/pl\/wp-json\/wp\/v2\/media?parent=65782"}],"wp:term":[{"taxonomy":"product_brand","embeddable":true,"href":"https:\/\/vitalstoffversand.com\/pl\/wp-json\/wp\/v2\/product_brand?post=65782"},{"taxonomy":"product_cat","embeddable":true,"href":"https:\/\/vitalstoffversand.com\/pl\/wp-json\/wp\/v2\/product_cat?post=65782"},{"taxonomy":"product_tag","embeddable":true,"href":"https:\/\/vitalstoffversand.com\/pl\/wp-json\/wp\/v2\/product_tag?post=65782"}],"curies":[{"name":"wp","href":"https:\/\/api.w.org\/{rel}","templated":true}]}}