{"id":65778,"date":"2024-11-11T18:11:51","date_gmt":"2024-11-11T17:11:51","guid":{"rendered":"https:\/\/vitalstoffversand.com\/produkt\/vit4ever-multivitamin-daily-450-tabletek\/"},"modified":"2024-11-11T18:11:51","modified_gmt":"2024-11-11T17:11:51","slug":"vit4ever-multivitamin-daily-450-tabletek","status":"publish","type":"product","link":"https:\/\/vitalstoffversand.com\/pl\/produkt-pl\/vit4ever-multivitamin-daily-450-tabletek\/","title":{"rendered":"Vit4ever <br>Multivitamin Daily \u2013 450 tabletek"},"content":{"rendered":"<p>Witaminy i minera\u0142y to niezb\u0119dne sk\u0142adniki od\u017cywcze, kt\u00f3re bior\u0105 udzia\u0142 w wielu procesach i zadaniach zachodz\u0105cych w organizmie.<\/p>\n<p>Multivitamin Daily uzupe\u0142nia codzienn\u0105 diet\u0119 i pomaga zapobiega\u0107 niedoborom.<\/p>\n<p>Tabletki zawieraj\u0105 witaminy A, C, D3, E, B1, B2, B3, B5, B6, B7, B9, B12 oraz minera\u0142y: wap\u0144, cynk i selen.<\/p>\n<ul>\n<li>Wegan<\/li>\n<li>Bez glutenu<\/li>\n<li>Bez laktozy<\/li>\n<li>Bez GMO<\/li>\n<li>Wyprodukowane zgodnie z surowymi normami jako\u015bci UE<\/li>\n<\/ul>\n","protected":false},"excerpt":{"rendered":"<p>Witaminy i minera\u0142y to niezb\u0119dne sk\u0142adniki od\u017cywcze, kt\u00f3re bior\u0105 udzia\u0142 w wielu procesach i zadaniach zachodz\u0105cych w organizmie. Multivitamin Daily uzupe\u0142nia codzienn\u0105 diet\u0119 i pomaga zapobiega\u0107 niedoborom. Tabletki zawieraj\u0105 witaminy A, C, D3, E, B1, B2, B3, B5, B6, B7, B9, B12 oraz minera\u0142y: wap\u0144, cynk i selen. Wegan Bez glutenu Bez laktozy Bez GMO [&hellip;]<\/p>\n","protected":false},"featured_media":60522,"template":"","meta":{"_acf_changed":false},"product_brand":[10220],"product_cat":[564,569],"product_tag":[],"class_list":{"0":"post-65778","1":"product","2":"type-product","3":"status-publish","4":"has-post-thumbnail","6":"product_brand-vit4ever-pl","7":"product_cat-witaminy","8":"product_cat-produkty-od-a-z","10":"first","11":"instock","12":"taxable","13":"shipping-taxable","14":"purchasable","15":"product-type-simple"},"acf":[],"_links":{"self":[{"href":"https:\/\/vitalstoffversand.com\/pl\/wp-json\/wp\/v2\/product\/65778","targetHints":{"allow":["GET"]}}],"collection":[{"href":"https:\/\/vitalstoffversand.com\/pl\/wp-json\/wp\/v2\/product"}],"about":[{"href":"https:\/\/vitalstoffversand.com\/pl\/wp-json\/wp\/v2\/types\/product"}],"wp:featuredmedia":[{"embeddable":true,"href":"https:\/\/vitalstoffversand.com\/pl\/wp-json\/wp\/v2\/media\/60522"}],"wp:attachment":[{"href":"https:\/\/vitalstoffversand.com\/pl\/wp-json\/wp\/v2\/media?parent=65778"}],"wp:term":[{"taxonomy":"product_brand","embeddable":true,"href":"https:\/\/vitalstoffversand.com\/pl\/wp-json\/wp\/v2\/product_brand?post=65778"},{"taxonomy":"product_cat","embeddable":true,"href":"https:\/\/vitalstoffversand.com\/pl\/wp-json\/wp\/v2\/product_cat?post=65778"},{"taxonomy":"product_tag","embeddable":true,"href":"https:\/\/vitalstoffversand.com\/pl\/wp-json\/wp\/v2\/product_tag?post=65778"}],"curies":[{"name":"wp","href":"https:\/\/api.w.org\/{rel}","templated":true}]}}