{"id":65722,"date":"2025-09-01T18:47:09","date_gmt":"2025-09-01T16:47:09","guid":{"rendered":"https:\/\/vitalstoffversand.com\/produkt\/vit4ever-astaksantyna-60-kapsulek\/"},"modified":"2025-09-01T18:47:09","modified_gmt":"2025-09-01T16:47:09","slug":"vit4ever-astaksantyna-60-kapsulek","status":"publish","type":"product","link":"https:\/\/vitalstoffversand.com\/pl\/produkt-pl\/vit4ever-astaksantyna-60-kapsulek\/","title":{"rendered":"Vit4ever <br>Astaksantyna \u2013 60 kapsu\u0142ek"},"content":{"rendered":"<p>Astaksantyna jest silnym naturalnym przeciwutleniaczem i nale\u017cy do karotenoid\u00f3w.<\/p>\n<p>Jest on wytwarzany przez algi, w szczeg\u00f3lno\u015bci mikroalgi Haematococcus pluvialis, kt\u00f3re r\u00f3wnie\u017c stanowi\u0105 podstaw\u0119 tego produktu.<\/p>\n<p>Niekt\u00f3re badania wykaza\u0142y, \u017ce astaksantyna mo\u017ce by\u0107 sto razy bardziej skuteczna ni\u017c na przyk\u0142ad witaminy C i E oraz Q10, kt\u00f3re r\u00f3wnie\u017c s\u0105 przeciwutleniaczami.<\/p>\n<p>Produkt jest r\u00f3wnie\u017c wzbogacony o naturaln\u0105 witamin\u0119 E, kt\u00f3ra jest kolejnym silnym przeciwutleniaczem.<\/p>\n<ul>\n<li>Bez glutenu<\/li>\n<li>Bez laktozy<\/li>\n<li>Bez GMO<\/li>\n<li>Wyprodukowane zgodnie z surowymi normami jako\u015bci UE<\/li>\n<\/ul>\n","protected":false},"excerpt":{"rendered":"<p>Astaksantyna jest silnym naturalnym przeciwutleniaczem i nale\u017cy do karotenoid\u00f3w. Jest on wytwarzany przez algi, w szczeg\u00f3lno\u015bci mikroalgi Haematococcus pluvialis, kt\u00f3re r\u00f3wnie\u017c stanowi\u0105 podstaw\u0119 tego produktu. Niekt\u00f3re badania wykaza\u0142y, \u017ce astaksantyna mo\u017ce by\u0107 sto razy bardziej skuteczna ni\u017c na przyk\u0142ad witaminy C i E oraz Q10, kt\u00f3re r\u00f3wnie\u017c s\u0105 przeciwutleniaczami. Produkt jest r\u00f3wnie\u017c wzbogacony o naturaln\u0105 [&hellip;]<\/p>\n","protected":false},"featured_media":54577,"template":"","meta":{"_acf_changed":false},"product_brand":[10220],"product_cat":[560,569],"product_tag":[],"class_list":{"0":"post-65722","1":"product","2":"type-product","3":"status-publish","4":"has-post-thumbnail","6":"product_brand-vit4ever-pl","7":"product_cat-skladniki-odzywcze","8":"product_cat-produkty-od-a-z","10":"first","11":"instock","12":"taxable","13":"shipping-taxable","14":"purchasable","15":"product-type-simple"},"acf":[],"_links":{"self":[{"href":"https:\/\/vitalstoffversand.com\/pl\/wp-json\/wp\/v2\/product\/65722","targetHints":{"allow":["GET"]}}],"collection":[{"href":"https:\/\/vitalstoffversand.com\/pl\/wp-json\/wp\/v2\/product"}],"about":[{"href":"https:\/\/vitalstoffversand.com\/pl\/wp-json\/wp\/v2\/types\/product"}],"wp:featuredmedia":[{"embeddable":true,"href":"https:\/\/vitalstoffversand.com\/pl\/wp-json\/wp\/v2\/media\/54577"}],"wp:attachment":[{"href":"https:\/\/vitalstoffversand.com\/pl\/wp-json\/wp\/v2\/media?parent=65722"}],"wp:term":[{"taxonomy":"product_brand","embeddable":true,"href":"https:\/\/vitalstoffversand.com\/pl\/wp-json\/wp\/v2\/product_brand?post=65722"},{"taxonomy":"product_cat","embeddable":true,"href":"https:\/\/vitalstoffversand.com\/pl\/wp-json\/wp\/v2\/product_cat?post=65722"},{"taxonomy":"product_tag","embeddable":true,"href":"https:\/\/vitalstoffversand.com\/pl\/wp-json\/wp\/v2\/product_tag?post=65722"}],"curies":[{"name":"wp","href":"https:\/\/api.w.org\/{rel}","templated":true}]}}