{"id":65708,"date":"2025-09-01T18:50:22","date_gmt":"2025-09-01T16:50:22","guid":{"rendered":"https:\/\/vitalstoffversand.com\/produkt\/vit4ever-l-tyrozyna-365-kapsulek\/"},"modified":"2026-03-21T15:54:52","modified_gmt":"2026-03-21T14:54:52","slug":"vit4ever-l-tyrozyna-365-kapsulek","status":"publish","type":"product","link":"https:\/\/vitalstoffversand.com\/pl\/produkt-pl\/vit4ever-l-tyrozyna-365-kapsulek\/","title":{"rendered":"Vit4ever <br>L-tyrozyna \u2013 365 kapsu\u0142ek"},"content":{"rendered":"<p>L-tyrozyna jest nieistotnym aminokwasem proteinogennym i nale\u017cy do neuroprzeka\u017anik\u00f3w.<\/p>\n<p>Jako substancja przeka\u017anikowa uk\u0142adu nerwowego, promuje tworzenie dopaminy, znanej r\u00f3wnie\u017c jako hormon szcz\u0119\u015bcia.<\/p>\n<p>Dopamina mo\u017ce poprawia\u0107 nastr\u00f3j i pozytywnie wp\u0142ywa\u0107 na czas reakcji i koncentracj\u0119.<\/p>\n<ul>\n<li>Wegan<\/li>\n<li>Bez glutenu<\/li>\n<li>Bez laktozy<\/li>\n<li>Bez GMO<\/li>\n<li>Wyprodukowane zgodnie z surowymi normami jako\u015bci UE<\/li>\n<\/ul>\n","protected":false},"excerpt":{"rendered":"<p>L-tyrozyna jest nieistotnym aminokwasem proteinogennym i nale\u017cy do neuroprzeka\u017anik\u00f3w. Jako substancja przeka\u017anikowa uk\u0142adu nerwowego, promuje tworzenie dopaminy, znanej r\u00f3wnie\u017c jako hormon szcz\u0119\u015bcia. Dopamina mo\u017ce poprawia\u0107 nastr\u00f3j i pozytywnie wp\u0142ywa\u0107 na czas reakcji i koncentracj\u0119. Wegan Bez glutenu Bez laktozy Bez GMO Wyprodukowane zgodnie z surowymi normami jako\u015bci UE<\/p>\n","protected":false},"featured_media":65700,"template":"","meta":{"_acf_changed":false},"product_brand":[10220],"product_cat":[552,569],"product_tag":[],"class_list":{"0":"post-65708","1":"product","2":"type-product","3":"status-publish","4":"has-post-thumbnail","6":"product_brand-vit4ever-pl","7":"product_cat-aminokwasy","8":"product_cat-produkty-od-a-z","10":"first","11":"instock","12":"taxable","13":"shipping-taxable","14":"purchasable","15":"product-type-simple"},"acf":[],"_links":{"self":[{"href":"https:\/\/vitalstoffversand.com\/pl\/wp-json\/wp\/v2\/product\/65708","targetHints":{"allow":["GET"]}}],"collection":[{"href":"https:\/\/vitalstoffversand.com\/pl\/wp-json\/wp\/v2\/product"}],"about":[{"href":"https:\/\/vitalstoffversand.com\/pl\/wp-json\/wp\/v2\/types\/product"}],"wp:featuredmedia":[{"embeddable":true,"href":"https:\/\/vitalstoffversand.com\/pl\/wp-json\/wp\/v2\/media\/65700"}],"wp:attachment":[{"href":"https:\/\/vitalstoffversand.com\/pl\/wp-json\/wp\/v2\/media?parent=65708"}],"wp:term":[{"taxonomy":"product_brand","embeddable":true,"href":"https:\/\/vitalstoffversand.com\/pl\/wp-json\/wp\/v2\/product_brand?post=65708"},{"taxonomy":"product_cat","embeddable":true,"href":"https:\/\/vitalstoffversand.com\/pl\/wp-json\/wp\/v2\/product_cat?post=65708"},{"taxonomy":"product_tag","embeddable":true,"href":"https:\/\/vitalstoffversand.com\/pl\/wp-json\/wp\/v2\/product_tag?post=65708"}],"curies":[{"name":"wp","href":"https:\/\/api.w.org\/{rel}","templated":true}]}}