{"id":65682,"date":"2025-09-01T18:49:38","date_gmt":"2025-09-01T16:49:38","guid":{"rendered":"https:\/\/vitalstoffversand.com\/produkt\/vit4ever-kwas-hialuronowy-180-kapsulek\/"},"modified":"2026-03-21T15:54:59","modified_gmt":"2026-03-21T14:54:59","slug":"vit4ever-kwas-hialuronowy-180-kapsulek","status":"publish","type":"product","link":"https:\/\/vitalstoffversand.com\/pl\/produkt-pl\/vit4ever-kwas-hialuronowy-180-kapsulek\/","title":{"rendered":"Vit4ever <br>Kwas hialuronowy \u2013 180 kapsu\u0142ek"},"content":{"rendered":"<p>Hialuron, czyli kwas hialuronowy, jest wa\u017cnym sk\u0142adnikiem tkanki \u0142\u0105cznej, a tak\u017ce chrz\u0105stki i mazi stawowej.<\/p>\n<p>Ze wzgl\u0119du na swoje silne w\u0142a\u015bciwo\u015bci wi\u0105zania wody kwas hialuronowy jest cz\u0119sto stosowany w bran\u017cy kosmetycznej.<\/p>\n<p>Nasze cia\u0142o samo wytwarza kwas hialuronowy, jednak proces ten mo\u017cna wspom\u00f3c poprzez dodatkowe podawanie kwasu hialuronowego \u2013 zw\u0142aszcza gdy wraz z wiekiem zmniejsza si\u0119 jego naturalna produkcja.<\/p>\n<ul>\n<li>Wegan<\/li>\n<li>Bez glutenu<\/li>\n<li>Bez laktozy<\/li>\n<li>Bez GMO<\/li>\n<li>Wyprodukowane zgodnie z surowymi normami jako\u015bci UE<\/li>\n<\/ul>\n","protected":false},"excerpt":{"rendered":"<p>Hialuron, czyli kwas hialuronowy, jest wa\u017cnym sk\u0142adnikiem tkanki \u0142\u0105cznej, a tak\u017ce chrz\u0105stki i mazi stawowej. Ze wzgl\u0119du na swoje silne w\u0142a\u015bciwo\u015bci wi\u0105zania wody kwas hialuronowy jest cz\u0119sto stosowany w bran\u017cy kosmetycznej. Nasze cia\u0142o samo wytwarza kwas hialuronowy, jednak proces ten mo\u017cna wspom\u00f3c poprzez dodatkowe podawanie kwasu hialuronowego \u2013 zw\u0142aszcza gdy wraz z wiekiem zmniejsza si\u0119 [&hellip;]<\/p>\n","protected":false},"featured_media":54513,"template":"","meta":{"_acf_changed":false},"product_brand":[10220],"product_cat":[560,569],"product_tag":[],"class_list":{"0":"post-65682","1":"product","2":"type-product","3":"status-publish","4":"has-post-thumbnail","6":"product_brand-vit4ever-pl","7":"product_cat-skladniki-odzywcze","8":"product_cat-produkty-od-a-z","10":"first","11":"outofstock","12":"taxable","13":"shipping-taxable","14":"purchasable","15":"product-type-simple"},"acf":[],"_links":{"self":[{"href":"https:\/\/vitalstoffversand.com\/pl\/wp-json\/wp\/v2\/product\/65682","targetHints":{"allow":["GET"]}}],"collection":[{"href":"https:\/\/vitalstoffversand.com\/pl\/wp-json\/wp\/v2\/product"}],"about":[{"href":"https:\/\/vitalstoffversand.com\/pl\/wp-json\/wp\/v2\/types\/product"}],"wp:featuredmedia":[{"embeddable":true,"href":"https:\/\/vitalstoffversand.com\/pl\/wp-json\/wp\/v2\/media\/54513"}],"wp:attachment":[{"href":"https:\/\/vitalstoffversand.com\/pl\/wp-json\/wp\/v2\/media?parent=65682"}],"wp:term":[{"taxonomy":"product_brand","embeddable":true,"href":"https:\/\/vitalstoffversand.com\/pl\/wp-json\/wp\/v2\/product_brand?post=65682"},{"taxonomy":"product_cat","embeddable":true,"href":"https:\/\/vitalstoffversand.com\/pl\/wp-json\/wp\/v2\/product_cat?post=65682"},{"taxonomy":"product_tag","embeddable":true,"href":"https:\/\/vitalstoffversand.com\/pl\/wp-json\/wp\/v2\/product_tag?post=65682"}],"curies":[{"name":"wp","href":"https:\/\/api.w.org\/{rel}","templated":true}]}}