{"id":65677,"date":"2025-09-01T18:50:38","date_gmt":"2025-09-01T16:50:38","guid":{"rendered":"https:\/\/vitalstoffversand.com\/produkt\/vit4ever-lactase-7000-direct-365-tabletek\/"},"modified":"2026-03-21T15:54:48","modified_gmt":"2026-03-21T14:54:48","slug":"vit4ever-lactase-7000-direct-365-tabletek","status":"publish","type":"product","link":"https:\/\/vitalstoffversand.com\/pl\/produkt-pl\/vit4ever-lactase-7000-direct-365-tabletek\/","title":{"rendered":"Vit4ever <br>Lactase 7000 direct \u2013 365 tabletek"},"content":{"rendered":"<p>Lactase direct z 7000 jednostkami FCC.<\/p>\n<p>Oficjalny j\u0119zyk rozporz\u0105dzenia EFSA w sprawie o\u015bwiadcze\u0144 zdrowotnych stanowi:<\/p>\n<p>\u201eW przypadku os\u00f3b, kt\u00f3re maj\u0105 problemy z trawieniem laktozy, laktaza poprawia trawienie laktozy\u201d.<\/p>\n<p>W\u0142a\u015bciwie nie ma wiele do dodania, co czyni ten produkt szczeg\u00f3lnie interesuj\u0105cym dla os\u00f3b z nietolerancj\u0105 laktozy.<\/p>\n<ul>\n<li>Wegan<\/li>\n<li>Bez glutenu<\/li>\n<li>Bez laktozy<\/li>\n<li>Bez GMO<\/li>\n<li>Wyprodukowane zgodnie z surowymi normami jako\u015bci UE<\/li>\n<\/ul>\n","protected":false},"excerpt":{"rendered":"<p>Lactase direct z 7000 jednostkami FCC. Oficjalny j\u0119zyk rozporz\u0105dzenia EFSA w sprawie o\u015bwiadcze\u0144 zdrowotnych stanowi: \u201eW przypadku os\u00f3b, kt\u00f3re maj\u0105 problemy z trawieniem laktozy, laktaza poprawia trawienie laktozy\u201d. W\u0142a\u015bciwie nie ma wiele do dodania, co czyni ten produkt szczeg\u00f3lnie interesuj\u0105cym dla os\u00f3b z nietolerancj\u0105 laktozy. Wegan Bez glutenu Bez laktozy Bez GMO Wyprodukowane zgodnie z [&hellip;]<\/p>\n","protected":false},"featured_media":54481,"template":"","meta":{"_acf_changed":false},"product_brand":[10220],"product_cat":[560,569],"product_tag":[],"class_list":{"0":"post-65677","1":"product","2":"type-product","3":"status-publish","4":"has-post-thumbnail","6":"product_brand-vit4ever-pl","7":"product_cat-skladniki-odzywcze","8":"product_cat-produkty-od-a-z","10":"first","11":"instock","12":"taxable","13":"shipping-taxable","14":"purchasable","15":"product-type-simple"},"acf":[],"_links":{"self":[{"href":"https:\/\/vitalstoffversand.com\/pl\/wp-json\/wp\/v2\/product\/65677","targetHints":{"allow":["GET"]}}],"collection":[{"href":"https:\/\/vitalstoffversand.com\/pl\/wp-json\/wp\/v2\/product"}],"about":[{"href":"https:\/\/vitalstoffversand.com\/pl\/wp-json\/wp\/v2\/types\/product"}],"wp:featuredmedia":[{"embeddable":true,"href":"https:\/\/vitalstoffversand.com\/pl\/wp-json\/wp\/v2\/media\/54481"}],"wp:attachment":[{"href":"https:\/\/vitalstoffversand.com\/pl\/wp-json\/wp\/v2\/media?parent=65677"}],"wp:term":[{"taxonomy":"product_brand","embeddable":true,"href":"https:\/\/vitalstoffversand.com\/pl\/wp-json\/wp\/v2\/product_brand?post=65677"},{"taxonomy":"product_cat","embeddable":true,"href":"https:\/\/vitalstoffversand.com\/pl\/wp-json\/wp\/v2\/product_cat?post=65677"},{"taxonomy":"product_tag","embeddable":true,"href":"https:\/\/vitalstoffversand.com\/pl\/wp-json\/wp\/v2\/product_tag?post=65677"}],"curies":[{"name":"wp","href":"https:\/\/api.w.org\/{rel}","templated":true}]}}