{"id":65633,"date":"2025-10-08T13:01:37","date_gmt":"2025-10-08T11:01:37","guid":{"rendered":"https:\/\/vitalstoffversand.com\/produkt\/vit4ever-krople-z-witamina-d3-i-k2-dla-dzieci-10-ml\/"},"modified":"2026-03-21T15:53:09","modified_gmt":"2026-03-21T14:53:09","slug":"vit4ever-krople-z-witamina-d3-i-k2-dla-dzieci-10-ml","status":"publish","type":"product","link":"https:\/\/vitalstoffversand.com\/pl\/produkt-pl\/vit4ever-krople-z-witamina-d3-i-k2-dla-dzieci-10-ml\/","title":{"rendered":"Vit4ever <br>Krople z witamin\u0105 D3 i K2 dla dzieci \u2013 10 ml"},"content":{"rendered":"<p>Nie tylko doro\u015bli odnosz\u0105 korzy\u015bci ze stosowania po\u0142\u0105czenia witaminy D3 i K2, ale tak\u017ce dzieci i m\u0142odzie\u017c maj\u0105 zwi\u0119kszone zapotrzebowanie na te witaminy, zw\u0142aszcza w okresie wzrostu i rozwoju.<\/p>\n<p>Dawka jest dostosowana do potrzeb naszych \u201emaluch\u00f3w\u201d.<\/p>\n<p>Krople s\u0105 bezsmakowe, dzi\u0119ki czemu mo\u017cna je bez problemu w\u0142\u0105czy\u0107 do codziennej rutyny dzieci i m\u0142odzie\u017cy.<\/p>\n<ul>\n<li>Wegetaria\u0144skie<\/li>\n<li>Bez glutenu<\/li>\n<li>Bez laktozy<\/li>\n<li>Bez GMO<\/li>\n<li>Wyprodukowane zgodnie z surowymi normami jako\u015bci UE<\/li>\n<\/ul>\n","protected":false},"excerpt":{"rendered":"<p>Nie tylko doro\u015bli odnosz\u0105 korzy\u015bci ze stosowania po\u0142\u0105czenia witaminy D3 i K2, ale tak\u017ce dzieci i m\u0142odzie\u017c maj\u0105 zwi\u0119kszone zapotrzebowanie na te witaminy, zw\u0142aszcza w okresie wzrostu i rozwoju. Dawka jest dostosowana do potrzeb naszych \u201emaluch\u00f3w\u201d. Krople s\u0105 bezsmakowe, dzi\u0119ki czemu mo\u017cna je bez problemu w\u0142\u0105czy\u0107 do codziennej rutyny dzieci i m\u0142odzie\u017cy. Wegetaria\u0144skie Bez glutenu [&hellip;]<\/p>\n","protected":false},"featured_media":60363,"template":"","meta":{"_acf_changed":false},"product_brand":[10220],"product_cat":[564,569],"product_tag":[],"class_list":{"0":"post-65633","1":"product","2":"type-product","3":"status-publish","4":"has-post-thumbnail","6":"product_brand-vit4ever-pl","7":"product_cat-witaminy","8":"product_cat-produkty-od-a-z","10":"first","11":"instock","12":"taxable","13":"shipping-taxable","14":"purchasable","15":"product-type-simple"},"acf":[],"_links":{"self":[{"href":"https:\/\/vitalstoffversand.com\/pl\/wp-json\/wp\/v2\/product\/65633","targetHints":{"allow":["GET"]}}],"collection":[{"href":"https:\/\/vitalstoffversand.com\/pl\/wp-json\/wp\/v2\/product"}],"about":[{"href":"https:\/\/vitalstoffversand.com\/pl\/wp-json\/wp\/v2\/types\/product"}],"wp:featuredmedia":[{"embeddable":true,"href":"https:\/\/vitalstoffversand.com\/pl\/wp-json\/wp\/v2\/media\/60363"}],"wp:attachment":[{"href":"https:\/\/vitalstoffversand.com\/pl\/wp-json\/wp\/v2\/media?parent=65633"}],"wp:term":[{"taxonomy":"product_brand","embeddable":true,"href":"https:\/\/vitalstoffversand.com\/pl\/wp-json\/wp\/v2\/product_brand?post=65633"},{"taxonomy":"product_cat","embeddable":true,"href":"https:\/\/vitalstoffversand.com\/pl\/wp-json\/wp\/v2\/product_cat?post=65633"},{"taxonomy":"product_tag","embeddable":true,"href":"https:\/\/vitalstoffversand.com\/pl\/wp-json\/wp\/v2\/product_tag?post=65633"}],"curies":[{"name":"wp","href":"https:\/\/api.w.org\/{rel}","templated":true}]}}