{"id":65612,"date":"2025-07-12T12:34:48","date_gmt":"2025-07-12T10:34:48","guid":{"rendered":"https:\/\/vitalstoffversand.com\/produkt\/vit4ever-citrus-bergamot-120-kapsulek\/"},"modified":"2026-03-15T17:57:44","modified_gmt":"2026-03-15T16:57:44","slug":"vit4ever-citrus-bergamot-120-kapsulek","status":"publish","type":"product","link":"https:\/\/vitalstoffversand.com\/pl\/produkt-pl\/vit4ever-citrus-bergamot-120-kapsulek\/","title":{"rendered":"Vit4ever <br>Citrus Bergamot \u2013 120 kapsu\u0142ek"},"content":{"rendered":"<p>Bergamotka nale\u017cy do rodziny cytrusowatych.<\/p>\n<p>Wyci\u0105g ten jest bogaty w polifenole (np. flawonoidy), kt\u00f3re nale\u017c\u0105 do substancji ro\u015blinnych drugorz\u0119dnych.<\/p>\n<p>Polifenole, jako przeciwutleniacze, przyczyniaj\u0105 si\u0119 do ochrony kom\u00f3rek przed stresem oksydacyjnym.<\/p>\n<ul>\n<li>Wegan<\/li>\n<li>Bez glutenu<\/li>\n<li>Bez laktozy<\/li>\n<li>Bez GMO<\/li>\n<li>Wyprodukowane zgodnie z surowymi normami jako\u015bci UE<\/li>\n<\/ul>\n","protected":false},"excerpt":{"rendered":"<p>Bergamotka nale\u017cy do rodziny cytrusowatych. Wyci\u0105g ten jest bogaty w polifenole (np. flawonoidy), kt\u00f3re nale\u017c\u0105 do substancji ro\u015blinnych drugorz\u0119dnych. Polifenole, jako przeciwutleniacze, przyczyniaj\u0105 si\u0119 do ochrony kom\u00f3rek przed stresem oksydacyjnym. Wegan Bez glutenu Bez laktozy Bez GMO Wyprodukowane zgodnie z surowymi normami jako\u015bci UE<\/p>\n","protected":false},"featured_media":65607,"template":"","meta":{"_acf_changed":false},"product_brand":[10220],"product_cat":[560,569],"product_tag":[],"class_list":{"0":"post-65612","1":"product","2":"type-product","3":"status-publish","4":"has-post-thumbnail","6":"product_brand-vit4ever-pl","7":"product_cat-skladniki-odzywcze","8":"product_cat-produkty-od-a-z","10":"first","11":"instock","12":"taxable","13":"shipping-taxable","14":"purchasable","15":"product-type-simple"},"acf":[],"_links":{"self":[{"href":"https:\/\/vitalstoffversand.com\/pl\/wp-json\/wp\/v2\/product\/65612","targetHints":{"allow":["GET"]}}],"collection":[{"href":"https:\/\/vitalstoffversand.com\/pl\/wp-json\/wp\/v2\/product"}],"about":[{"href":"https:\/\/vitalstoffversand.com\/pl\/wp-json\/wp\/v2\/types\/product"}],"wp:featuredmedia":[{"embeddable":true,"href":"https:\/\/vitalstoffversand.com\/pl\/wp-json\/wp\/v2\/media\/65607"}],"wp:attachment":[{"href":"https:\/\/vitalstoffversand.com\/pl\/wp-json\/wp\/v2\/media?parent=65612"}],"wp:term":[{"taxonomy":"product_brand","embeddable":true,"href":"https:\/\/vitalstoffversand.com\/pl\/wp-json\/wp\/v2\/product_brand?post=65612"},{"taxonomy":"product_cat","embeddable":true,"href":"https:\/\/vitalstoffversand.com\/pl\/wp-json\/wp\/v2\/product_cat?post=65612"},{"taxonomy":"product_tag","embeddable":true,"href":"https:\/\/vitalstoffversand.com\/pl\/wp-json\/wp\/v2\/product_tag?post=65612"}],"curies":[{"name":"wp","href":"https:\/\/api.w.org\/{rel}","templated":true}]}}