{"id":65585,"date":"2025-09-24T18:35:52","date_gmt":"2025-09-24T16:35:52","guid":{"rendered":"https:\/\/vitalstoffversand.com\/produkt\/vit4ever-lupiny-nasion-psyllium-1000-g\/"},"modified":"2026-03-21T15:53:28","modified_gmt":"2026-03-21T14:53:28","slug":"vit4ever-lupiny-nasion-psyllium-1000-g","status":"publish","type":"product","link":"https:\/\/vitalstoffversand.com\/pl\/produkt-pl\/vit4ever-lupiny-nasion-psyllium-1000-g\/","title":{"rendered":"Vit4ever <br>\u0141upiny nasion psyllium \u2013 1000 g"},"content":{"rendered":"<p>\u0141upiny nasion psyllium to \u0142upiny nasion ro\u015bliny Plantago indica (Plantago Psyllium).<\/p>\n<p>S\u0105 niezwykle bogate w b\u0142onnik i maj\u0105 wszechstronne zastosowanie.<\/p>\n<p>\u0141upiny nasion psyllium maj\u0105 wysok\u0105 zdolno\u015b\u0107 p\u0119cznienia, dlatego s\u0105 ch\u0119tnie stosowane w r\u00f3\u017cnych dziedzinach.<\/p>\n<p>Alternatywnie, mamy r\u00f3wnie\u017c <a href=\"https:\/\/vitalstoffversand.com\/produkt\/natura-med-bio-flohsamenschalen-250-g\/\" target=\"_blank\" rel=\"noopener\"><span style=\"color: #0000ff;\">Natura Med organiczne \u0142uski psyllium, 250 g<\/span><\/a> oraz <a href=\"https:\/\/vitalstoffversand.com\/produkt\/natura-med-bio-flohsamenschalen-500-g\/\"><span style=\"color: #0000ff;\">Natura Med organiczne \u0142uski psyllium, 500 g<\/span><\/a> w naszym asortymencie.<\/p>\n<ul>\n<li>Wegan<\/li>\n<li>Bez glutenu<\/li>\n<li>Bez laktozy<\/li>\n<li>Bez GMO<\/li>\n<li>Wyprodukowane zgodnie z surowymi normami jako\u015bci UE<\/li>\n<\/ul>\n","protected":false},"excerpt":{"rendered":"<p>\u0141upiny nasion psyllium to \u0142upiny nasion ro\u015bliny Plantago indica (Plantago Psyllium). S\u0105 niezwykle bogate w b\u0142onnik i maj\u0105 wszechstronne zastosowanie. \u0141upiny nasion psyllium maj\u0105 wysok\u0105 zdolno\u015b\u0107 p\u0119cznienia, dlatego s\u0105 ch\u0119tnie stosowane w r\u00f3\u017cnych dziedzinach. Alternatywnie, mamy r\u00f3wnie\u017c Natura Med organiczne \u0142uski psyllium, 250 g oraz Natura Med organiczne \u0142uski psyllium, 500 g w naszym asortymencie. [&hellip;]<\/p>\n","protected":false},"featured_media":59915,"template":"","meta":{"_acf_changed":false},"product_brand":[10220],"product_cat":[560,569],"product_tag":[],"class_list":{"0":"post-65585","1":"product","2":"type-product","3":"status-publish","4":"has-post-thumbnail","6":"product_brand-vit4ever-pl","7":"product_cat-skladniki-odzywcze","8":"product_cat-produkty-od-a-z","10":"first","11":"instock","12":"taxable","13":"shipping-taxable","14":"purchasable","15":"product-type-simple"},"acf":[],"_links":{"self":[{"href":"https:\/\/vitalstoffversand.com\/pl\/wp-json\/wp\/v2\/product\/65585","targetHints":{"allow":["GET"]}}],"collection":[{"href":"https:\/\/vitalstoffversand.com\/pl\/wp-json\/wp\/v2\/product"}],"about":[{"href":"https:\/\/vitalstoffversand.com\/pl\/wp-json\/wp\/v2\/types\/product"}],"wp:featuredmedia":[{"embeddable":true,"href":"https:\/\/vitalstoffversand.com\/pl\/wp-json\/wp\/v2\/media\/59915"}],"wp:attachment":[{"href":"https:\/\/vitalstoffversand.com\/pl\/wp-json\/wp\/v2\/media?parent=65585"}],"wp:term":[{"taxonomy":"product_brand","embeddable":true,"href":"https:\/\/vitalstoffversand.com\/pl\/wp-json\/wp\/v2\/product_brand?post=65585"},{"taxonomy":"product_cat","embeddable":true,"href":"https:\/\/vitalstoffversand.com\/pl\/wp-json\/wp\/v2\/product_cat?post=65585"},{"taxonomy":"product_tag","embeddable":true,"href":"https:\/\/vitalstoffversand.com\/pl\/wp-json\/wp\/v2\/product_tag?post=65585"}],"curies":[{"name":"wp","href":"https:\/\/api.w.org\/{rel}","templated":true}]}}