{"id":65575,"date":"2025-06-20T11:30:39","date_gmt":"2025-06-20T09:30:39","guid":{"rendered":"https:\/\/vitalstoffversand.com\/produkt\/vit4ever-bio-triphala-365-kapsulek\/"},"modified":"2025-06-20T11:30:39","modified_gmt":"2025-06-20T09:30:39","slug":"vit4ever-bio-triphala-365-kapsulek","status":"publish","type":"product","link":"https:\/\/vitalstoffversand.com\/pl\/produkt-pl\/vit4ever-bio-triphala-365-kapsulek\/","title":{"rendered":"Vit4ever <br>Bio Triphala \u2013 365 kapsu\u0142ek"},"content":{"rendered":"<p>Triphala nale\u017cy do najstarszych mieszanek ro\u015blinnych wywodz\u0105cych si\u0119 z ajurwedy.<\/p>\n<p>Nazwa ta odnosi si\u0119 do harmonizuj\u0105cego po\u0142\u0105czenia haritaki, amalaki i bibhitaki i dos\u0142ownie oznacza \u201etrzy owoce\u201d.<\/p>\n<ul>\n<li>Wegan<\/li>\n<li>Bez glutenu<\/li>\n<li>Bez laktozy<\/li>\n<li>Bez GMO<\/li>\n<li>Wyprodukowane zgodnie z surowymi normami jako\u015bci UE<\/li>\n<\/ul>\n","protected":false},"excerpt":{"rendered":"<p>Triphala nale\u017cy do najstarszych mieszanek ro\u015blinnych wywodz\u0105cych si\u0119 z ajurwedy. Nazwa ta odnosi si\u0119 do harmonizuj\u0105cego po\u0142\u0105czenia haritaki, amalaki i bibhitaki i dos\u0142ownie oznacza \u201etrzy owoce\u201d. Wegan Bez glutenu Bez laktozy Bez GMO Wyprodukowane zgodnie z surowymi normami jako\u015bci UE<\/p>\n","protected":false},"featured_media":51832,"template":"","meta":{"_acf_changed":false},"product_brand":[10220],"product_cat":[560,540,569],"product_tag":[],"class_list":{"0":"post-65575","1":"product","2":"type-product","3":"status-publish","4":"has-post-thumbnail","6":"product_brand-vit4ever-pl","7":"product_cat-skladniki-odzywcze","8":"product_cat-organiczny","9":"product_cat-produkty-od-a-z","11":"first","12":"instock","13":"taxable","14":"shipping-taxable","15":"purchasable","16":"product-type-simple"},"acf":[],"_links":{"self":[{"href":"https:\/\/vitalstoffversand.com\/pl\/wp-json\/wp\/v2\/product\/65575","targetHints":{"allow":["GET"]}}],"collection":[{"href":"https:\/\/vitalstoffversand.com\/pl\/wp-json\/wp\/v2\/product"}],"about":[{"href":"https:\/\/vitalstoffversand.com\/pl\/wp-json\/wp\/v2\/types\/product"}],"wp:featuredmedia":[{"embeddable":true,"href":"https:\/\/vitalstoffversand.com\/pl\/wp-json\/wp\/v2\/media\/51832"}],"wp:attachment":[{"href":"https:\/\/vitalstoffversand.com\/pl\/wp-json\/wp\/v2\/media?parent=65575"}],"wp:term":[{"taxonomy":"product_brand","embeddable":true,"href":"https:\/\/vitalstoffversand.com\/pl\/wp-json\/wp\/v2\/product_brand?post=65575"},{"taxonomy":"product_cat","embeddable":true,"href":"https:\/\/vitalstoffversand.com\/pl\/wp-json\/wp\/v2\/product_cat?post=65575"},{"taxonomy":"product_tag","embeddable":true,"href":"https:\/\/vitalstoffversand.com\/pl\/wp-json\/wp\/v2\/product_tag?post=65575"}],"curies":[{"name":"wp","href":"https:\/\/api.w.org\/{rel}","templated":true}]}}