{"id":65561,"date":"2025-06-11T14:46:24","date_gmt":"2025-06-11T12:46:24","guid":{"rendered":"https:\/\/vitalstoffversand.com\/produkt\/vit4ever-shaker-stalowy-700-ml\/"},"modified":"2025-06-11T14:46:24","modified_gmt":"2025-06-11T12:46:24","slug":"vit4ever-shaker-stalowy-700-ml","status":"publish","type":"product","link":"https:\/\/vitalstoffversand.com\/pl\/produkt-pl\/vit4ever-shaker-stalowy-700-ml\/","title":{"rendered":"Vit4ever <br>Shaker stalowy &#8211; 700 ml"},"content":{"rendered":"<p>Wysokiej jako\u015bci shaker do bia\u0142ek ze stali nierdzewnej o eleganckim wygl\u0105dzie i doskona\u0142ej funkcjonalno\u015bci.<\/p>\n<p>Cechy produktu:<\/p>\n<ul>\n<li>Kolor: bia\u0142o-zielony<\/li>\n<li>Pojemno\u015b\u0107: 700 ml<\/li>\n<li>Solidny i trwa\u0142y: Wysokiej jako\u015bci stal nierdzewna 18\/8 wytrzymuje nawet najci\u0119\u017csze sesje treningowe i zapewnia d\u0142ug\u0105 \u017cywotno\u015b\u0107.<\/li>\n<li>100% szczelno\u015bci: zakr\u0119tka i uszczelki gwarantuj\u0105 absolutn\u0105 szczelno\u015b\u0107.<\/li>\n<li>Idealna temperatura: Utrzymuje zimne napoje zimne i gor\u0105ce napoje gor\u0105ce.<\/li>\n<li>Bezzapachowy: stal nierdzewna zapobiega powstawaniu nieprzyjemnych zapach\u00f3w i pozosta\u0142o\u015bci smakowych.<\/li>\n<li>\u0141atwy w czyszczeniu: nadaje si\u0119 do mycia w zmywarce, co zapewnia \u0142atw\u0105 higien\u0119.<\/li>\n<li>Wszechstronny i uniwersalny: idealny do koktajli proteinowych, smoothie, wody i napoj\u00f3w przedtreningowych.<\/li>\n<li>Owocowy smak: wyjmowany zaparzacz do owoc\u00f3w i sitko do aromatycznych napoj\u00f3w.<\/li>\n<\/ul>\n","protected":false},"excerpt":{"rendered":"<p>Wysokiej jako\u015bci shaker do bia\u0142ek ze stali nierdzewnej o eleganckim wygl\u0105dzie i doskona\u0142ej funkcjonalno\u015bci. Cechy produktu: Kolor: bia\u0142o-zielony Pojemno\u015b\u0107: 700 ml Solidny i trwa\u0142y: Wysokiej jako\u015bci stal nierdzewna 18\/8 wytrzymuje nawet najci\u0119\u017csze sesje treningowe i zapewnia d\u0142ug\u0105 \u017cywotno\u015b\u0107. 100% szczelno\u015bci: zakr\u0119tka i uszczelki gwarantuj\u0105 absolutn\u0105 szczelno\u015b\u0107. Idealna temperatura: Utrzymuje zimne napoje zimne i gor\u0105ce napoje [&hellip;]<\/p>\n","protected":false},"featured_media":58993,"template":"","meta":{"_acf_changed":false},"product_brand":[10220],"product_cat":[571,569],"product_tag":[],"class_list":{"0":"post-65561","1":"product","2":"type-product","3":"status-publish","4":"has-post-thumbnail","6":"product_brand-vit4ever-pl","7":"product_cat-akcesoria-i-rozne","8":"product_cat-produkty-od-a-z","10":"first","11":"instock","12":"taxable","13":"shipping-taxable","14":"purchasable","15":"product-type-simple"},"acf":[],"_links":{"self":[{"href":"https:\/\/vitalstoffversand.com\/pl\/wp-json\/wp\/v2\/product\/65561","targetHints":{"allow":["GET"]}}],"collection":[{"href":"https:\/\/vitalstoffversand.com\/pl\/wp-json\/wp\/v2\/product"}],"about":[{"href":"https:\/\/vitalstoffversand.com\/pl\/wp-json\/wp\/v2\/types\/product"}],"wp:featuredmedia":[{"embeddable":true,"href":"https:\/\/vitalstoffversand.com\/pl\/wp-json\/wp\/v2\/media\/58993"}],"wp:attachment":[{"href":"https:\/\/vitalstoffversand.com\/pl\/wp-json\/wp\/v2\/media?parent=65561"}],"wp:term":[{"taxonomy":"product_brand","embeddable":true,"href":"https:\/\/vitalstoffversand.com\/pl\/wp-json\/wp\/v2\/product_brand?post=65561"},{"taxonomy":"product_cat","embeddable":true,"href":"https:\/\/vitalstoffversand.com\/pl\/wp-json\/wp\/v2\/product_cat?post=65561"},{"taxonomy":"product_tag","embeddable":true,"href":"https:\/\/vitalstoffversand.com\/pl\/wp-json\/wp\/v2\/product_tag?post=65561"}],"curies":[{"name":"wp","href":"https:\/\/api.w.org\/{rel}","templated":true}]}}