{"id":65548,"date":"2025-09-02T15:08:53","date_gmt":"2025-09-02T13:08:53","guid":{"rendered":"https:\/\/vitalstoffversand.com\/produkt\/vit4ever-olej-z-wiesiolka-180-kapsulek\/"},"modified":"2026-03-21T15:54:04","modified_gmt":"2026-03-21T14:54:04","slug":"vit4ever-olej-z-wiesiolka-180-kapsulek","status":"publish","type":"product","link":"https:\/\/vitalstoffversand.com\/pl\/produkt-pl\/vit4ever-olej-z-wiesiolka-180-kapsulek\/","title":{"rendered":"Vit4ever <br>Olej z wiesio\u0142ka \u2013 180 kapsu\u0142ek"},"content":{"rendered":"<p>Kapsu\u0142ki z olejem z wiesio\u0142ka zawieraj\u0105 10% kwasu gamma-linolenowego (GLA) oraz kwas linolenowy, kt\u00f3ry jest kwasem t\u0142uszczowym z grupy omega-6.<\/p>\n<p>Ponadto zawiera nienasycone kwasy t\u0142uszczowe, r\u00f3\u017cne aminokwasy, minera\u0142y oraz witamin\u0119 E.<\/p>\n<p>Olej z wiesio\u0142ka mo\u017ce mie\u0107 pozytywny wp\u0142yw na sk\u00f3r\u0119 i jest cz\u0119sto stosowany w medycynie ludowej w przypadku chor\u00f3b sk\u00f3ry i suchej sk\u00f3ry.<\/p>\n<ul>\n<li>Bez glutenu<\/li>\n<li>Bez laktozy<\/li>\n<li>Bez GMO<\/li>\n<li>Wyprodukowane zgodnie z surowymi normami jako\u015bci UE<\/li>\n<\/ul>\n","protected":false},"excerpt":{"rendered":"<p>Kapsu\u0142ki z olejem z wiesio\u0142ka zawieraj\u0105 10% kwasu gamma-linolenowego (GLA) oraz kwas linolenowy, kt\u00f3ry jest kwasem t\u0142uszczowym z grupy omega-6. Ponadto zawiera nienasycone kwasy t\u0142uszczowe, r\u00f3\u017cne aminokwasy, minera\u0142y oraz witamin\u0119 E. Olej z wiesio\u0142ka mo\u017ce mie\u0107 pozytywny wp\u0142yw na sk\u00f3r\u0119 i jest cz\u0119sto stosowany w medycynie ludowej w przypadku chor\u00f3b sk\u00f3ry i suchej sk\u00f3ry. Bez [&hellip;]<\/p>\n","protected":false},"featured_media":65532,"template":"","meta":{"_acf_changed":false},"product_brand":[10220],"product_cat":[553,569],"product_tag":[],"class_list":{"0":"post-65548","1":"product","2":"type-product","3":"status-publish","4":"has-post-thumbnail","6":"product_brand-vit4ever-pl","7":"product_cat-kwasy-tluszczowe","8":"product_cat-produkty-od-a-z","10":"first","11":"instock","12":"taxable","13":"shipping-taxable","14":"purchasable","15":"product-type-simple"},"acf":[],"_links":{"self":[{"href":"https:\/\/vitalstoffversand.com\/pl\/wp-json\/wp\/v2\/product\/65548","targetHints":{"allow":["GET"]}}],"collection":[{"href":"https:\/\/vitalstoffversand.com\/pl\/wp-json\/wp\/v2\/product"}],"about":[{"href":"https:\/\/vitalstoffversand.com\/pl\/wp-json\/wp\/v2\/types\/product"}],"wp:featuredmedia":[{"embeddable":true,"href":"https:\/\/vitalstoffversand.com\/pl\/wp-json\/wp\/v2\/media\/65532"}],"wp:attachment":[{"href":"https:\/\/vitalstoffversand.com\/pl\/wp-json\/wp\/v2\/media?parent=65548"}],"wp:term":[{"taxonomy":"product_brand","embeddable":true,"href":"https:\/\/vitalstoffversand.com\/pl\/wp-json\/wp\/v2\/product_brand?post=65548"},{"taxonomy":"product_cat","embeddable":true,"href":"https:\/\/vitalstoffversand.com\/pl\/wp-json\/wp\/v2\/product_cat?post=65548"},{"taxonomy":"product_tag","embeddable":true,"href":"https:\/\/vitalstoffversand.com\/pl\/wp-json\/wp\/v2\/product_tag?post=65548"}],"curies":[{"name":"wp","href":"https:\/\/api.w.org\/{rel}","templated":true}]}}