{"id":65506,"date":"2025-09-19T17:21:38","date_gmt":"2025-09-19T15:21:38","guid":{"rendered":"https:\/\/vitalstoffversand.com\/produkt\/gen-olej-rybny-omega-3-300-kapsulek\/"},"modified":"2026-03-21T15:53:39","modified_gmt":"2026-03-21T14:53:39","slug":"gen-olej-rybny-omega-3-300-kapsulek","status":"publish","type":"product","link":"https:\/\/vitalstoffversand.com\/pl\/produkt-pl\/gen-olej-rybny-omega-3-300-kapsulek\/","title":{"rendered":"GEN <br>Olej rybny Omega 3 \u2013 300 kapsu\u0142ek"},"content":{"rendered":"<p>Kwasy t\u0142uszczowe omega 3 s\u0105 niezb\u0119dne dla naszego organizmu i musz\u0105 by\u0107 przyjmowane z po\u017cywieniem.<\/p>\n<p>Ka\u017cda kapsu\u0142ka z olejem rybnym omega-3 dostarcza 1000 mg oleju rybnego, z czego 800 mg to czyste kwasy omega-3. Sk\u0142adaj\u0105 si\u0119 one z 500 mg EPA i 250 mg DHA.<\/p>\n<p>Stosunek EPA:DHA wynosz\u0105cy 2:1 odpowiada zalecanemu naukowo stosunkowi kwasu eikozapentaenowego do kwasu dokozaheksaenowego.<\/p>\n<p>Dzi\u0119ki postaci tr\u00f3jglicerydowej kwasy omega-3 charakteryzuj\u0105 si\u0119 wysok\u0105 biodost\u0119pno\u015bci\u0105 i s\u0105 optymalnie przyswajane przez organizm.<\/p>\n<ul>\n<li>Bez glutenu<\/li>\n<li>Bez laktozy<\/li>\n<li>Bez GMO<\/li>\n<li>Wyprodukowane zgodnie z surowymi normami jako\u015bci UE<\/li>\n<\/ul>\n","protected":false},"excerpt":{"rendered":"<p>Kwasy t\u0142uszczowe omega 3 s\u0105 niezb\u0119dne dla naszego organizmu i musz\u0105 by\u0107 przyjmowane z po\u017cywieniem. Ka\u017cda kapsu\u0142ka z olejem rybnym omega-3 dostarcza 1000 mg oleju rybnego, z czego 800 mg to czyste kwasy omega-3. Sk\u0142adaj\u0105 si\u0119 one z 500 mg EPA i 250 mg DHA. Stosunek EPA:DHA wynosz\u0105cy 2:1 odpowiada zalecanemu naukowo stosunkowi kwasu eikozapentaenowego [&hellip;]<\/p>\n","protected":false},"featured_media":48990,"template":"","meta":{"_acf_changed":false},"product_brand":[10199],"product_cat":[553,569],"product_tag":[],"class_list":{"0":"post-65506","1":"product","2":"type-product","3":"status-publish","4":"has-post-thumbnail","6":"product_brand-gen-german-elite-nutrition-pl","7":"product_cat-kwasy-tluszczowe","8":"product_cat-produkty-od-a-z","10":"first","11":"instock","12":"taxable","13":"shipping-taxable","14":"purchasable","15":"product-type-simple"},"acf":[],"_links":{"self":[{"href":"https:\/\/vitalstoffversand.com\/pl\/wp-json\/wp\/v2\/product\/65506","targetHints":{"allow":["GET"]}}],"collection":[{"href":"https:\/\/vitalstoffversand.com\/pl\/wp-json\/wp\/v2\/product"}],"about":[{"href":"https:\/\/vitalstoffversand.com\/pl\/wp-json\/wp\/v2\/types\/product"}],"wp:featuredmedia":[{"embeddable":true,"href":"https:\/\/vitalstoffversand.com\/pl\/wp-json\/wp\/v2\/media\/48990"}],"wp:attachment":[{"href":"https:\/\/vitalstoffversand.com\/pl\/wp-json\/wp\/v2\/media?parent=65506"}],"wp:term":[{"taxonomy":"product_brand","embeddable":true,"href":"https:\/\/vitalstoffversand.com\/pl\/wp-json\/wp\/v2\/product_brand?post=65506"},{"taxonomy":"product_cat","embeddable":true,"href":"https:\/\/vitalstoffversand.com\/pl\/wp-json\/wp\/v2\/product_cat?post=65506"},{"taxonomy":"product_tag","embeddable":true,"href":"https:\/\/vitalstoffversand.com\/pl\/wp-json\/wp\/v2\/product_tag?post=65506"}],"curies":[{"name":"wp","href":"https:\/\/api.w.org\/{rel}","templated":true}]}}