{"id":65491,"date":"2026-01-13T18:19:22","date_gmt":"2026-01-13T17:19:22","guid":{"rendered":"https:\/\/vitalstoffversand.com\/produkt\/gen-creapure-monohydrat-kreatyny-500-g\/"},"modified":"2026-03-21T15:52:21","modified_gmt":"2026-03-21T14:52:21","slug":"gen-creapure-monohydrat-kreatyny-500-g","status":"publish","type":"product","link":"https:\/\/vitalstoffversand.com\/pl\/produkt-pl\/gen-creapure-monohydrat-kreatyny-500-g\/","title":{"rendered":"GEN <br>Creapure\u00ae \u2013 monohydrat kreatyny \u2013 500 g"},"content":{"rendered":"<p>Monohydrat kreatyny w znanej i sprawdzonej jako\u015bci Creapure\u00ae.<\/p>\n<p>Markowy surowiec Creapure\u00ae jest produkowany w Niemczech i charakteryzuje si\u0119 najwy\u017csz\u0105 czysto\u015bci\u0105 oraz jako\u015bci\u0105.<\/p>\n<ul>\n<li>Wegan<\/li>\n<li>Bez glutenu<\/li>\n<li>Bez laktozy<\/li>\n<li>Bez GMO<\/li>\n<li>Wyprodukowane zgodnie z surowymi normami jako\u015bci UE<\/li>\n<\/ul>\n<p>&nbsp;<\/p>\n","protected":false},"excerpt":{"rendered":"<p>Monohydrat kreatyny w znanej i sprawdzonej jako\u015bci Creapure\u00ae. Markowy surowiec Creapure\u00ae jest produkowany w Niemczech i charakteryzuje si\u0119 najwy\u017csz\u0105 czysto\u015bci\u0105 oraz jako\u015bci\u0105. Wegan Bez glutenu Bez laktozy Bez GMO Wyprodukowane zgodnie z surowymi normami jako\u015bci UE &nbsp;<\/p>\n","protected":false},"featured_media":65486,"template":"","meta":{"_acf_changed":false},"product_brand":[10199],"product_cat":[569,561],"product_tag":[],"class_list":{"0":"post-65491","1":"product","2":"type-product","3":"status-publish","4":"has-post-thumbnail","6":"product_brand-gen-german-elite-nutrition-pl","7":"product_cat-produkty-od-a-z","8":"product_cat-suplementy-sportowe","10":"first","11":"outofstock","12":"taxable","13":"shipping-taxable","14":"purchasable","15":"product-type-simple"},"acf":[],"_links":{"self":[{"href":"https:\/\/vitalstoffversand.com\/pl\/wp-json\/wp\/v2\/product\/65491","targetHints":{"allow":["GET"]}}],"collection":[{"href":"https:\/\/vitalstoffversand.com\/pl\/wp-json\/wp\/v2\/product"}],"about":[{"href":"https:\/\/vitalstoffversand.com\/pl\/wp-json\/wp\/v2\/types\/product"}],"wp:featuredmedia":[{"embeddable":true,"href":"https:\/\/vitalstoffversand.com\/pl\/wp-json\/wp\/v2\/media\/65486"}],"wp:attachment":[{"href":"https:\/\/vitalstoffversand.com\/pl\/wp-json\/wp\/v2\/media?parent=65491"}],"wp:term":[{"taxonomy":"product_brand","embeddable":true,"href":"https:\/\/vitalstoffversand.com\/pl\/wp-json\/wp\/v2\/product_brand?post=65491"},{"taxonomy":"product_cat","embeddable":true,"href":"https:\/\/vitalstoffversand.com\/pl\/wp-json\/wp\/v2\/product_cat?post=65491"},{"taxonomy":"product_tag","embeddable":true,"href":"https:\/\/vitalstoffversand.com\/pl\/wp-json\/wp\/v2\/product_tag?post=65491"}],"curies":[{"name":"wp","href":"https:\/\/api.w.org\/{rel}","templated":true}]}}