{"id":65440,"date":"2026-01-13T15:09:03","date_gmt":"2026-01-13T14:09:03","guid":{"rendered":"https:\/\/vitalstoffversand.com\/produkt\/gen-kidney-essentials-270-kapsulek\/"},"modified":"2026-03-21T15:52:25","modified_gmt":"2026-03-21T14:52:25","slug":"gen-kidney-essentials-270-kapsulek","status":"publish","type":"product","link":"https:\/\/vitalstoffversand.com\/pl\/produkt-pl\/gen-kidney-essentials-270-kapsulek\/","title":{"rendered":"GEN <br>Kidney Essentials \u2013 270 kapsu\u0142ek"},"content":{"rendered":"<p>Sze\u015b\u0107 wyselekcjonowanych ekstrakt\u00f3w ro\u015blinnych w wysokich dawkach stanowi podstaw\u0119 preparatu Kidney Essentials.<\/p>\n<p>Wysokiej jako\u015bci ekstrakty z tr\u00f3jlistkowego, pokrzywy, wi\u015bni, kory sosny, selera i naw\u0142oci.<\/p>\n<ul>\n<li>Wegan<\/li>\n<li>Bez glutenu<\/li>\n<li>Bez laktozy<\/li>\n<li>Bez GMO<\/li>\n<li>Wyprodukowane zgodnie z surowymi normami jako\u015bci UE<\/li>\n<\/ul>\n","protected":false},"excerpt":{"rendered":"<p>Sze\u015b\u0107 wyselekcjonowanych ekstrakt\u00f3w ro\u015blinnych w wysokich dawkach stanowi podstaw\u0119 preparatu Kidney Essentials. Wysokiej jako\u015bci ekstrakty z tr\u00f3jlistkowego, pokrzywy, wi\u015bni, kory sosny, selera i naw\u0142oci. Wegan Bez glutenu Bez laktozy Bez GMO Wyprodukowane zgodnie z surowymi normami jako\u015bci UE<\/p>\n","protected":false},"featured_media":65436,"template":"","meta":{"_acf_changed":false},"product_brand":[10199],"product_cat":[560,569],"product_tag":[],"class_list":{"0":"post-65440","1":"product","2":"type-product","3":"status-publish","4":"has-post-thumbnail","6":"product_brand-gen-german-elite-nutrition-pl","7":"product_cat-skladniki-odzywcze","8":"product_cat-produkty-od-a-z","10":"first","11":"instock","12":"taxable","13":"shipping-taxable","14":"purchasable","15":"product-type-simple"},"acf":[],"_links":{"self":[{"href":"https:\/\/vitalstoffversand.com\/pl\/wp-json\/wp\/v2\/product\/65440","targetHints":{"allow":["GET"]}}],"collection":[{"href":"https:\/\/vitalstoffversand.com\/pl\/wp-json\/wp\/v2\/product"}],"about":[{"href":"https:\/\/vitalstoffversand.com\/pl\/wp-json\/wp\/v2\/types\/product"}],"wp:featuredmedia":[{"embeddable":true,"href":"https:\/\/vitalstoffversand.com\/pl\/wp-json\/wp\/v2\/media\/65436"}],"wp:attachment":[{"href":"https:\/\/vitalstoffversand.com\/pl\/wp-json\/wp\/v2\/media?parent=65440"}],"wp:term":[{"taxonomy":"product_brand","embeddable":true,"href":"https:\/\/vitalstoffversand.com\/pl\/wp-json\/wp\/v2\/product_brand?post=65440"},{"taxonomy":"product_cat","embeddable":true,"href":"https:\/\/vitalstoffversand.com\/pl\/wp-json\/wp\/v2\/product_cat?post=65440"},{"taxonomy":"product_tag","embeddable":true,"href":"https:\/\/vitalstoffversand.com\/pl\/wp-json\/wp\/v2\/product_tag?post=65440"}],"curies":[{"name":"wp","href":"https:\/\/api.w.org\/{rel}","templated":true}]}}